{"id":1005,"date":"2024-06-01T00:51:53","date_gmt":"2024-06-01T03:51:53","guid":{"rendered":"https:\/\/novo.nteditora.com.br\/loja\/?post_type=product&#038;p=1005"},"modified":"2024-08-20T16:56:51","modified_gmt":"2024-08-20T19:56:51","slug":"combo-livro-curso-sql-modelo-entidade-relacionamento","status":"publish","type":"product","link":"http:\/\/novo.nteditora.com.br\/loja\/produto\/combo-livro-curso-sql-modelo-entidade-relacionamento\/","title":{"rendered":"Combo Livro + Curso | SQL Modelo Entidade-relacionamento"},"content":{"rendered":"","protected":false},"excerpt":{"rendered":"<p>Neste combo, voc\u00ea ter\u00e1 acesso ao <strong>Livro e o Curso Online de SQL Modelo Entidade-relacionamento.<\/strong><\/p>\n<div id=\"nav-desc\" class=\"tab-pane fade show active\" role=\"tabpanel\" aria-labelledby=\"nav-desc-tab\">Com a informatiza\u00e7\u00e3o cada vez mais presente em nossas vidas, a quantidade de dados necess\u00e1ria aos neg\u00f3cios cresceu. Para que as organiza\u00e7\u00f5es fa\u00e7am uso de seus dados, com o intuito de melhorar sua performance, \u00e9 necess\u00e1rio que tais dados virem informa\u00e7\u00e3o \u00fatil. Nesse sentido, os bancos de dados relacionais t\u00eam prestado grande contribui\u00e7\u00e3o h\u00e1 d\u00e9cadas. Grandes sistemas, aplica\u00e7\u00f5es, aplicativos m\u00f3veis e sistemas web guardam seus dados em bancos de dados e os utilizam para passar as informa\u00e7\u00f5es sob as mais diversas perspectivas a cada tipo de usu\u00e1rio. Neste material, voc\u00ea ter\u00e1 a oportunidade de adquirir e consolidar conhecimentos sobre SQL em oito li\u00e7\u00f5es. Conceitos b\u00e1sicos ser\u00e3o apresentados sempre com a utiliza\u00e7\u00e3o de exemplos, e voc\u00ea poder\u00e1 fixar o conte\u00fado por meio de quest\u00f5es ao final de cada li\u00e7\u00e3o.<\/div>\n<p><strong>Informa\u00e7\u00f5es do Curso:<\/strong><\/p>\n<ul>\n<li><strong>Tempo para Conclus\u00e3o:<\/strong> 2 meses<\/li>\n<li><strong>Carga hor\u00e1ria: <\/strong>60 h<\/li>\n<\/ul>\n<div class=\"botao-livro-curso\"><button class=\"botao-demo\"><a class=\"link-demo\" href=\"https:\/\/novo.nteditora.com.br\/demos\/tecnico\/MER_livro_demo.pdf\" target=\"_blank\" rel=\"noopener\">Leia o primeiro cap\u00edtulo GR\u00c1TIS<\/a><\/button><br \/>\n<button class=\"botao-demo\"><a class=\"link-demo\" href=\"https:\/\/avant.grupont.com.br\/dirVirtualLMS\/portais\/demos-html5\/mer\/index.html\" target=\"_blank\" rel=\"noopener\">Fa\u00e7a um degusta\u00e7\u00e3o GR\u00c1TIS<\/a><\/button><\/div>\n","protected":false},"featured_media":1064,"template":"","meta":[],"product_brand":[],"product_cat":[29],"product_tag":[],"class_list":{"0":"post-1005","1":"product","2":"type-product","3":"status-publish","4":"has-post-thumbnail","6":"product_cat-combos","8":"first","9":"instock","10":"sold-individually","11":"taxable","12":"shipping-taxable","13":"purchasable","14":"product-type-wooco"},"_links":{"self":[{"href":"http:\/\/novo.nteditora.com.br\/loja\/wp-json\/wp\/v2\/product\/1005","targetHints":{"allow":["GET"]}}],"collection":[{"href":"http:\/\/novo.nteditora.com.br\/loja\/wp-json\/wp\/v2\/product"}],"about":[{"href":"http:\/\/novo.nteditora.com.br\/loja\/wp-json\/wp\/v2\/types\/product"}],"wp:featuredmedia":[{"embeddable":true,"href":"http:\/\/novo.nteditora.com.br\/loja\/wp-json\/wp\/v2\/media\/1064"}],"wp:attachment":[{"href":"http:\/\/novo.nteditora.com.br\/loja\/wp-json\/wp\/v2\/media?parent=1005"}],"wp:term":[{"taxonomy":"product_brand","embeddable":true,"href":"http:\/\/novo.nteditora.com.br\/loja\/wp-json\/wp\/v2\/product_brand?post=1005"},{"taxonomy":"product_cat","embeddable":true,"href":"http:\/\/novo.nteditora.com.br\/loja\/wp-json\/wp\/v2\/product_cat?post=1005"},{"taxonomy":"product_tag","embeddable":true,"href":"http:\/\/novo.nteditora.com.br\/loja\/wp-json\/wp\/v2\/product_tag?post=1005"}],"curies":[{"name":"wp","href":"https:\/\/api.w.org\/{rel}","templated":true}]}}