{"id":1011,"date":"2024-05-29T00:23:43","date_gmt":"2024-05-29T03:23:43","guid":{"rendered":"https:\/\/novo.nteditora.com.br\/loja\/?post_type=product&#038;p=1011"},"modified":"2024-08-20T15:55:52","modified_gmt":"2024-08-20T18:55:52","slug":"combo-livro-curso-mecanica-aplicada-a-sistemas-automotivos","status":"publish","type":"product","link":"http:\/\/novo.nteditora.com.br\/loja\/produto\/combo-livro-curso-mecanica-aplicada-a-sistemas-automotivos\/","title":{"rendered":"Combo Livro + Curso | Mec\u00e2nica Aplicada a Sistemas Automotivos"},"content":{"rendered":"","protected":false},"excerpt":{"rendered":"<p>Neste combo, voc\u00ea ter\u00e1 acesso ao <strong>Livro e o Curso Online de Mec\u00e2nica Aplicada a Sistemas Automotivos.<\/strong><\/p>\n<div id=\"nav-desc\" class=\"tab-pane fade show active\" role=\"tabpanel\" aria-labelledby=\"nav-desc-tab\">apresenta ao leitor, em uma linguagem de f\u00e1cil compreens\u00e3o e ricamente ilustrado, os principais componentes mec\u00e2nicos existentes em um autom\u00f3vel, com o objetivo de capacita-lo a identificar, compreender sua fun\u00e7\u00e3o e modo de funcionamento e as for\u00e7as f\u00edsicas atuantes, de modo a fazer as manuten\u00e7\u00f5es corretivas e preventivas necess\u00e1rias.<\/div>\n<p><strong>Informa\u00e7\u00f5es do Curso:<\/strong><\/p>\n<ul>\n<li><strong>Tempo para Conclus\u00e3o:<\/strong> 3 meses<\/li>\n<li><strong>Carga hor\u00e1ria: <\/strong>80 h<\/li>\n<\/ul>\n<div class=\"botao-livro-curso\"><button class=\"botao-demo\"><a class=\"link-demo\" href=\"https:\/\/novo.nteditora.com.br\/demos\/tecnico\/MAS_livro_demo.pdf\" target=\"_blank\" rel=\"noopener\">Leia o primeiro cap\u00edtulo GR\u00c1TIS<\/a><\/button><br \/>\n<button class=\"botao-demo\"><a class=\"link-demo\" href=\"https:\/\/avant.grupont.com.br\/dirVirtualLMS\/portais\/demos-html5\/mas\/index.html\" target=\"_blank\" rel=\"noopener\">Fa\u00e7a um degusta\u00e7\u00e3o GR\u00c1TIS<\/a><\/button><\/div>\n","protected":false},"featured_media":1071,"template":"","meta":[],"product_brand":[],"product_cat":[29],"product_tag":[],"class_list":{"0":"post-1011","1":"product","2":"type-product","3":"status-publish","4":"has-post-thumbnail","6":"product_cat-combos","8":"first","9":"instock","10":"sold-individually","11":"taxable","12":"shipping-taxable","13":"purchasable","14":"product-type-wooco"},"_links":{"self":[{"href":"http:\/\/novo.nteditora.com.br\/loja\/wp-json\/wp\/v2\/product\/1011","targetHints":{"allow":["GET"]}}],"collection":[{"href":"http:\/\/novo.nteditora.com.br\/loja\/wp-json\/wp\/v2\/product"}],"about":[{"href":"http:\/\/novo.nteditora.com.br\/loja\/wp-json\/wp\/v2\/types\/product"}],"wp:featuredmedia":[{"embeddable":true,"href":"http:\/\/novo.nteditora.com.br\/loja\/wp-json\/wp\/v2\/media\/1071"}],"wp:attachment":[{"href":"http:\/\/novo.nteditora.com.br\/loja\/wp-json\/wp\/v2\/media?parent=1011"}],"wp:term":[{"taxonomy":"product_brand","embeddable":true,"href":"http:\/\/novo.nteditora.com.br\/loja\/wp-json\/wp\/v2\/product_brand?post=1011"},{"taxonomy":"product_cat","embeddable":true,"href":"http:\/\/novo.nteditora.com.br\/loja\/wp-json\/wp\/v2\/product_cat?post=1011"},{"taxonomy":"product_tag","embeddable":true,"href":"http:\/\/novo.nteditora.com.br\/loja\/wp-json\/wp\/v2\/product_tag?post=1011"}],"curies":[{"name":"wp","href":"https:\/\/api.w.org\/{rel}","templated":true}]}}