{"id":1024,"date":"2024-06-01T00:26:39","date_gmt":"2024-06-01T03:26:39","guid":{"rendered":"https:\/\/novo.nteditora.com.br\/loja\/?post_type=product&#038;p=1024"},"modified":"2024-08-20T15:43:30","modified_gmt":"2024-08-20T18:43:30","slug":"combo-livro-curso-linguagem-de-programacao-c","status":"publish","type":"product","link":"http:\/\/novo.nteditora.com.br\/loja\/produto\/combo-livro-curso-linguagem-de-programacao-c\/","title":{"rendered":"Combo Livro + Curso | Linguagem de Programa\u00e7\u00e3o C"},"content":{"rendered":"","protected":false},"excerpt":{"rendered":"<p>Neste combo, voc\u00ea ter\u00e1 acesso ao <strong>Livro e o Curso Online de Linguagem de Programa\u00e7\u00e3o C.<\/strong><\/p>\n<div id=\"nav-desc\" class=\"tab-pane fade show active\" role=\"tabpanel\" aria-labelledby=\"nav-desc-tab\">O C \u00e9 uma linguagem de programa\u00e7\u00e3o gen\u00e9rica que \u00e9 utilizada para a cria\u00e7\u00e3o de diversos programas como processadores de texto, planilhas eletr\u00f4nicas, sistemas operacionais, programas de comunica\u00e7\u00e3o, programas para a automa\u00e7\u00e3o industrial, gerenciadores de bancos de dados, programas de projeto assistido por computador e outros. Neste livro voc\u00ea aprender\u00e1 os conceitos b\u00e1sicos da linguagem de programa\u00e7\u00e3o C que \u00e9 bastante popular entre programadores devido \u00e0 sua versatilidade e ao seu poder. Uma das grandes vantagens do C \u00e9 que ele possui tanto caracter\u00edsticas de &#8220;alto n\u00edvel&#8221; quanto de &#8220;baixo n\u00edvel&#8221;. Estudaremos de forma pr\u00e1tica e contextualizada a estrutura do ANSI C- o C padronizado pela ANSI &#8211; e, ao final desta leitura, voc\u00ea estar\u00e1 capacitado a implementar algoritmos em linguagem de programa\u00e7\u00e3o C, por meio de t\u00e9cnicas e boas pr\u00e1ticas de programa\u00e7\u00e3o no modelo estruturado.<\/div>\n<p><strong>Informa\u00e7\u00f5es do Curso:<\/strong><\/p>\n<ul>\n<li><strong>Tempo para Conclus\u00e3o:<\/strong> 3 meses<\/li>\n<li><strong>Carga hor\u00e1ria: <\/strong>80 h<\/li>\n<\/ul>\n<div class=\"botao-livro-curso\"><button class=\"botao-demo\"><a class=\"link-demo\" href=\"https:\/\/novo.nteditora.com.br\/demos\/tecnico\/LPC_livro_demo.pdf\" target=\"_blank\" rel=\"noopener\">Leia o primeiro cap\u00edtulo GR\u00c1TIS<\/a><\/button><br \/>\n<button class=\"botao-demo\"><a class=\"link-demo\" href=\"https:\/\/avant.grupont.com.br\/dirVirtualLMS\/portais\/demos-html5\/lpc\/index.html\" target=\"_blank\" rel=\"noopener\">Fa\u00e7a um degusta\u00e7\u00e3o GR\u00c1TIS<\/a><\/button><\/div>\n","protected":false},"featured_media":2642,"template":"","meta":[],"product_brand":[],"product_cat":[29],"product_tag":[],"class_list":{"0":"post-1024","1":"product","2":"type-product","3":"status-publish","4":"has-post-thumbnail","6":"product_cat-combos","8":"first","9":"instock","10":"sold-individually","11":"taxable","12":"shipping-taxable","13":"purchasable","14":"product-type-wooco"},"_links":{"self":[{"href":"http:\/\/novo.nteditora.com.br\/loja\/wp-json\/wp\/v2\/product\/1024","targetHints":{"allow":["GET"]}}],"collection":[{"href":"http:\/\/novo.nteditora.com.br\/loja\/wp-json\/wp\/v2\/product"}],"about":[{"href":"http:\/\/novo.nteditora.com.br\/loja\/wp-json\/wp\/v2\/types\/product"}],"wp:featuredmedia":[{"embeddable":true,"href":"http:\/\/novo.nteditora.com.br\/loja\/wp-json\/wp\/v2\/media\/2642"}],"wp:attachment":[{"href":"http:\/\/novo.nteditora.com.br\/loja\/wp-json\/wp\/v2\/media?parent=1024"}],"wp:term":[{"taxonomy":"product_brand","embeddable":true,"href":"http:\/\/novo.nteditora.com.br\/loja\/wp-json\/wp\/v2\/product_brand?post=1024"},{"taxonomy":"product_cat","embeddable":true,"href":"http:\/\/novo.nteditora.com.br\/loja\/wp-json\/wp\/v2\/product_cat?post=1024"},{"taxonomy":"product_tag","embeddable":true,"href":"http:\/\/novo.nteditora.com.br\/loja\/wp-json\/wp\/v2\/product_tag?post=1024"}],"curies":[{"name":"wp","href":"https:\/\/api.w.org\/{rel}","templated":true}]}}