{"id":1032,"date":"2024-06-02T00:15:48","date_gmt":"2024-06-02T03:15:48","guid":{"rendered":"https:\/\/novo.nteditora.com.br\/loja\/?post_type=product&#038;p=1032"},"modified":"2024-08-20T15:38:11","modified_gmt":"2024-08-20T18:38:11","slug":"combo-livro-curso-legislacao-da-construcao-civil","status":"publish","type":"product","link":"http:\/\/novo.nteditora.com.br\/loja\/produto\/combo-livro-curso-legislacao-da-construcao-civil\/","title":{"rendered":"Combo Livro + Curso | Legisla\u00e7\u00e3o da constru\u00e7\u00e3o civil"},"content":{"rendered":"","protected":false},"excerpt":{"rendered":"<p>Neste combo, voc\u00ea ter\u00e1 acesso ao <strong>Livro e o Curso Online de Legisla\u00e7\u00e3o da constru\u00e7\u00e3o civil.<\/strong><\/p>\n<div id=\"nav-desc\" class=\"tab-pane fade show active\" role=\"tabpanel\" aria-labelledby=\"nav-desc-tab\">Aborda assuntos pertinentes \u00e0 legisla\u00e7\u00e3o aplicada \u00e0 constru\u00e7\u00e3o civil, iniciando com as institui\u00e7\u00f5es e os \u00f3rg\u00e3os regulamentadores que ditam as principais normas, as legisla\u00e7\u00f5es trabalhistas vigentes do setor construtivo em sua esfera federal. Tamb\u00e9m \u00e9 apresentado de forma sint\u00e9tica, o conte\u00fado da Lei n\u00ba 10.257, de 10 de julho de 2001, denominada Estatuto das Cidades, e sua relev\u00e2ncia \u00e0 disciplina, al\u00e9m de tratar sobre o Sistema CONFEA\/CREA, hist\u00f3rico, finalidade e regulamenta\u00e7\u00f5es impostas por esses \u00f3rg\u00e3os. Al\u00e9m do mais ser\u00e1 apresentado as documenta\u00e7\u00f5es necess\u00e1rias \u00e0 regulariza\u00e7\u00e3o de uma obra, explicitando como devem ser obtidas e sua import\u00e2ncia no processo de regulariza\u00e7\u00e3o da obra. Como o setor da constru\u00e7\u00e3o civil est\u00e1 submetido as leis ambientais e concord\u00e2ncia desse setor frente a gest\u00e3o de res\u00edduos, prote\u00e7\u00e3o ambiental e as fases de licenciamento para obras.<\/div>\n<p><strong>Informa\u00e7\u00f5es do Curso:<\/strong><\/p>\n<ul>\n<li><strong>Tempo para Conclus\u00e3o:<\/strong> 2 meses<\/li>\n<li><strong>Carga hor\u00e1ria: <\/strong>40 h<\/li>\n<\/ul>\n<div class=\"botao-livro-curso\"><button class=\"botao-demo\"><a class=\"link-demo\" href=\"https:\/\/novo.nteditora.com.br\/demos\/tecnico\/LCC_livro_demo.pdf\" target=\"_blank\" rel=\"noopener\">Leia o primeiro cap\u00edtulo GR\u00c1TIS<\/a><\/button><br \/>\n<button class=\"botao-demo\"><a class=\"link-demo\" href=\"https:\/\/avant.grupont.com.br\/dirVirtualLMS\/portais\/demos-html5\/lcc\/index.html\" target=\"_blank\" rel=\"noopener\">Fa\u00e7a um degusta\u00e7\u00e3o GR\u00c1TIS<\/a><\/button><\/div>\n","protected":false},"featured_media":1100,"template":"","meta":[],"product_brand":[],"product_cat":[29],"product_tag":[],"class_list":{"0":"post-1032","1":"product","2":"type-product","3":"status-publish","4":"has-post-thumbnail","6":"product_cat-combos","8":"first","9":"instock","10":"sold-individually","11":"taxable","12":"shipping-taxable","13":"purchasable","14":"product-type-wooco"},"_links":{"self":[{"href":"http:\/\/novo.nteditora.com.br\/loja\/wp-json\/wp\/v2\/product\/1032","targetHints":{"allow":["GET"]}}],"collection":[{"href":"http:\/\/novo.nteditora.com.br\/loja\/wp-json\/wp\/v2\/product"}],"about":[{"href":"http:\/\/novo.nteditora.com.br\/loja\/wp-json\/wp\/v2\/types\/product"}],"wp:featuredmedia":[{"embeddable":true,"href":"http:\/\/novo.nteditora.com.br\/loja\/wp-json\/wp\/v2\/media\/1100"}],"wp:attachment":[{"href":"http:\/\/novo.nteditora.com.br\/loja\/wp-json\/wp\/v2\/media?parent=1032"}],"wp:term":[{"taxonomy":"product_brand","embeddable":true,"href":"http:\/\/novo.nteditora.com.br\/loja\/wp-json\/wp\/v2\/product_brand?post=1032"},{"taxonomy":"product_cat","embeddable":true,"href":"http:\/\/novo.nteditora.com.br\/loja\/wp-json\/wp\/v2\/product_cat?post=1032"},{"taxonomy":"product_tag","embeddable":true,"href":"http:\/\/novo.nteditora.com.br\/loja\/wp-json\/wp\/v2\/product_tag?post=1032"}],"curies":[{"name":"wp","href":"https:\/\/api.w.org\/{rel}","templated":true}]}}