{"id":1156,"date":"2024-05-10T00:02:21","date_gmt":"2024-05-10T03:02:21","guid":{"rendered":"https:\/\/novo.nteditora.com.br\/loja\/?post_type=product&#038;p=1156"},"modified":"2024-08-20T09:34:11","modified_gmt":"2024-08-20T12:34:11","slug":"novas-regras-ortograficas-da-lingua-portuguesa","status":"publish","type":"product","link":"http:\/\/novo.nteditora.com.br\/loja\/produto\/novas-regras-ortograficas-da-lingua-portuguesa\/","title":{"rendered":"Novas Regras Ortogr\u00e1ficas da L\u00edngua Portuguesa"},"content":{"rendered":"","protected":false},"excerpt":{"rendered":"<p><strong>Ariadna de Oliveira Lima Coutinho<\/strong><\/p>\n<p>O livro Novas Regras Ortogr\u00e1ficas da L\u00edngua Portuguesa est\u00e1 organizado a partir de uma concep\u00e7\u00e3o moderna e abrangente da linguagem dial\u00f3gica. Explora a gram\u00e1tica do portugu\u00eas de modo funcional e realista, confrontando a variedade padr\u00e3o e as outras variedades da l\u00edngua contempor\u00e2nea a partir de quest\u00f5es pr\u00e1ticas do uso cotidiano da l\u00edngua. Este livro apresenta uma revis\u00e3o gramatical por meio de questionamentos, com a finalidade de discutir as dificuldades mais comumente encontradas na reda\u00e7\u00e3o de textos.<\/p>\n<div class=\"botao-livro-curso\"><button class=\"botao-demo\"><a class=\"link-demo\" href=\"https:\/\/novo.nteditora.com.br\/demos\/tecnico\/GRA_livro_demo.pdf\" target=\"_blank\" rel=\"noopener\">Leia o primeiro cap\u00edtulo GR\u00c1TIS<\/a><\/button><\/div>\n","protected":false},"featured_media":1157,"template":"","meta":[],"product_brand":[],"product_cat":[23,16],"product_tag":[],"class_list":{"0":"post-1156","1":"product","2":"type-product","3":"status-publish","4":"has-post-thumbnail","6":"product_cat-desenvolvimento-educacional","7":"product_cat-formacao-tecnico-e-profissional","9":"first","10":"onbackorder","11":"taxable","12":"shipping-taxable","13":"purchasable","14":"product-type-simple"},"_links":{"self":[{"href":"http:\/\/novo.nteditora.com.br\/loja\/wp-json\/wp\/v2\/product\/1156","targetHints":{"allow":["GET"]}}],"collection":[{"href":"http:\/\/novo.nteditora.com.br\/loja\/wp-json\/wp\/v2\/product"}],"about":[{"href":"http:\/\/novo.nteditora.com.br\/loja\/wp-json\/wp\/v2\/types\/product"}],"wp:featuredmedia":[{"embeddable":true,"href":"http:\/\/novo.nteditora.com.br\/loja\/wp-json\/wp\/v2\/media\/1157"}],"wp:attachment":[{"href":"http:\/\/novo.nteditora.com.br\/loja\/wp-json\/wp\/v2\/media?parent=1156"}],"wp:term":[{"taxonomy":"product_brand","embeddable":true,"href":"http:\/\/novo.nteditora.com.br\/loja\/wp-json\/wp\/v2\/product_brand?post=1156"},{"taxonomy":"product_cat","embeddable":true,"href":"http:\/\/novo.nteditora.com.br\/loja\/wp-json\/wp\/v2\/product_cat?post=1156"},{"taxonomy":"product_tag","embeddable":true,"href":"http:\/\/novo.nteditora.com.br\/loja\/wp-json\/wp\/v2\/product_tag?post=1156"}],"curies":[{"name":"wp","href":"https:\/\/api.w.org\/{rel}","templated":true}]}}