{"id":1229,"date":"2024-05-10T00:06:25","date_gmt":"2024-05-10T03:06:25","guid":{"rendered":"https:\/\/novo.nteditora.com.br\/loja\/?post_type=product&#038;p=1229"},"modified":"2024-08-20T09:34:15","modified_gmt":"2024-08-20T12:34:15","slug":"tecnicas-de-redacao","status":"publish","type":"product","link":"http:\/\/novo.nteditora.com.br\/loja\/produto\/tecnicas-de-redacao\/","title":{"rendered":"T\u00e9cnicas de Reda\u00e7\u00e3o"},"content":{"rendered":"","protected":false},"excerpt":{"rendered":"<p><strong>Jos\u00e9 Ricardo de Ara\u00fajo Moreira<\/strong><\/p>\n<p>Neste livro voc\u00ea ir\u00e1 aprender e desenvolver sua habilidade de escrever corretamente e com seguran\u00e7a, de forma clara e objetiva. O livro aborda todos os conceitos e t\u00e9cnicas necess\u00e1rias para que voc\u00ea esteja apto a escrever uma reda\u00e7\u00e3o t\u00e9cnica com efici\u00eancia e qualidade, como os processos a serem seguidos, o tipo de linguagem, a estrutura do texto, o espa\u00e7amento, a forma de iniciar e finalizar o texto, dentre outros.<\/p>\n<div class=\"botao-livro-curso\"><button class=\"botao-demo\"><a class=\"link-demo\" href=\"https:\/\/novo.nteditora.com.br\/demos\/tecnico\/TCR_livro_demo.pdf\" target=\"_blank\" rel=\"noopener\">Leia o primeiro cap\u00edtulo GR\u00c1TIS<\/a><\/button><\/div>\n","protected":false},"featured_media":1239,"template":"","meta":[],"product_brand":[],"product_cat":[23,16],"product_tag":[],"class_list":{"0":"post-1229","1":"product","2":"type-product","3":"status-publish","4":"has-post-thumbnail","6":"product_cat-desenvolvimento-educacional","7":"product_cat-formacao-tecnico-e-profissional","9":"first","10":"onbackorder","11":"taxable","12":"shipping-taxable","13":"purchasable","14":"product-type-simple"},"_links":{"self":[{"href":"http:\/\/novo.nteditora.com.br\/loja\/wp-json\/wp\/v2\/product\/1229","targetHints":{"allow":["GET"]}}],"collection":[{"href":"http:\/\/novo.nteditora.com.br\/loja\/wp-json\/wp\/v2\/product"}],"about":[{"href":"http:\/\/novo.nteditora.com.br\/loja\/wp-json\/wp\/v2\/types\/product"}],"wp:featuredmedia":[{"embeddable":true,"href":"http:\/\/novo.nteditora.com.br\/loja\/wp-json\/wp\/v2\/media\/1239"}],"wp:attachment":[{"href":"http:\/\/novo.nteditora.com.br\/loja\/wp-json\/wp\/v2\/media?parent=1229"}],"wp:term":[{"taxonomy":"product_brand","embeddable":true,"href":"http:\/\/novo.nteditora.com.br\/loja\/wp-json\/wp\/v2\/product_brand?post=1229"},{"taxonomy":"product_cat","embeddable":true,"href":"http:\/\/novo.nteditora.com.br\/loja\/wp-json\/wp\/v2\/product_cat?post=1229"},{"taxonomy":"product_tag","embeddable":true,"href":"http:\/\/novo.nteditora.com.br\/loja\/wp-json\/wp\/v2\/product_tag?post=1229"}],"curies":[{"name":"wp","href":"https:\/\/api.w.org\/{rel}","templated":true}]}}