{"id":1284,"date":"2024-05-15T00:05:07","date_gmt":"2024-05-15T03:05:07","guid":{"rendered":"https:\/\/novo.nteditora.com.br\/loja\/?post_type=product&#038;p=1284"},"modified":"2024-08-20T09:34:07","modified_gmt":"2024-08-20T12:34:07","slug":"higiene-saude-e-seguranca-no-trabalho","status":"publish","type":"product","link":"http:\/\/novo.nteditora.com.br\/loja\/produto\/higiene-saude-e-seguranca-no-trabalho\/","title":{"rendered":"Higiene, Sa\u00fade e Seguran\u00e7a no Trabalho"},"content":{"rendered":"","protected":false},"excerpt":{"rendered":"<p><strong>Di\u00f3genes da Silva Costa, Renata Frechiani Dalla Bernardina e Rosa Maria de Deus de Sousa<\/strong><\/p>\n<p>O livro possui a proposta de capacitar o aluno para desenvolver um racioc\u00ednio assertivo acerca da higiene e seguran\u00e7a no ambiente de trabalho, conceituando-a como o conjunto de a\u00e7\u00f5es voltadas para a preven\u00e7\u00e3o, minimiza\u00e7\u00e3o ou elimina\u00e7\u00e3o dos riscos inerentes \u00e0s atividades desenvolvidas nos processos de produ\u00e7\u00e3o, sa\u00fade, com\u00e9rcio e presta\u00e7\u00e3o de servi\u00e7os, observando os cuidados necess\u00e1rios para garantir a integridade f\u00edsica e ps\u00edquica do homem, bem como a preserva\u00e7\u00e3o do meio ambiente, tendo como par\u00e2metros o conhecimento da legisla\u00e7\u00e3o de forma atualizada.<\/p>\n<div class=\"botao-livro-curso\"><button class=\"botao-demo\"><a class=\"link-demo\" href=\"https:\/\/novo.nteditora.com.br\/demos\/tecnico\/HST_livro_demo.pdf\" target=\"_blank\" rel=\"noopener\">Leia o primeiro cap\u00edtulo GR\u00c1TIS<\/a><\/button><\/div>\n","protected":false},"featured_media":1292,"template":"","meta":[],"product_brand":[],"product_cat":[16,21],"product_tag":[],"class_list":{"0":"post-1284","1":"product","2":"type-product","3":"status-publish","4":"has-post-thumbnail","6":"product_cat-formacao-tecnico-e-profissional","7":"product_cat-seguranca","9":"first","10":"onbackorder","11":"taxable","12":"shipping-taxable","13":"purchasable","14":"product-type-simple"},"_links":{"self":[{"href":"http:\/\/novo.nteditora.com.br\/loja\/wp-json\/wp\/v2\/product\/1284","targetHints":{"allow":["GET"]}}],"collection":[{"href":"http:\/\/novo.nteditora.com.br\/loja\/wp-json\/wp\/v2\/product"}],"about":[{"href":"http:\/\/novo.nteditora.com.br\/loja\/wp-json\/wp\/v2\/types\/product"}],"wp:featuredmedia":[{"embeddable":true,"href":"http:\/\/novo.nteditora.com.br\/loja\/wp-json\/wp\/v2\/media\/1292"}],"wp:attachment":[{"href":"http:\/\/novo.nteditora.com.br\/loja\/wp-json\/wp\/v2\/media?parent=1284"}],"wp:term":[{"taxonomy":"product_brand","embeddable":true,"href":"http:\/\/novo.nteditora.com.br\/loja\/wp-json\/wp\/v2\/product_brand?post=1284"},{"taxonomy":"product_cat","embeddable":true,"href":"http:\/\/novo.nteditora.com.br\/loja\/wp-json\/wp\/v2\/product_cat?post=1284"},{"taxonomy":"product_tag","embeddable":true,"href":"http:\/\/novo.nteditora.com.br\/loja\/wp-json\/wp\/v2\/product_tag?post=1284"}],"curies":[{"name":"wp","href":"https:\/\/api.w.org\/{rel}","templated":true}]}}