{"id":1355,"date":"2024-05-28T00:01:45","date_gmt":"2024-05-28T03:01:45","guid":{"rendered":"https:\/\/novo.nteditora.com.br\/loja\/?post_type=product&#038;p=1355"},"modified":"2024-08-20T13:49:46","modified_gmt":"2024-08-20T16:49:46","slug":"combo-livro-curso-acoes-de-promocao-do-ambiente-saudavel","status":"publish","type":"product","link":"http:\/\/novo.nteditora.com.br\/loja\/produto\/combo-livro-curso-acoes-de-promocao-do-ambiente-saudavel\/","title":{"rendered":"Combo Livro + Curso | A\u00e7\u00f5es de Promo\u00e7\u00e3o do Ambiente Saud\u00e1vel"},"content":{"rendered":"","protected":false},"excerpt":{"rendered":"<p>Neste combo, voc\u00ea ter\u00e1 acesso ao <strong>Livro e o Curso Online de A\u00e7\u00f5es de Promo\u00e7\u00e3o do Ambiente Saud\u00e1vel.<\/strong><\/p>\n<div id=\"nav-desc\" class=\"tab-pane fade show active\" role=\"tabpanel\" aria-labelledby=\"nav-desc-tab\">Zelar pelo bem-estar e pela sa\u00fade das pessoas e da sociedade em geral \u00e9 um dever que o profissional de sa\u00fade executa com profissionalismo e dedica\u00e7\u00e3o. Sabendo que sa\u00fade engloba uma soma de fatores como trabalho, educa\u00e7\u00e3o, lazer, higiene pessoal, cultura, recrea\u00e7\u00e3o, moradia, ambiente de trabalho e alimenta\u00e7\u00e3o, esses profissionais devem envidar esfor\u00e7os para promover um ambiente que permita ao cidad\u00e3o atingir n\u00edveis \u00f3timos de sa\u00fade. Este livro apresenta os conceitos b\u00e1sicos de ambiente saud\u00e1vel, vigil\u00e2ncia em sa\u00fade, saneamento ambiental e medidas de preven\u00e7\u00e3o de riscos ambientais e sanit\u00e1rios. Tamb\u00e9m s\u00e3o abordados temas relativos \u00e0s doen\u00e7as prevalentes, \u00e0s a\u00e7\u00f5es de preven\u00e7\u00e3o individual e coletiva e de risco ambiental, al\u00e9m de outros assuntos de interesse do profissional da sa\u00fade na suas a\u00e7\u00f5es preventivas.<\/div>\n<p><strong>Informa\u00e7\u00f5es do Curso:<\/strong><\/p>\n<ul>\n<li><strong>Tempo para Conclus\u00e3o:<\/strong> 3 meses<\/li>\n<li><strong>Carga hor\u00e1ria: <\/strong>80 h<\/li>\n<\/ul>\n<div class=\"botao-livro-curso\"><button class=\"botao-demo\"><a class=\"link-demo\" href=\"https:\/\/novo.nteditora.com.br\/demos\/tecnico\/AMS_livro_demo.pdf\" target=\"_blank\" rel=\"noopener\">Leia o primeiro cap\u00edtulo GR\u00c1TIS<\/a><\/button><br \/>\n<button class=\"botao-demo\"><a class=\"link-demo\" href=\"https:\/\/avant.grupont.com.br\/dirVirtualLMS\/portais\/demos-html5\/ams\/index.html\" target=\"_blank\" rel=\"noopener\">Fa\u00e7a um degusta\u00e7\u00e3o GR\u00c1TIS<\/a><\/button><\/div>\n","protected":false},"featured_media":696,"template":"","meta":[],"product_brand":[],"product_cat":[29],"product_tag":[],"class_list":{"0":"post-1355","1":"product","2":"type-product","3":"status-publish","4":"has-post-thumbnail","6":"product_cat-combos","8":"first","9":"instock","10":"sold-individually","11":"taxable","12":"shipping-taxable","13":"purchasable","14":"product-type-wooco"},"_links":{"self":[{"href":"http:\/\/novo.nteditora.com.br\/loja\/wp-json\/wp\/v2\/product\/1355","targetHints":{"allow":["GET"]}}],"collection":[{"href":"http:\/\/novo.nteditora.com.br\/loja\/wp-json\/wp\/v2\/product"}],"about":[{"href":"http:\/\/novo.nteditora.com.br\/loja\/wp-json\/wp\/v2\/types\/product"}],"wp:featuredmedia":[{"embeddable":true,"href":"http:\/\/novo.nteditora.com.br\/loja\/wp-json\/wp\/v2\/media\/696"}],"wp:attachment":[{"href":"http:\/\/novo.nteditora.com.br\/loja\/wp-json\/wp\/v2\/media?parent=1355"}],"wp:term":[{"taxonomy":"product_brand","embeddable":true,"href":"http:\/\/novo.nteditora.com.br\/loja\/wp-json\/wp\/v2\/product_brand?post=1355"},{"taxonomy":"product_cat","embeddable":true,"href":"http:\/\/novo.nteditora.com.br\/loja\/wp-json\/wp\/v2\/product_cat?post=1355"},{"taxonomy":"product_tag","embeddable":true,"href":"http:\/\/novo.nteditora.com.br\/loja\/wp-json\/wp\/v2\/product_tag?post=1355"}],"curies":[{"name":"wp","href":"https:\/\/api.w.org\/{rel}","templated":true}]}}