{"id":1358,"date":"2024-06-05T00:01:37","date_gmt":"2024-06-05T03:01:37","guid":{"rendered":"https:\/\/novo.nteditora.com.br\/loja\/?post_type=product&#038;p=1358"},"modified":"2024-08-20T15:18:48","modified_gmt":"2024-08-20T18:18:48","slug":"combo-livro-curso-ingles-basico","status":"publish","type":"product","link":"http:\/\/novo.nteditora.com.br\/loja\/produto\/combo-livro-curso-ingles-basico\/","title":{"rendered":"Combo Livro + Curso | Ingl\u00eas B\u00e1sico"},"content":{"rendered":"","protected":false},"excerpt":{"rendered":"<p>Neste combo, voc\u00ea ter\u00e1 acesso ao <strong>Livro e o Curso Online de Ingl\u00eas B\u00e1sico.<\/strong><\/p>\n<div id=\"nav-desc\" class=\"tab-pane fade show active\" role=\"tabpanel\" aria-labelledby=\"nav-desc-tab\">Como todos sabem, o estudo de uma l\u00edngua estrangeira \u00e9 fundamental para crescimento pessoal e, sobretudo, profissional. Com efeito, o ingl\u00eas \u00e9 a l\u00edngua mais utilizada no mundo nos dias atuais seja para viagens e atividades de lazer, seja para neg\u00f3cios, seja para estudos acad\u00eamicos, etc. Essa ampla utiliza\u00e7\u00e3o do idioma imprime certa import\u00e2ncia em seu papel globalmente, implicando a necessidade de sua compreens\u00e3o e dom\u00ednio, especialmente aos entrantes no mercado de trabalho, que passam a ter uma qualifica\u00e7\u00e3o a mais no curr\u00edculo. Frequentemente, os estudantes pensam ser a l\u00edngua inglesa t\u00e3o dif\u00edcil a ponto de n\u00e3o conseguirem se comunicar nem no n\u00edvel b\u00e1sico do idioma. Quanto a isso, tenho um recado: n\u00e3o h\u00e1 nenhuma l\u00edngua mais dif\u00edcil que a outra! Apenas precisamos de uma boa metodologia e de dedica\u00e7\u00e3o para aprendermos a nos comunicar e iniciar uma jornada incr\u00edvel de aprendizado. Acredite, uma vez que nos sentimos motivados, o aprendizado de ingl\u00eas se torna viciante.<\/div>\n<p><strong>Informa\u00e7\u00f5es do Curso:<\/strong><\/p>\n<ul>\n<li><strong>Tempo para Conclus\u00e3o:<\/strong> 3 meses<\/li>\n<li><strong>Carga hor\u00e1ria: <\/strong>80 h<\/li>\n<\/ul>\n<div class=\"botao-livro-curso\"><button class=\"botao-demo\"><a class=\"link-demo\" href=\"https:\/\/novo.nteditora.com.br\/demos\/tecnico\/IGB_livro_demo.pdf\" target=\"_blank\" rel=\"noopener\">Leia o primeiro cap\u00edtulo GR\u00c1TIS<\/a><\/button><br \/>\n<button class=\"botao-demo\"><a class=\"link-demo\" href=\"https:\/\/avant.grupont.com.br\/dirVirtualLMS\/portais\/demos-html5\/igb\/index.html\" target=\"_blank\" rel=\"noopener\">Fa\u00e7a um degusta\u00e7\u00e3o GR\u00c1TIS<\/a><\/button><\/div>\n","protected":false},"featured_media":1347,"template":"","meta":[],"product_brand":[],"product_cat":[29],"product_tag":[],"class_list":{"0":"post-1358","1":"product","2":"type-product","3":"status-publish","4":"has-post-thumbnail","6":"product_cat-combos","8":"first","9":"instock","10":"sold-individually","11":"taxable","12":"shipping-taxable","13":"purchasable","14":"product-type-wooco"},"_links":{"self":[{"href":"http:\/\/novo.nteditora.com.br\/loja\/wp-json\/wp\/v2\/product\/1358","targetHints":{"allow":["GET"]}}],"collection":[{"href":"http:\/\/novo.nteditora.com.br\/loja\/wp-json\/wp\/v2\/product"}],"about":[{"href":"http:\/\/novo.nteditora.com.br\/loja\/wp-json\/wp\/v2\/types\/product"}],"wp:featuredmedia":[{"embeddable":true,"href":"http:\/\/novo.nteditora.com.br\/loja\/wp-json\/wp\/v2\/media\/1347"}],"wp:attachment":[{"href":"http:\/\/novo.nteditora.com.br\/loja\/wp-json\/wp\/v2\/media?parent=1358"}],"wp:term":[{"taxonomy":"product_brand","embeddable":true,"href":"http:\/\/novo.nteditora.com.br\/loja\/wp-json\/wp\/v2\/product_brand?post=1358"},{"taxonomy":"product_cat","embeddable":true,"href":"http:\/\/novo.nteditora.com.br\/loja\/wp-json\/wp\/v2\/product_cat?post=1358"},{"taxonomy":"product_tag","embeddable":true,"href":"http:\/\/novo.nteditora.com.br\/loja\/wp-json\/wp\/v2\/product_tag?post=1358"}],"curies":[{"name":"wp","href":"https:\/\/api.w.org\/{rel}","templated":true}]}}