{"id":1789,"date":"2024-05-09T00:01:37","date_gmt":"2024-05-09T03:01:37","guid":{"rendered":"https:\/\/novo.nteditora.com.br\/loja\/?post_type=product&#038;p=1789"},"modified":"2024-08-20T09:34:03","modified_gmt":"2024-08-20T12:34:03","slug":"comandos-industriais","status":"publish","type":"product","link":"http:\/\/novo.nteditora.com.br\/loja\/produto\/comandos-industriais\/","title":{"rendered":"Comandos Industriais"},"content":{"rendered":"","protected":false},"excerpt":{"rendered":"<p><strong>Ronimack Trajano de Souza<\/strong><\/p>\n<p>Os motores el\u00e9tricos est\u00e3o presentes em praticamente todos os processos produtivos industriais, e sem eles a efici\u00eancia do sistema produtivo n\u00e3o seria a mesma. Contudo, para que os motores funcionem de forma adequada \u00e9 necess\u00e1rio que os dispositivos el\u00e9tricos empregados no acionamento, controle e prote\u00e7\u00e3o operem de forma coordenada, de modo a minimizar poss\u00edveis falhas na opera\u00e7\u00e3o no circuito el\u00e9trico do motor e desses dispositivos.<\/p>\n<div class=\"botao-livro-curso\"><button class=\"botao-demo\"><a class=\"link-demo\" href=\"https:\/\/novo.nteditora.com.br\/demos\/tecnico\/COI_livro_demo.pdf\" target=\"_blank\" rel=\"noopener\">Leia o primeiro cap\u00edtulo GR\u00c1TIS<\/a><\/button><\/div>\n","protected":false},"featured_media":1797,"template":"","meta":[],"product_brand":[],"product_cat":[22,16],"product_tag":[],"class_list":{"0":"post-1789","1":"product","2":"type-product","3":"status-publish","4":"has-post-thumbnail","6":"product_cat-controle-de-processos-industriais","7":"product_cat-formacao-tecnico-e-profissional","9":"first","10":"onbackorder","11":"taxable","12":"shipping-taxable","13":"purchasable","14":"product-type-simple"},"_links":{"self":[{"href":"http:\/\/novo.nteditora.com.br\/loja\/wp-json\/wp\/v2\/product\/1789","targetHints":{"allow":["GET"]}}],"collection":[{"href":"http:\/\/novo.nteditora.com.br\/loja\/wp-json\/wp\/v2\/product"}],"about":[{"href":"http:\/\/novo.nteditora.com.br\/loja\/wp-json\/wp\/v2\/types\/product"}],"wp:featuredmedia":[{"embeddable":true,"href":"http:\/\/novo.nteditora.com.br\/loja\/wp-json\/wp\/v2\/media\/1797"}],"wp:attachment":[{"href":"http:\/\/novo.nteditora.com.br\/loja\/wp-json\/wp\/v2\/media?parent=1789"}],"wp:term":[{"taxonomy":"product_brand","embeddable":true,"href":"http:\/\/novo.nteditora.com.br\/loja\/wp-json\/wp\/v2\/product_brand?post=1789"},{"taxonomy":"product_cat","embeddable":true,"href":"http:\/\/novo.nteditora.com.br\/loja\/wp-json\/wp\/v2\/product_cat?post=1789"},{"taxonomy":"product_tag","embeddable":true,"href":"http:\/\/novo.nteditora.com.br\/loja\/wp-json\/wp\/v2\/product_tag?post=1789"}],"curies":[{"name":"wp","href":"https:\/\/api.w.org\/{rel}","templated":true}]}}