{"id":1792,"date":"2024-05-09T00:04:41","date_gmt":"2024-05-09T03:04:41","guid":{"rendered":"https:\/\/novo.nteditora.com.br\/loja\/?post_type=product&#038;p=1792"},"modified":"2024-08-20T09:34:04","modified_gmt":"2024-08-20T12:34:04","slug":"destilacao-de-alcool","status":"publish","type":"product","link":"http:\/\/novo.nteditora.com.br\/loja\/produto\/destilacao-de-alcool\/","title":{"rendered":"Destila\u00e7\u00e3o de \u00c1lcool"},"content":{"rendered":"","protected":false},"excerpt":{"rendered":"<p><strong>Jo\u00e3o Baptiste Chieppe J\u00fanior<\/strong><\/p>\n<p>Este material apresenta a produ\u00e7\u00e3o do etanol no Brasil, como ocorre o processo da fermenta\u00e7\u00e3o, quais s\u00e3o os microrganismos agentes da fermenta\u00e7\u00e3o e o procedimento para a destila\u00e7\u00e3o do etanol. Al\u00e9m disso, nele voc\u00ea aprender\u00e1 a zelar pela conserva\u00e7\u00e3o de m\u00e1quinas e equipamentos na destila\u00e7\u00e3o de \u00e1lcool.<\/p>\n<div class=\"botao-livro-curso\"><button class=\"botao-demo\"><a class=\"link-demo\" href=\"https:\/\/novo.nteditora.com.br\/demos\/tecnico\/ALC_livro_demo.pdf\" target=\"_blank\" rel=\"noopener\">Leia o primeiro cap\u00edtulo GR\u00c1TIS<\/a><\/button><\/div>\n","protected":false},"featured_media":1795,"template":"","meta":[],"product_brand":[],"product_cat":[22,16],"product_tag":[],"class_list":{"0":"post-1792","1":"product","2":"type-product","3":"status-publish","4":"has-post-thumbnail","6":"product_cat-controle-de-processos-industriais","7":"product_cat-formacao-tecnico-e-profissional","9":"first","10":"onbackorder","11":"taxable","12":"shipping-taxable","13":"purchasable","14":"product-type-simple"},"_links":{"self":[{"href":"http:\/\/novo.nteditora.com.br\/loja\/wp-json\/wp\/v2\/product\/1792","targetHints":{"allow":["GET"]}}],"collection":[{"href":"http:\/\/novo.nteditora.com.br\/loja\/wp-json\/wp\/v2\/product"}],"about":[{"href":"http:\/\/novo.nteditora.com.br\/loja\/wp-json\/wp\/v2\/types\/product"}],"wp:featuredmedia":[{"embeddable":true,"href":"http:\/\/novo.nteditora.com.br\/loja\/wp-json\/wp\/v2\/media\/1795"}],"wp:attachment":[{"href":"http:\/\/novo.nteditora.com.br\/loja\/wp-json\/wp\/v2\/media?parent=1792"}],"wp:term":[{"taxonomy":"product_brand","embeddable":true,"href":"http:\/\/novo.nteditora.com.br\/loja\/wp-json\/wp\/v2\/product_brand?post=1792"},{"taxonomy":"product_cat","embeddable":true,"href":"http:\/\/novo.nteditora.com.br\/loja\/wp-json\/wp\/v2\/product_cat?post=1792"},{"taxonomy":"product_tag","embeddable":true,"href":"http:\/\/novo.nteditora.com.br\/loja\/wp-json\/wp\/v2\/product_tag?post=1792"}],"curies":[{"name":"wp","href":"https:\/\/api.w.org\/{rel}","templated":true}]}}