{"id":1793,"date":"2024-05-09T00:05:42","date_gmt":"2024-05-09T03:05:42","guid":{"rendered":"https:\/\/novo.nteditora.com.br\/loja\/?post_type=product&#038;p=1793"},"modified":"2024-08-20T09:34:05","modified_gmt":"2024-08-20T12:34:05","slug":"eletricidade-aplicada-a-informatica","status":"publish","type":"product","link":"http:\/\/novo.nteditora.com.br\/loja\/produto\/eletricidade-aplicada-a-informatica\/","title":{"rendered":"Eletricidade Aplicada \u00e0 Inform\u00e1tica"},"content":{"rendered":"","protected":false},"excerpt":{"rendered":"<p><strong>Nivaldo Carleto<\/strong><\/p>\n<p>A Eletricidade \u00e9 a \u00e1rea da ci\u00eancia que trata das grandezas f\u00edsicas el\u00e9tricas e seus conceitos fundamentais, como por exemplo, corrente, tens\u00e3o, pot\u00eancia, energia el\u00e9trica e resist\u00eancia el\u00e9trica, bem como da an\u00e1lise do comportamento dos dispositivos eletroeletr\u00f4nicos e suas aplica\u00e7\u00f5es pr\u00e1ticas, seja na ind\u00fastria ou em nosso cotidiano moderno. Pode-se dizer que \u00e9 a parte da F\u00edsica que estuda tanto a eletrost\u00e1tica quanto a eletrodin\u00e2mica, constituindo, sobretudo, um estudo do comportamento el\u00e9trico de um circuito el\u00e9trico. Em particular, como exemplos de aplica\u00e7\u00f5es da Eletricidade Aplicada \u00e0 Inform\u00e1tica, podemos mencionar: a confec\u00e7\u00e3o, a manuten\u00e7\u00e3o e as formas de conex\u00f5es das placas de computadores, o funcionamento dos resistores, capacitores, indutores, diodos semicondutores, transistores bipolares, circuitos integrados, fontes de alimenta\u00e7\u00e3o (12 V), bem como a utiliza\u00e7\u00e3o\/conex\u00e3o dos cabos de energia utilizados na instala\u00e7\u00e3o de sistemas computacionais.  <\/p>\n<div class=\"botao-livro-curso\"><button class=\"botao-demo\"><a class=\"link-demo\" href=\"https:\/\/novo.nteditora.com.br\/demos\/tecnico\/EAI_livro_demo.pdf\" target=\"_blank\" rel=\"noopener\">Leia o primeiro cap\u00edtulo GR\u00c1TIS<\/a><\/button><\/div>\n","protected":false},"featured_media":1799,"template":"","meta":[],"product_brand":[],"product_cat":[22,16],"product_tag":[],"class_list":{"0":"post-1793","1":"product","2":"type-product","3":"status-publish","4":"has-post-thumbnail","6":"product_cat-controle-de-processos-industriais","7":"product_cat-formacao-tecnico-e-profissional","9":"first","10":"onbackorder","11":"taxable","12":"shipping-taxable","13":"purchasable","14":"product-type-simple"},"_links":{"self":[{"href":"http:\/\/novo.nteditora.com.br\/loja\/wp-json\/wp\/v2\/product\/1793","targetHints":{"allow":["GET"]}}],"collection":[{"href":"http:\/\/novo.nteditora.com.br\/loja\/wp-json\/wp\/v2\/product"}],"about":[{"href":"http:\/\/novo.nteditora.com.br\/loja\/wp-json\/wp\/v2\/types\/product"}],"wp:featuredmedia":[{"embeddable":true,"href":"http:\/\/novo.nteditora.com.br\/loja\/wp-json\/wp\/v2\/media\/1799"}],"wp:attachment":[{"href":"http:\/\/novo.nteditora.com.br\/loja\/wp-json\/wp\/v2\/media?parent=1793"}],"wp:term":[{"taxonomy":"product_brand","embeddable":true,"href":"http:\/\/novo.nteditora.com.br\/loja\/wp-json\/wp\/v2\/product_brand?post=1793"},{"taxonomy":"product_cat","embeddable":true,"href":"http:\/\/novo.nteditora.com.br\/loja\/wp-json\/wp\/v2\/product_cat?post=1793"},{"taxonomy":"product_tag","embeddable":true,"href":"http:\/\/novo.nteditora.com.br\/loja\/wp-json\/wp\/v2\/product_tag?post=1793"}],"curies":[{"name":"wp","href":"https:\/\/api.w.org\/{rel}","templated":true}]}}