{"id":1805,"date":"2024-05-09T00:06:39","date_gmt":"2024-05-09T03:06:39","guid":{"rendered":"https:\/\/novo.nteditora.com.br\/loja\/?post_type=product&#038;p=1805"},"modified":"2024-08-20T09:34:05","modified_gmt":"2024-08-20T12:34:05","slug":"eletricidade-automotiva","status":"publish","type":"product","link":"http:\/\/novo.nteditora.com.br\/loja\/produto\/eletricidade-automotiva\/","title":{"rendered":"Eletricidade Automotiva"},"content":{"rendered":"","protected":false},"excerpt":{"rendered":"<p><strong>Durval Bertoldo Menezes<\/strong><\/p>\n<p>Este material traz o estudo dos fen\u00f4menos el\u00e9tricos e magn\u00e9ticos, que \u00e9 de fundamental import\u00e2ncia \u00e0 compreens\u00e3o dos mecanismos de funcionamento de um autom\u00f3vel moderno, pois a eletr\u00f4nica, hoje, \u00e9 parte fundamental para o perfeito funcionamento de um ve\u00edculo, tanto do ponto de vista el\u00e9trico, quanto do ponto de vista mec\u00e2nico. Entre outros aspectos, este conte\u00fado mostrar\u00e1 a import\u00e2ncia das partes el\u00e9tricas e eletr\u00f4nicas para um ve\u00edculo moderno, tais como: freios ABS, sistema antifurto, funcionamento preciso dos airbags, condicionador de ar, inje\u00e7\u00e3o eletr\u00f4nica, sistemas de tra\u00e7\u00e3o e de estabiliza\u00e7\u00e3o, al\u00e9m dos j\u00e1 conhecidos sistemas de travamento de portas, ilumina\u00e7\u00f5es externa e interna.<\/p>\n<div class=\"botao-livro-curso\"><button class=\"botao-demo\"><a class=\"link-demo\" href=\"https:\/\/novo.nteditora.com.br\/demos\/tecnico\/ELA_livro_demo.pdf\" target=\"_blank\" rel=\"noopener\">Leia o primeiro cap\u00edtulo GR\u00c1TIS<\/a><\/button><\/div>\n","protected":false},"featured_media":1809,"template":"","meta":[],"product_brand":[],"product_cat":[22,16],"product_tag":[],"class_list":{"0":"post-1805","1":"product","2":"type-product","3":"status-publish","4":"has-post-thumbnail","6":"product_cat-controle-de-processos-industriais","7":"product_cat-formacao-tecnico-e-profissional","9":"first","10":"onbackorder","11":"taxable","12":"shipping-taxable","13":"purchasable","14":"product-type-simple"},"_links":{"self":[{"href":"http:\/\/novo.nteditora.com.br\/loja\/wp-json\/wp\/v2\/product\/1805","targetHints":{"allow":["GET"]}}],"collection":[{"href":"http:\/\/novo.nteditora.com.br\/loja\/wp-json\/wp\/v2\/product"}],"about":[{"href":"http:\/\/novo.nteditora.com.br\/loja\/wp-json\/wp\/v2\/types\/product"}],"wp:featuredmedia":[{"embeddable":true,"href":"http:\/\/novo.nteditora.com.br\/loja\/wp-json\/wp\/v2\/media\/1809"}],"wp:attachment":[{"href":"http:\/\/novo.nteditora.com.br\/loja\/wp-json\/wp\/v2\/media?parent=1805"}],"wp:term":[{"taxonomy":"product_brand","embeddable":true,"href":"http:\/\/novo.nteditora.com.br\/loja\/wp-json\/wp\/v2\/product_brand?post=1805"},{"taxonomy":"product_cat","embeddable":true,"href":"http:\/\/novo.nteditora.com.br\/loja\/wp-json\/wp\/v2\/product_cat?post=1805"},{"taxonomy":"product_tag","embeddable":true,"href":"http:\/\/novo.nteditora.com.br\/loja\/wp-json\/wp\/v2\/product_tag?post=1805"}],"curies":[{"name":"wp","href":"https:\/\/api.w.org\/{rel}","templated":true}]}}