{"id":1806,"date":"2024-05-09T00:07:42","date_gmt":"2024-05-09T03:07:42","guid":{"rendered":"https:\/\/novo.nteditora.com.br\/loja\/?post_type=product&#038;p=1806"},"modified":"2024-08-20T09:34:05","modified_gmt":"2024-08-20T12:34:05","slug":"eletricidade-basica","status":"publish","type":"product","link":"http:\/\/novo.nteditora.com.br\/loja\/produto\/eletricidade-basica\/","title":{"rendered":"Eletricidade B\u00e1sica"},"content":{"rendered":"","protected":false},"excerpt":{"rendered":"<p><strong>Carlos Wesley da Mota Bastos<\/strong><\/p>\n<p>Este material apresenta os conceitos, as normas e as pr\u00e1ticas mais relevantes para os estudos t\u00e9cnicos em Automa\u00e7\u00e3o Industrial, Eletrot\u00e9cnica, Eletroeletr\u00f4nica, Manuten\u00e7\u00e3o Automotiva e Sistemas de Energia Renov\u00e1vel. Elaborado com um texto simples, d\u00e1 a possibilidade de o profissional expandir suas habilidades e compet\u00eancias na an\u00e1lise de circuitos el\u00e9tricos em corrente cont\u00ednua, bem como ampliar sua vis\u00e3o e dom\u00ednio no processo de aplicabilidade pr\u00e1tica nessas diversas \u00e1reas tecnol\u00f3gicas.<\/p>\n<div class=\"botao-livro-curso\"><button class=\"botao-demo\"><a class=\"link-demo\" href=\"https:\/\/novo.nteditora.com.br\/demos\/tecnico\/ELB_livro_demo.pdf\" target=\"_blank\" rel=\"noopener\">Leia o primeiro cap\u00edtulo GR\u00c1TIS<\/a><\/button><\/div>\n","protected":false},"featured_media":1810,"template":"","meta":[],"product_brand":[],"product_cat":[22,16],"product_tag":[],"class_list":{"0":"post-1806","1":"product","2":"type-product","3":"status-publish","4":"has-post-thumbnail","6":"product_cat-controle-de-processos-industriais","7":"product_cat-formacao-tecnico-e-profissional","9":"first","10":"onbackorder","11":"taxable","12":"shipping-taxable","13":"purchasable","14":"product-type-simple"},"_links":{"self":[{"href":"http:\/\/novo.nteditora.com.br\/loja\/wp-json\/wp\/v2\/product\/1806","targetHints":{"allow":["GET"]}}],"collection":[{"href":"http:\/\/novo.nteditora.com.br\/loja\/wp-json\/wp\/v2\/product"}],"about":[{"href":"http:\/\/novo.nteditora.com.br\/loja\/wp-json\/wp\/v2\/types\/product"}],"wp:featuredmedia":[{"embeddable":true,"href":"http:\/\/novo.nteditora.com.br\/loja\/wp-json\/wp\/v2\/media\/1810"}],"wp:attachment":[{"href":"http:\/\/novo.nteditora.com.br\/loja\/wp-json\/wp\/v2\/media?parent=1806"}],"wp:term":[{"taxonomy":"product_brand","embeddable":true,"href":"http:\/\/novo.nteditora.com.br\/loja\/wp-json\/wp\/v2\/product_brand?post=1806"},{"taxonomy":"product_cat","embeddable":true,"href":"http:\/\/novo.nteditora.com.br\/loja\/wp-json\/wp\/v2\/product_cat?post=1806"},{"taxonomy":"product_tag","embeddable":true,"href":"http:\/\/novo.nteditora.com.br\/loja\/wp-json\/wp\/v2\/product_tag?post=1806"}],"curies":[{"name":"wp","href":"https:\/\/api.w.org\/{rel}","templated":true}]}}