{"id":1816,"date":"2024-05-09T00:11:54","date_gmt":"2024-05-09T03:11:54","guid":{"rendered":"https:\/\/novo.nteditora.com.br\/loja\/?post_type=product&#038;p=1816"},"modified":"2024-08-20T09:34:05","modified_gmt":"2024-08-20T12:34:05","slug":"eletronica-analogica","status":"publish","type":"product","link":"http:\/\/novo.nteditora.com.br\/loja\/produto\/eletronica-analogica\/","title":{"rendered":"Eletr\u00f4nica Anal\u00f3gica"},"content":{"rendered":"","protected":false},"excerpt":{"rendered":"<p><strong>Nivaldo Carleto<\/strong><\/p>\n<p>A eletr\u00f4nica \u00e9 a \u00e1rea da ci\u00eancia que trata dos dispositivos eletr\u00f4nicos e de suas aplica\u00e7\u00f5es pr\u00e1ticas, seja na ind\u00fastria, seja em nosso cotidiano moderno. Neste material, voc\u00ea ter\u00e1 a oportunidade de estudar os principais componentes eletr\u00f4nicos utilizados em diversos circuitos, tais quais transistores FET (JFET e MOSFET), amplificadores operacionais, circuitos integradores e diferenciadores, filtros ativos, circuitos integrados, transmissores, receptores, entre outros. Al\u00e9m disso, apresentaremos os princ\u00edpios b\u00e1sicos de funcionamento e a modelagem matem\u00e1tica de cada componente eletr\u00f4nico.<\/p>\n<div class=\"botao-livro-curso\"><button class=\"botao-demo\"><a class=\"link-demo\" href=\"https:\/\/novo.nteditora.com.br\/demos\/tecnico\/EAN_livro_demo.pdf\" target=\"_blank\" rel=\"noopener\">Leia o primeiro cap\u00edtulo GR\u00c1TIS<\/a><\/button><\/div>\n","protected":false},"featured_media":1833,"template":"","meta":[],"product_brand":[],"product_cat":[22,16],"product_tag":[],"class_list":{"0":"post-1816","1":"product","2":"type-product","3":"status-publish","4":"has-post-thumbnail","6":"product_cat-controle-de-processos-industriais","7":"product_cat-formacao-tecnico-e-profissional","9":"first","10":"onbackorder","11":"taxable","12":"shipping-taxable","13":"purchasable","14":"product-type-simple"},"_links":{"self":[{"href":"http:\/\/novo.nteditora.com.br\/loja\/wp-json\/wp\/v2\/product\/1816","targetHints":{"allow":["GET"]}}],"collection":[{"href":"http:\/\/novo.nteditora.com.br\/loja\/wp-json\/wp\/v2\/product"}],"about":[{"href":"http:\/\/novo.nteditora.com.br\/loja\/wp-json\/wp\/v2\/types\/product"}],"wp:featuredmedia":[{"embeddable":true,"href":"http:\/\/novo.nteditora.com.br\/loja\/wp-json\/wp\/v2\/media\/1833"}],"wp:attachment":[{"href":"http:\/\/novo.nteditora.com.br\/loja\/wp-json\/wp\/v2\/media?parent=1816"}],"wp:term":[{"taxonomy":"product_brand","embeddable":true,"href":"http:\/\/novo.nteditora.com.br\/loja\/wp-json\/wp\/v2\/product_brand?post=1816"},{"taxonomy":"product_cat","embeddable":true,"href":"http:\/\/novo.nteditora.com.br\/loja\/wp-json\/wp\/v2\/product_cat?post=1816"},{"taxonomy":"product_tag","embeddable":true,"href":"http:\/\/novo.nteditora.com.br\/loja\/wp-json\/wp\/v2\/product_tag?post=1816"}],"curies":[{"name":"wp","href":"https:\/\/api.w.org\/{rel}","templated":true}]}}