{"id":1818,"date":"2024-05-09T00:08:17","date_gmt":"2024-05-09T03:08:17","guid":{"rendered":"https:\/\/novo.nteditora.com.br\/loja\/?post_type=product&#038;p=1818"},"modified":"2024-08-20T09:34:05","modified_gmt":"2024-08-20T12:34:05","slug":"eletricidade-ca","status":"publish","type":"product","link":"http:\/\/novo.nteditora.com.br\/loja\/produto\/eletricidade-ca\/","title":{"rendered":"Eletricidade CA"},"content":{"rendered":"","protected":false},"excerpt":{"rendered":"<p><strong>Carlos Wesley da Mota Bastos<\/strong><\/p>\n<p>Este material apresenta o conhecimento dos fen\u00f4menos el\u00e9tricos, o que permite entender os segredos da eletricidade. Esse estudo \u00e9 fundamental para os profissionais de Automa\u00e7\u00e3o Industrial, Eletrot\u00e9cnica, Eletr\u00f4nica, Manuten\u00e7\u00e3o Automotiva, Sistemas de Energia Renov\u00e1vel e Telecomunica\u00e7\u00f5es. Ele traz a compreens\u00e3o dos princ\u00edpios b\u00e1sicos da eletricidade na an\u00e1lise e na resolu\u00e7\u00e3o de problemas envolvendo circuitos de corrente alternada e no desenvolvimento de habilidades que o ajudar\u00e3o a expandir os estudos das aplica\u00e7\u00f5es desse tipo de corrente.<\/p>\n<div class=\"botao-livro-curso\"><button class=\"botao-demo\"><a class=\"link-demo\" href=\"https:\/\/novo.nteditora.com.br\/demos\/tecnico\/ECA_livro_demo.pdf\" target=\"_blank\" rel=\"noopener\">Leia o primeiro cap\u00edtulo GR\u00c1TIS<\/a><\/button><\/div>\n","protected":false},"featured_media":1824,"template":"","meta":[],"product_brand":[],"product_cat":[22,16],"product_tag":[],"class_list":{"0":"post-1818","1":"product","2":"type-product","3":"status-publish","4":"has-post-thumbnail","6":"product_cat-controle-de-processos-industriais","7":"product_cat-formacao-tecnico-e-profissional","9":"first","10":"onbackorder","11":"taxable","12":"shipping-taxable","13":"purchasable","14":"product-type-simple"},"_links":{"self":[{"href":"http:\/\/novo.nteditora.com.br\/loja\/wp-json\/wp\/v2\/product\/1818","targetHints":{"allow":["GET"]}}],"collection":[{"href":"http:\/\/novo.nteditora.com.br\/loja\/wp-json\/wp\/v2\/product"}],"about":[{"href":"http:\/\/novo.nteditora.com.br\/loja\/wp-json\/wp\/v2\/types\/product"}],"wp:featuredmedia":[{"embeddable":true,"href":"http:\/\/novo.nteditora.com.br\/loja\/wp-json\/wp\/v2\/media\/1824"}],"wp:attachment":[{"href":"http:\/\/novo.nteditora.com.br\/loja\/wp-json\/wp\/v2\/media?parent=1818"}],"wp:term":[{"taxonomy":"product_brand","embeddable":true,"href":"http:\/\/novo.nteditora.com.br\/loja\/wp-json\/wp\/v2\/product_brand?post=1818"},{"taxonomy":"product_cat","embeddable":true,"href":"http:\/\/novo.nteditora.com.br\/loja\/wp-json\/wp\/v2\/product_cat?post=1818"},{"taxonomy":"product_tag","embeddable":true,"href":"http:\/\/novo.nteditora.com.br\/loja\/wp-json\/wp\/v2\/product_tag?post=1818"}],"curies":[{"name":"wp","href":"https:\/\/api.w.org\/{rel}","templated":true}]}}