{"id":1819,"date":"2024-05-09T00:09:19","date_gmt":"2024-05-09T03:09:19","guid":{"rendered":"https:\/\/novo.nteditora.com.br\/loja\/?post_type=product&#038;p=1819"},"modified":"2024-08-20T09:34:05","modified_gmt":"2024-08-20T12:34:05","slug":"eletricidade-cc","status":"publish","type":"product","link":"http:\/\/novo.nteditora.com.br\/loja\/produto\/eletricidade-cc\/","title":{"rendered":"Eletricidade CC"},"content":{"rendered":"","protected":false},"excerpt":{"rendered":"<p><strong>Jos\u00e9 Antonio Barata Marques de Almeida<\/strong><\/p>\n<p>Este material apresenta conhecimentos acerca dos fen\u00f4menos el\u00e9tricos, ele permite entender os segredos da eletricidade, o que \u00e9 fundamental para os profissionais de eletrot\u00e9cnica, eletr\u00f4nica e telecomunica\u00e7\u00f5es. Neste conte\u00fado, mostram-se os princ\u00edpios da eletricidade em corrente cont\u00ednua na an\u00e1lise e na resolu\u00e7\u00e3o de problemas envolvendo circuitos de corrente cont\u00ednua e no desenvolvimento de habilidades que o ajudar\u00e3o a expandir os estudos da corrente alternada.<\/p>\n<div class=\"botao-livro-curso\"><button class=\"botao-demo\"><a class=\"link-demo\" href=\"https:\/\/novo.nteditora.com.br\/demos\/tecnico\/ECC_livro_demo.pdf\" target=\"_blank\" rel=\"noopener\">Leia o primeiro cap\u00edtulo GR\u00c1TIS<\/a><\/button><\/div>\n","protected":false},"featured_media":1825,"template":"","meta":[],"product_brand":[],"product_cat":[22,16],"product_tag":[],"class_list":{"0":"post-1819","1":"product","2":"type-product","3":"status-publish","4":"has-post-thumbnail","6":"product_cat-controle-de-processos-industriais","7":"product_cat-formacao-tecnico-e-profissional","9":"first","10":"onbackorder","11":"taxable","12":"shipping-taxable","13":"purchasable","14":"product-type-simple"},"_links":{"self":[{"href":"http:\/\/novo.nteditora.com.br\/loja\/wp-json\/wp\/v2\/product\/1819","targetHints":{"allow":["GET"]}}],"collection":[{"href":"http:\/\/novo.nteditora.com.br\/loja\/wp-json\/wp\/v2\/product"}],"about":[{"href":"http:\/\/novo.nteditora.com.br\/loja\/wp-json\/wp\/v2\/types\/product"}],"wp:featuredmedia":[{"embeddable":true,"href":"http:\/\/novo.nteditora.com.br\/loja\/wp-json\/wp\/v2\/media\/1825"}],"wp:attachment":[{"href":"http:\/\/novo.nteditora.com.br\/loja\/wp-json\/wp\/v2\/media?parent=1819"}],"wp:term":[{"taxonomy":"product_brand","embeddable":true,"href":"http:\/\/novo.nteditora.com.br\/loja\/wp-json\/wp\/v2\/product_brand?post=1819"},{"taxonomy":"product_cat","embeddable":true,"href":"http:\/\/novo.nteditora.com.br\/loja\/wp-json\/wp\/v2\/product_cat?post=1819"},{"taxonomy":"product_tag","embeddable":true,"href":"http:\/\/novo.nteditora.com.br\/loja\/wp-json\/wp\/v2\/product_tag?post=1819"}],"curies":[{"name":"wp","href":"https:\/\/api.w.org\/{rel}","templated":true}]}}