{"id":1838,"date":"2024-05-09T00:15:47","date_gmt":"2024-05-09T03:15:47","guid":{"rendered":"https:\/\/novo.nteditora.com.br\/loja\/?post_type=product&#038;p=1838"},"modified":"2024-08-20T09:34:05","modified_gmt":"2024-08-20T12:34:05","slug":"eletronica-industrial","status":"publish","type":"product","link":"http:\/\/novo.nteditora.com.br\/loja\/produto\/eletronica-industrial\/","title":{"rendered":"Eletr\u00f4nica Industrial"},"content":{"rendered":"","protected":false},"excerpt":{"rendered":"<p><strong>Nivaldo Carleto<\/strong><\/p>\n<p>\u00c9 muito importante estudar eletr\u00f4nica industrial, tendo em vista o avan\u00e7o da tecnologia, que tem impulsionado todos os setores da ind\u00fastria para um novo horizonte, exigindo atualiza\u00e7\u00f5es de maquin\u00e1rios, equipamentos, redes de comunica\u00e7\u00e3o de dados e, sobretudo, de m\u00e3o de obra qualificada. Neste material, o aluno ter\u00e1 a oportunidade de conhecer os componentes utilizados em eletr\u00f4nica industrial, tais como diodos e transistores de pot\u00eancia, tiristores, retificadores, inversores, controladores de tens\u00e3o e chaves est\u00e1ticas. Al\u00e9m disso, desenvolver\u00e1 habilidades e compet\u00eancias para conhecer e interpretar sinais dos circuitos utilizados no controle de equipamentos industriais.<\/p>\n<div class=\"botao-livro-curso\"><button class=\"botao-demo\"><a class=\"link-demo\" href=\"https:\/\/novo.nteditora.com.br\/demos\/tecnico\/ELI_livro_demo.pdf\" target=\"_blank\" rel=\"noopener\">Leia o primeiro cap\u00edtulo GR\u00c1TIS<\/a><\/button><\/div>\n","protected":false},"featured_media":1811,"template":"","meta":[],"product_brand":[],"product_cat":[22,16],"product_tag":[],"class_list":{"0":"post-1838","1":"product","2":"type-product","3":"status-publish","4":"has-post-thumbnail","6":"product_cat-controle-de-processos-industriais","7":"product_cat-formacao-tecnico-e-profissional","9":"first","10":"onbackorder","11":"taxable","12":"shipping-taxable","13":"purchasable","14":"product-type-simple"},"_links":{"self":[{"href":"http:\/\/novo.nteditora.com.br\/loja\/wp-json\/wp\/v2\/product\/1838","targetHints":{"allow":["GET"]}}],"collection":[{"href":"http:\/\/novo.nteditora.com.br\/loja\/wp-json\/wp\/v2\/product"}],"about":[{"href":"http:\/\/novo.nteditora.com.br\/loja\/wp-json\/wp\/v2\/types\/product"}],"wp:featuredmedia":[{"embeddable":true,"href":"http:\/\/novo.nteditora.com.br\/loja\/wp-json\/wp\/v2\/media\/1811"}],"wp:attachment":[{"href":"http:\/\/novo.nteditora.com.br\/loja\/wp-json\/wp\/v2\/media?parent=1838"}],"wp:term":[{"taxonomy":"product_brand","embeddable":true,"href":"http:\/\/novo.nteditora.com.br\/loja\/wp-json\/wp\/v2\/product_brand?post=1838"},{"taxonomy":"product_cat","embeddable":true,"href":"http:\/\/novo.nteditora.com.br\/loja\/wp-json\/wp\/v2\/product_cat?post=1838"},{"taxonomy":"product_tag","embeddable":true,"href":"http:\/\/novo.nteditora.com.br\/loja\/wp-json\/wp\/v2\/product_tag?post=1838"}],"curies":[{"name":"wp","href":"https:\/\/api.w.org\/{rel}","templated":true}]}}