{"id":1839,"date":"2024-05-09T00:16:49","date_gmt":"2024-05-09T03:16:49","guid":{"rendered":"https:\/\/novo.nteditora.com.br\/loja\/?post_type=product&#038;p=1839"},"modified":"2024-08-20T09:34:06","modified_gmt":"2024-08-20T12:34:06","slug":"ferramental-padrao-em-servicos-automotivos","status":"publish","type":"product","link":"http:\/\/novo.nteditora.com.br\/loja\/produto\/ferramental-padrao-em-servicos-automotivos\/","title":{"rendered":"Ferramental Padr\u00e3o em Servi\u00e7os Automotivos"},"content":{"rendered":"","protected":false},"excerpt":{"rendered":"<p><strong>Paulo Louren\u00e7o Monteiro Junior<\/strong><\/p>\n<p>A execu\u00e7\u00e3o das atividades desenvolvidas em uma oficina automotiva depende muito do ferramental empregado e de como este \u00e9 utilizado. Dessa forma, para realizar tais servi\u00e7os, \u00e9 necess\u00e1rio que as ferramentas sejam adequadas e que os profissionais sejam qualificados para manuse\u00e1-las. Com efeito, os recursos apropriados ao servi\u00e7o que est\u00e1 sendo efetuado contribuem para o aumento da qualidade e oferecem maior seguran\u00e7a durante a sua execu\u00e7\u00e3o. Assim, as atividades s\u00e3o realizadas em menos tempo, os riscos de acidentes s\u00e3o menores e h\u00e1 uma maior possibilidade de se obter resultados satisfat\u00f3rios. O profissional que realiza manuten\u00e7\u00e3o automotiva deve ser qualificado. Uma das principais etapas dessa qualifica\u00e7\u00e3o \u00e9 o conhecimento e o manuseio adequado do ferramental necess\u00e1rio ao desempenho das suas fun\u00e7\u00f5es. Isso \u00e9 de suma import\u00e2ncia, pois as ferramentas e os instrumentos possuem pap\u00e9is distintos, mas que se complementam durante a manuten\u00e7\u00e3o correta de um autom\u00f3vel.<\/p>\n<div class=\"botao-livro-curso\"><button class=\"botao-demo\"><a class=\"link-demo\" href=\"https:\/\/novo.nteditora.com.br\/demos\/tecnico\/FSA_livro_demo.pdf\" target=\"_blank\" rel=\"noopener\">Leia o primeiro cap\u00edtulo GR\u00c1TIS<\/a><\/button><\/div>\n","protected":false},"featured_media":1847,"template":"","meta":[],"product_brand":[],"product_cat":[22,16],"product_tag":[],"class_list":{"0":"post-1839","1":"product","2":"type-product","3":"status-publish","4":"has-post-thumbnail","6":"product_cat-controle-de-processos-industriais","7":"product_cat-formacao-tecnico-e-profissional","9":"first","10":"onbackorder","11":"taxable","12":"shipping-taxable","13":"purchasable","14":"product-type-simple"},"_links":{"self":[{"href":"http:\/\/novo.nteditora.com.br\/loja\/wp-json\/wp\/v2\/product\/1839","targetHints":{"allow":["GET"]}}],"collection":[{"href":"http:\/\/novo.nteditora.com.br\/loja\/wp-json\/wp\/v2\/product"}],"about":[{"href":"http:\/\/novo.nteditora.com.br\/loja\/wp-json\/wp\/v2\/types\/product"}],"wp:featuredmedia":[{"embeddable":true,"href":"http:\/\/novo.nteditora.com.br\/loja\/wp-json\/wp\/v2\/media\/1847"}],"wp:attachment":[{"href":"http:\/\/novo.nteditora.com.br\/loja\/wp-json\/wp\/v2\/media?parent=1839"}],"wp:term":[{"taxonomy":"product_brand","embeddable":true,"href":"http:\/\/novo.nteditora.com.br\/loja\/wp-json\/wp\/v2\/product_brand?post=1839"},{"taxonomy":"product_cat","embeddable":true,"href":"http:\/\/novo.nteditora.com.br\/loja\/wp-json\/wp\/v2\/product_cat?post=1839"},{"taxonomy":"product_tag","embeddable":true,"href":"http:\/\/novo.nteditora.com.br\/loja\/wp-json\/wp\/v2\/product_tag?post=1839"}],"curies":[{"name":"wp","href":"https:\/\/api.w.org\/{rel}","templated":true}]}}