{"id":1840,"date":"2024-05-09T00:17:51","date_gmt":"2024-05-09T03:17:51","guid":{"rendered":"https:\/\/novo.nteditora.com.br\/loja\/?post_type=product&#038;p=1840"},"modified":"2024-08-20T09:34:06","modified_gmt":"2024-08-20T12:34:06","slug":"fundamentos-de-fisico-quimica-aplicados","status":"publish","type":"product","link":"http:\/\/novo.nteditora.com.br\/loja\/produto\/fundamentos-de-fisico-quimica-aplicados\/","title":{"rendered":"Fundamentos de F\u00edsico-Qu\u00edmica Aplicados"},"content":{"rendered":"","protected":false},"excerpt":{"rendered":"<p><strong>Paulo Louren\u00e7o Monteiro Junior<\/strong><\/p>\n<p>Um bom profissional de manuten\u00e7\u00e3o automotiva sabe como um autom\u00f3vel funciona, para isso \u00e9 imprescind\u00edvel que se tenha conhecimentos sobre alguns fen\u00f4menos f\u00edsicos e qu\u00edmicos de interesse. A temperatura de um componente e a apar\u00eancia de \u00f3leos, por exemplo, podem fornecer ind\u00edcios da situa\u00e7\u00e3o em que o autom\u00f3vel se encontra. Mas para a correta interpreta\u00e7\u00e3o desses sinais voc\u00ea deve, antes, entender alguns conceitos pertinentes a essa mat\u00e9ria. Portanto, aproveite cada li\u00e7\u00e3o, tenha paci\u00eancia e tenha foco. Lembre-se que antes de se tornar um grande profissional, voc\u00ea deve ser um grande aprendiz.<\/p>\n<div class=\"botao-livro-curso\"><button class=\"botao-demo\"><a class=\"link-demo\" href=\"https:\/\/novo.nteditora.com.br\/demos\/tecnico\/FQA_livro_demo.pdf\" target=\"_blank\" rel=\"noopener\">Leia o primeiro cap\u00edtulo GR\u00c1TIS<\/a><\/button><\/div>\n","protected":false},"featured_media":1846,"template":"","meta":[],"product_brand":[],"product_cat":[22,16],"product_tag":[],"class_list":{"0":"post-1840","1":"product","2":"type-product","3":"status-publish","4":"has-post-thumbnail","6":"product_cat-controle-de-processos-industriais","7":"product_cat-formacao-tecnico-e-profissional","9":"first","10":"onbackorder","11":"taxable","12":"shipping-taxable","13":"purchasable","14":"product-type-simple"},"_links":{"self":[{"href":"http:\/\/novo.nteditora.com.br\/loja\/wp-json\/wp\/v2\/product\/1840","targetHints":{"allow":["GET"]}}],"collection":[{"href":"http:\/\/novo.nteditora.com.br\/loja\/wp-json\/wp\/v2\/product"}],"about":[{"href":"http:\/\/novo.nteditora.com.br\/loja\/wp-json\/wp\/v2\/types\/product"}],"wp:featuredmedia":[{"embeddable":true,"href":"http:\/\/novo.nteditora.com.br\/loja\/wp-json\/wp\/v2\/media\/1846"}],"wp:attachment":[{"href":"http:\/\/novo.nteditora.com.br\/loja\/wp-json\/wp\/v2\/media?parent=1840"}],"wp:term":[{"taxonomy":"product_brand","embeddable":true,"href":"http:\/\/novo.nteditora.com.br\/loja\/wp-json\/wp\/v2\/product_brand?post=1840"},{"taxonomy":"product_cat","embeddable":true,"href":"http:\/\/novo.nteditora.com.br\/loja\/wp-json\/wp\/v2\/product_cat?post=1840"},{"taxonomy":"product_tag","embeddable":true,"href":"http:\/\/novo.nteditora.com.br\/loja\/wp-json\/wp\/v2\/product_tag?post=1840"}],"curies":[{"name":"wp","href":"https:\/\/api.w.org\/{rel}","templated":true}]}}