{"id":1857,"date":"2024-05-11T00:14:52","date_gmt":"2024-05-11T03:14:52","guid":{"rendered":"https:\/\/novo.nteditora.com.br\/loja\/?post_type=product&#038;p=1857"},"modified":"2024-08-20T09:34:03","modified_gmt":"2024-08-20T12:34:03","slug":"contabilidade-basica","status":"publish","type":"product","link":"http:\/\/novo.nteditora.com.br\/loja\/produto\/contabilidade-basica\/","title":{"rendered":"Contabilidade B\u00e1sica"},"content":{"rendered":"","protected":false},"excerpt":{"rendered":"<p><strong><span data-sheets-root=\"1\" data-sheets-value=\"{&quot;1&quot;:2,&quot;2&quot;:&quot;Erick Guilhon (Organizador)&quot;}\" data-sheets-userformat=\"{&quot;2&quot;:6909,&quot;3&quot;:{&quot;1&quot;:0},&quot;5&quot;:{&quot;1&quot;:[{&quot;1&quot;:2,&quot;2&quot;:0,&quot;5&quot;:{&quot;1&quot;:2,&quot;2&quot;:0}},{&quot;1&quot;:0,&quot;2&quot;:0,&quot;3&quot;:3},{&quot;1&quot;:1,&quot;2&quot;:0,&quot;4&quot;:1}]},&quot;6&quot;:{&quot;1&quot;:[{&quot;1&quot;:2,&quot;2&quot;:0,&quot;5&quot;:{&quot;1&quot;:2,&quot;2&quot;:0}},{&quot;1&quot;:0,&quot;2&quot;:0,&quot;3&quot;:3},{&quot;1&quot;:1,&quot;2&quot;:0,&quot;4&quot;:1}]},&quot;7&quot;:{&quot;1&quot;:[{&quot;1&quot;:2,&quot;2&quot;:0,&quot;5&quot;:{&quot;1&quot;:2,&quot;2&quot;:0}},{&quot;1&quot;:0,&quot;2&quot;:0,&quot;3&quot;:3},{&quot;1&quot;:1,&quot;2&quot;:0,&quot;4&quot;:1}]},&quot;8&quot;:{&quot;1&quot;:[{&quot;1&quot;:2,&quot;2&quot;:0,&quot;5&quot;:{&quot;1&quot;:2,&quot;2&quot;:0}},{&quot;1&quot;:0,&quot;2&quot;:0,&quot;3&quot;:3},{&quot;1&quot;:1,&quot;2&quot;:0,&quot;4&quot;:1}]},&quot;9&quot;:1,&quot;10&quot;:1,&quot;12&quot;:0,&quot;14&quot;:{&quot;1&quot;:2,&quot;2&quot;:0},&quot;15&quot;:&quot;Calibri&quot;}\">Daniela Zinn Salvucci Gon\u00e7alves<br \/>\n<\/span><\/strong><\/p>\n<p><span data-sheets-root=\"1\" data-sheets-value=\"{&quot;1&quot;:2,&quot;2&quot;:&quot;O livro Fundamentos de Administra\u00e7\u00e3o, por meio de um texto dial\u00f3gico, de f\u00e1cil leitura por sua concep\u00e7\u00e3o e organiza\u00e7\u00e3o did\u00e1ticas, busca facilitar o aprendizado, contando ainda com muitos exemplos pr\u00e1ticos e contextualizados que facilitam a fixa\u00e7\u00e3o dos conceitos. O livro busca capacitar o leitor a atuar na \u00e1rea administrativa de diferentes tipos de corpora\u00e7\u00f5es com qualidade e efici\u00eancia. S\u00e3o apresentados os principais tipos de administra\u00e7\u00e3o em uma organiza\u00e7\u00e3o, como a administra\u00e7\u00e3o de marketing e vendas, administra\u00e7\u00e3o de produ\u00e7\u00e3o, administra\u00e7\u00e3o de material, administra\u00e7\u00e3o financeira, administra\u00e7\u00e3o de recursos humanos - e ainda o uso da informa\u00e7\u00e3o e comunica\u00e7\u00e3o na administra\u00e7\u00e3o e a import\u00e2ncia da elabora\u00e7\u00e3o de um plano de neg\u00f3cios. O livro Fundamentos de administra\u00e7\u00e3o \u00e9 uma obra indispens\u00e1vel, tanto para alunos de administra\u00e7\u00e3o iniciantes como para profissionais que buscam aprimorar suas habilidades administrativas.&quot;}\" data-sheets-userformat=\"{&quot;2&quot;:6909,&quot;3&quot;:{&quot;1&quot;:0},&quot;5&quot;:{&quot;1&quot;:[{&quot;1&quot;:2,&quot;2&quot;:0,&quot;5&quot;:{&quot;1&quot;:2,&quot;2&quot;:0}},{&quot;1&quot;:0,&quot;2&quot;:0,&quot;3&quot;:3},{&quot;1&quot;:1,&quot;2&quot;:0,&quot;4&quot;:1}]},&quot;6&quot;:{&quot;1&quot;:[{&quot;1&quot;:2,&quot;2&quot;:0,&quot;5&quot;:{&quot;1&quot;:2,&quot;2&quot;:0}},{&quot;1&quot;:0,&quot;2&quot;:0,&quot;3&quot;:3},{&quot;1&quot;:1,&quot;2&quot;:0,&quot;4&quot;:1}]},&quot;7&quot;:{&quot;1&quot;:[{&quot;1&quot;:2,&quot;2&quot;:0,&quot;5&quot;:{&quot;1&quot;:2,&quot;2&quot;:0}},{&quot;1&quot;:0,&quot;2&quot;:0,&quot;3&quot;:3},{&quot;1&quot;:1,&quot;2&quot;:0,&quot;4&quot;:1}]},&quot;8&quot;:{&quot;1&quot;:[{&quot;1&quot;:2,&quot;2&quot;:0,&quot;5&quot;:{&quot;1&quot;:2,&quot;2&quot;:0}},{&quot;1&quot;:0,&quot;2&quot;:0,&quot;3&quot;:3},{&quot;1&quot;:1,&quot;2&quot;:0,&quot;4&quot;:1}]},&quot;9&quot;:1,&quot;10&quot;:1,&quot;12&quot;:0,&quot;14&quot;:{&quot;1&quot;:2,&quot;2&quot;:0},&quot;15&quot;:&quot;Calibri&quot;}\">Este material identifica os conceitos e os princ\u00edpios fundamentais de contabilidade, entidade e patrim\u00f4nio, os principais usu\u00e1rios da contabilidade, dentro ou fora das empresas, assim como mostra a equa\u00e7\u00e3o cont\u00e1bil no desenvolvimento e na interpreta\u00e7\u00e3o de demonstra\u00e7\u00f5es cont\u00e1beis.<\/span><\/p>\n<div class=\"botao-livro-curso\"><button class=\"botao-demo\" data-lt-tmp-id=\"lt-856329\" data-gramm=\"false\"><a class=\"link-demo\" href=\"https:\/\/novo.nteditora.com.br\/demos\/tecnico\/CTB_livro_demo.pdf\" target=\"_blank\" rel=\"noopener\">Leia o primeiro cap\u00edtulo GR\u00c1TIS<\/a><\/button><\/div>\n<p>&nbsp;<\/p>\n","protected":false},"featured_media":1858,"template":"","meta":[],"product_brand":[],"product_cat":[16,18],"product_tag":[],"class_list":{"0":"post-1857","1":"product","2":"type-product","3":"status-publish","4":"has-post-thumbnail","6":"product_cat-formacao-tecnico-e-profissional","7":"product_cat-gestao-e-negocios","9":"first","10":"onbackorder","11":"taxable","12":"shipping-taxable","13":"purchasable","14":"product-type-simple"},"_links":{"self":[{"href":"http:\/\/novo.nteditora.com.br\/loja\/wp-json\/wp\/v2\/product\/1857","targetHints":{"allow":["GET"]}}],"collection":[{"href":"http:\/\/novo.nteditora.com.br\/loja\/wp-json\/wp\/v2\/product"}],"about":[{"href":"http:\/\/novo.nteditora.com.br\/loja\/wp-json\/wp\/v2\/types\/product"}],"wp:featuredmedia":[{"embeddable":true,"href":"http:\/\/novo.nteditora.com.br\/loja\/wp-json\/wp\/v2\/media\/1858"}],"wp:attachment":[{"href":"http:\/\/novo.nteditora.com.br\/loja\/wp-json\/wp\/v2\/media?parent=1857"}],"wp:term":[{"taxonomy":"product_brand","embeddable":true,"href":"http:\/\/novo.nteditora.com.br\/loja\/wp-json\/wp\/v2\/product_brand?post=1857"},{"taxonomy":"product_cat","embeddable":true,"href":"http:\/\/novo.nteditora.com.br\/loja\/wp-json\/wp\/v2\/product_cat?post=1857"},{"taxonomy":"product_tag","embeddable":true,"href":"http:\/\/novo.nteditora.com.br\/loja\/wp-json\/wp\/v2\/product_tag?post=1857"}],"curies":[{"name":"wp","href":"https:\/\/api.w.org\/{rel}","templated":true}]}}