{"id":1883,"date":"2024-05-09T00:19:29","date_gmt":"2024-05-09T03:19:29","guid":{"rendered":"https:\/\/novo.nteditora.com.br\/loja\/?post_type=product&#038;p=1883"},"modified":"2024-08-20T09:34:08","modified_gmt":"2024-08-20T12:34:08","slug":"instalacoes-eletricas-prediais-e-industriais","status":"publish","type":"product","link":"http:\/\/novo.nteditora.com.br\/loja\/produto\/instalacoes-eletricas-prediais-e-industriais\/","title":{"rendered":"Instala\u00e7\u00f5es El\u00e9tricas Prediais e Industriais"},"content":{"rendered":"","protected":false},"excerpt":{"rendered":"<p><strong>Ronimack Trajano de Souza<\/strong><\/p>\n<p>Este livro de Instala\u00e7\u00f5es El\u00e9tricas Prediais e Industriais fornece subs\u00eddios ao projeto, \u00e0 execu\u00e7\u00e3o e \u00e0 supervis\u00e3o das instala\u00e7\u00f5es el\u00e9tricas em baixa tens\u00e3o. Nele s\u00e3o abordados conceitos b\u00e1sicos e t\u00e9cnicas de medi\u00e7\u00e3o de grandezas el\u00e9tricas, al\u00e9m dos principais dispositivos e ferramentas utilizados nas instala\u00e7\u00f5es el\u00e9tricas e t\u00e9cnicas de execu\u00e7\u00e3o dessas instala\u00e7\u00f5es, como exemplos pr\u00e1ticos de instala\u00e7\u00e3o de circuitos de ilumina\u00e7\u00e3o e for\u00e7a. Os temas abordados est\u00e3o atualizados e adequados aos \u00faltimos requisitos das normas NBR 5410\/2005, NBR 5419\/2015 e NR 10.<\/p>\n<div class=\"botao-livro-curso\"><button class=\"botao-demo\"><a class=\"link-demo\" href=\"https:\/\/novo.nteditora.com.br\/demos\/tecnico\/IEP_livro_demo.pdf\" target=\"_blank\" rel=\"noopener\">Leia o primeiro cap\u00edtulo GR\u00c1TIS<\/a><\/button><\/div>\n","protected":false},"featured_media":1893,"template":"","meta":[],"product_brand":[],"product_cat":[22,16],"product_tag":[],"class_list":{"0":"post-1883","1":"product","2":"type-product","3":"status-publish","4":"has-post-thumbnail","6":"product_cat-controle-de-processos-industriais","7":"product_cat-formacao-tecnico-e-profissional","9":"first","10":"onbackorder","11":"taxable","12":"shipping-taxable","13":"purchasable","14":"product-type-simple"},"_links":{"self":[{"href":"http:\/\/novo.nteditora.com.br\/loja\/wp-json\/wp\/v2\/product\/1883","targetHints":{"allow":["GET"]}}],"collection":[{"href":"http:\/\/novo.nteditora.com.br\/loja\/wp-json\/wp\/v2\/product"}],"about":[{"href":"http:\/\/novo.nteditora.com.br\/loja\/wp-json\/wp\/v2\/types\/product"}],"wp:featuredmedia":[{"embeddable":true,"href":"http:\/\/novo.nteditora.com.br\/loja\/wp-json\/wp\/v2\/media\/1893"}],"wp:attachment":[{"href":"http:\/\/novo.nteditora.com.br\/loja\/wp-json\/wp\/v2\/media?parent=1883"}],"wp:term":[{"taxonomy":"product_brand","embeddable":true,"href":"http:\/\/novo.nteditora.com.br\/loja\/wp-json\/wp\/v2\/product_brand?post=1883"},{"taxonomy":"product_cat","embeddable":true,"href":"http:\/\/novo.nteditora.com.br\/loja\/wp-json\/wp\/v2\/product_cat?post=1883"},{"taxonomy":"product_tag","embeddable":true,"href":"http:\/\/novo.nteditora.com.br\/loja\/wp-json\/wp\/v2\/product_tag?post=1883"}],"curies":[{"name":"wp","href":"https:\/\/api.w.org\/{rel}","templated":true}]}}