{"id":1884,"date":"2024-05-09T00:20:32","date_gmt":"2024-05-09T03:20:32","guid":{"rendered":"https:\/\/novo.nteditora.com.br\/loja\/?post_type=product&#038;p=1884"},"modified":"2024-08-20T09:34:10","modified_gmt":"2024-08-20T12:34:10","slug":"manutencao-eletromecanica","status":"publish","type":"product","link":"http:\/\/novo.nteditora.com.br\/loja\/produto\/manutencao-eletromecanica\/","title":{"rendered":"Manuten\u00e7\u00e3o Eletromec\u00e2nica"},"content":{"rendered":"","protected":false},"excerpt":{"rendered":"<p><strong>Adry Kleber Ferreira de Lima e Ant\u00f4nio Kleber Ribeiro de Lima<\/strong><\/p>\n<p>Este material procura aplicar os conhecimentos cient\u00edficos para explicar e planejar a\u00e7\u00f5es de controle nos processos produtivos da manuten\u00e7\u00e3o eletromec\u00e2nica, bem como fazer avalia\u00e7\u00e3o e interven\u00e7\u00e3o destes. Al\u00e9m disso, busca ensinar a realiza\u00e7\u00e3o de atividades rotineiras de um profissional de manuten\u00e7\u00e3o automotiva, tais como realizar instala\u00e7\u00e3o de equipamentos, especificando materiais (pe\u00e7as) e instrumentos que possibilitem a otimiza\u00e7\u00e3o de sistemas convencionais e suas adequa\u00e7\u00f5es a tecnologias mais avan\u00e7adas; empregar normas t\u00e9cnicas em instala\u00e7\u00e3o e processos de fabrica\u00e7\u00e3o de m\u00e1quinas, produto e equipamentos na manuten\u00e7\u00e3o eletromec\u00e2nica, utilizando cat\u00e1logos, manuais e tabelas. Por fim, explicita a trajet\u00f3ria da manuten\u00e7\u00e3o dividida em gera\u00e7\u00f5es ao longo dos anos, entendendo os tipos de manuten\u00e7\u00e3o existentes e suas aplica\u00e7\u00f5es, de acordo com a necessidade do processo.<\/p>\n<div class=\"botao-livro-curso\"><button class=\"botao-demo\"><a class=\"link-demo\" href=\"https:\/\/novo.nteditora.com.br\/demos\/tecnico\/MAE_livro_demo.pdf\" target=\"_blank\" rel=\"noopener\">Leia o primeiro cap\u00edtulo GR\u00c1TIS<\/a><\/button><\/div>\n","protected":false},"featured_media":1894,"template":"","meta":[],"product_brand":[],"product_cat":[22,16],"product_tag":[],"class_list":{"0":"post-1884","1":"product","2":"type-product","3":"status-publish","4":"has-post-thumbnail","6":"product_cat-controle-de-processos-industriais","7":"product_cat-formacao-tecnico-e-profissional","9":"first","10":"onbackorder","11":"taxable","12":"shipping-taxable","13":"purchasable","14":"product-type-simple"},"_links":{"self":[{"href":"http:\/\/novo.nteditora.com.br\/loja\/wp-json\/wp\/v2\/product\/1884","targetHints":{"allow":["GET"]}}],"collection":[{"href":"http:\/\/novo.nteditora.com.br\/loja\/wp-json\/wp\/v2\/product"}],"about":[{"href":"http:\/\/novo.nteditora.com.br\/loja\/wp-json\/wp\/v2\/types\/product"}],"wp:featuredmedia":[{"embeddable":true,"href":"http:\/\/novo.nteditora.com.br\/loja\/wp-json\/wp\/v2\/media\/1894"}],"wp:attachment":[{"href":"http:\/\/novo.nteditora.com.br\/loja\/wp-json\/wp\/v2\/media?parent=1884"}],"wp:term":[{"taxonomy":"product_brand","embeddable":true,"href":"http:\/\/novo.nteditora.com.br\/loja\/wp-json\/wp\/v2\/product_brand?post=1884"},{"taxonomy":"product_cat","embeddable":true,"href":"http:\/\/novo.nteditora.com.br\/loja\/wp-json\/wp\/v2\/product_cat?post=1884"},{"taxonomy":"product_tag","embeddable":true,"href":"http:\/\/novo.nteditora.com.br\/loja\/wp-json\/wp\/v2\/product_tag?post=1884"}],"curies":[{"name":"wp","href":"https:\/\/api.w.org\/{rel}","templated":true}]}}