{"id":1923,"date":"2024-05-11T00:41:34","date_gmt":"2024-05-11T03:41:34","guid":{"rendered":"https:\/\/novo.nteditora.com.br\/loja\/?post_type=product&#038;p=1923"},"modified":"2024-08-20T09:34:07","modified_gmt":"2024-08-20T12:34:07","slug":"gestao-financeira","status":"publish","type":"product","link":"http:\/\/novo.nteditora.com.br\/loja\/produto\/gestao-financeira\/","title":{"rendered":"Gest\u00e3o Financeira"},"content":{"rendered":"","protected":false},"excerpt":{"rendered":"<p><strong>Iraj\u00e1 Saul Garibaldi Abbad<\/strong><\/p>\n<p>O livro Gest\u00e3o Financeira foi elaborado com o intuito de capacitar o leitor a realizar an\u00e1lises, decis\u00f5es, planejamento e execu\u00e7\u00e3o de projetos financeiros e a administra\u00e7\u00e3o das finan\u00e7as empresariais. Apresenta ainda de forma did\u00e1tica e contextualizada os conceitos fundamentais de administra\u00e7\u00e3o financeira e orienta\u00e7\u00f5es pr\u00e1ticas para o planejamento e a execu\u00e7\u00e3o de projetos e do fluxo financeiro empresarial.<\/p>\n<div class=\"botao-livro-curso\"><a class=\"link-demo\" href=\"https:\/\/novo.nteditora.com.br\/demos\/tecnico\/GFI_livro_demo.pdf\" target=\"_blank\" rel=\"noopener\"><button class=\"botao-demo\">Leia o primeiro cap\u00edtulo GR\u00c1TIS<\/button><\/a><\/div>\n","protected":false},"featured_media":1924,"template":"","meta":[],"product_brand":[],"product_cat":[16,18],"product_tag":[],"class_list":{"0":"post-1923","1":"product","2":"type-product","3":"status-publish","4":"has-post-thumbnail","6":"product_cat-formacao-tecnico-e-profissional","7":"product_cat-gestao-e-negocios","9":"first","10":"onbackorder","11":"taxable","12":"shipping-taxable","13":"purchasable","14":"product-type-simple"},"_links":{"self":[{"href":"http:\/\/novo.nteditora.com.br\/loja\/wp-json\/wp\/v2\/product\/1923","targetHints":{"allow":["GET"]}}],"collection":[{"href":"http:\/\/novo.nteditora.com.br\/loja\/wp-json\/wp\/v2\/product"}],"about":[{"href":"http:\/\/novo.nteditora.com.br\/loja\/wp-json\/wp\/v2\/types\/product"}],"wp:featuredmedia":[{"embeddable":true,"href":"http:\/\/novo.nteditora.com.br\/loja\/wp-json\/wp\/v2\/media\/1924"}],"wp:attachment":[{"href":"http:\/\/novo.nteditora.com.br\/loja\/wp-json\/wp\/v2\/media?parent=1923"}],"wp:term":[{"taxonomy":"product_brand","embeddable":true,"href":"http:\/\/novo.nteditora.com.br\/loja\/wp-json\/wp\/v2\/product_brand?post=1923"},{"taxonomy":"product_cat","embeddable":true,"href":"http:\/\/novo.nteditora.com.br\/loja\/wp-json\/wp\/v2\/product_cat?post=1923"},{"taxonomy":"product_tag","embeddable":true,"href":"http:\/\/novo.nteditora.com.br\/loja\/wp-json\/wp\/v2\/product_tag?post=1923"}],"curies":[{"name":"wp","href":"https:\/\/api.w.org\/{rel}","templated":true}]}}