{"id":1927,"date":"2024-05-09T00:24:00","date_gmt":"2024-05-09T03:24:00","guid":{"rendered":"https:\/\/novo.nteditora.com.br\/loja\/?post_type=product&#038;p=1927"},"modified":"2024-08-20T09:34:10","modified_gmt":"2024-08-20T12:34:10","slug":"medidas-eletricas","status":"publish","type":"product","link":"http:\/\/novo.nteditora.com.br\/loja\/produto\/medidas-eletricas\/","title":{"rendered":"Medidas El\u00e9tricas"},"content":{"rendered":"","protected":false},"excerpt":{"rendered":"<p><strong>Larissa de Matos Guedes, Pedro Augusto do Nascimento e Thiago Moreira Brito<\/strong><\/p>\n<p>O t\u00e9cnico em Eletrot\u00e9cnica, ou o Eletrot\u00e9cnico \u00e9 o profissional capacitado a elabora\u00e7\u00e3o, execu\u00e7\u00e3o ou manuten\u00e7\u00e3o de instala\u00e7\u00f5es el\u00e9tricas (residenciais, comerciais ou industriais) e equipamentos el\u00e9tricos em geral. Em suas rotinas de trabalho o Eletrot\u00e9cnico realiza diversas medidas com os mais variados equipamentos. O livro Medidas El\u00e9tricas foi elaborado com o objetivo de capacitar o leitor, que se prepara para se inserir no mercado, ou \u00e0quele que deseja ampliar seus conhecimentos na \u00e1rea, a manusear os equipamentos essenciais para sua profiss\u00e3o, al\u00e9m de ensin\u00e1-lo a expressar essas medidas conforme as regras internacionais, com seguran\u00e7a e precis\u00e3o.<\/p>\n<div class=\"botao-livro-curso\"><button class=\"botao-demo\"><a class=\"link-demo\" href=\"https:\/\/novo.nteditora.com.br\/demos\/tecnico\/MEE_livro_demo.pdf\" target=\"_blank\" rel=\"noopener\">Leia o primeiro cap\u00edtulo GR\u00c1TIS<\/a><\/button><\/div>\n","protected":false},"featured_media":1941,"template":"","meta":[],"product_brand":[],"product_cat":[22,16],"product_tag":[],"class_list":{"0":"post-1927","1":"product","2":"type-product","3":"status-publish","4":"has-post-thumbnail","6":"product_cat-controle-de-processos-industriais","7":"product_cat-formacao-tecnico-e-profissional","9":"first","10":"onbackorder","11":"taxable","12":"shipping-taxable","13":"purchasable","14":"product-type-simple"},"_links":{"self":[{"href":"http:\/\/novo.nteditora.com.br\/loja\/wp-json\/wp\/v2\/product\/1927","targetHints":{"allow":["GET"]}}],"collection":[{"href":"http:\/\/novo.nteditora.com.br\/loja\/wp-json\/wp\/v2\/product"}],"about":[{"href":"http:\/\/novo.nteditora.com.br\/loja\/wp-json\/wp\/v2\/types\/product"}],"wp:featuredmedia":[{"embeddable":true,"href":"http:\/\/novo.nteditora.com.br\/loja\/wp-json\/wp\/v2\/media\/1941"}],"wp:attachment":[{"href":"http:\/\/novo.nteditora.com.br\/loja\/wp-json\/wp\/v2\/media?parent=1927"}],"wp:term":[{"taxonomy":"product_brand","embeddable":true,"href":"http:\/\/novo.nteditora.com.br\/loja\/wp-json\/wp\/v2\/product_brand?post=1927"},{"taxonomy":"product_cat","embeddable":true,"href":"http:\/\/novo.nteditora.com.br\/loja\/wp-json\/wp\/v2\/product_cat?post=1927"},{"taxonomy":"product_tag","embeddable":true,"href":"http:\/\/novo.nteditora.com.br\/loja\/wp-json\/wp\/v2\/product_tag?post=1927"}],"curies":[{"name":"wp","href":"https:\/\/api.w.org\/{rel}","templated":true}]}}