{"id":1928,"date":"2024-05-09T00:25:01","date_gmt":"2024-05-09T03:25:01","guid":{"rendered":"https:\/\/novo.nteditora.com.br\/loja\/?post_type=product&#038;p=1928"},"modified":"2024-08-20T09:34:10","modified_gmt":"2024-08-20T12:34:10","slug":"metrologia-orientada-a-controles-automotivos","status":"publish","type":"product","link":"http:\/\/novo.nteditora.com.br\/loja\/produto\/metrologia-orientada-a-controles-automotivos\/","title":{"rendered":"Metrologia Orientada a Controles Automotivos"},"content":{"rendered":"","protected":false},"excerpt":{"rendered":"<p><strong>Wassim Raja El Banna<\/strong><\/p>\n<p>A magnitude da Metrologia automotiva se disp\u00f5e em todos os setores da manuten\u00e7\u00e3o, tendo grande import\u00e2ncia na repara\u00e7\u00e3o, pois, com ela, \u00e9 poss\u00edvel avaliar as condi\u00e7\u00f5es reais das pe\u00e7as. A Metrologia como ci\u00eancia das medi\u00e7\u00f5es est\u00e1 na base de qualquer atividade t\u00e9cnica, e \u00e9 a mola que impulsiona o desenvolvimento tecnol\u00f3gico e a qualidade de produtos e servi\u00e7os na \u00e1rea automobil\u00edstica. Este livro desenvolvido para que o aluno estude os principais instrumentos e procedimentos de medi\u00e7\u00e3o no campo automotivo.<\/p>\n<div class=\"botao-livro-curso\"><button class=\"botao-demo\"><a class=\"link-demo\" href=\"https:\/\/novo.nteditora.com.br\/demos\/tecnico\/MOC_livro_demo.pdf\" target=\"_blank\" rel=\"noopener\">Leia o primeiro cap\u00edtulo GR\u00c1TIS<\/a><\/button><\/div>\n","protected":false},"featured_media":1944,"template":"","meta":[],"product_brand":[],"product_cat":[22,16],"product_tag":[],"class_list":{"0":"post-1928","1":"product","2":"type-product","3":"status-publish","4":"has-post-thumbnail","6":"product_cat-controle-de-processos-industriais","7":"product_cat-formacao-tecnico-e-profissional","9":"first","10":"onbackorder","11":"taxable","12":"shipping-taxable","13":"purchasable","14":"product-type-simple"},"_links":{"self":[{"href":"http:\/\/novo.nteditora.com.br\/loja\/wp-json\/wp\/v2\/product\/1928","targetHints":{"allow":["GET"]}}],"collection":[{"href":"http:\/\/novo.nteditora.com.br\/loja\/wp-json\/wp\/v2\/product"}],"about":[{"href":"http:\/\/novo.nteditora.com.br\/loja\/wp-json\/wp\/v2\/types\/product"}],"wp:featuredmedia":[{"embeddable":true,"href":"http:\/\/novo.nteditora.com.br\/loja\/wp-json\/wp\/v2\/media\/1944"}],"wp:attachment":[{"href":"http:\/\/novo.nteditora.com.br\/loja\/wp-json\/wp\/v2\/media?parent=1928"}],"wp:term":[{"taxonomy":"product_brand","embeddable":true,"href":"http:\/\/novo.nteditora.com.br\/loja\/wp-json\/wp\/v2\/product_brand?post=1928"},{"taxonomy":"product_cat","embeddable":true,"href":"http:\/\/novo.nteditora.com.br\/loja\/wp-json\/wp\/v2\/product_cat?post=1928"},{"taxonomy":"product_tag","embeddable":true,"href":"http:\/\/novo.nteditora.com.br\/loja\/wp-json\/wp\/v2\/product_tag?post=1928"}],"curies":[{"name":"wp","href":"https:\/\/api.w.org\/{rel}","templated":true}]}}