{"id":1986,"date":"2024-05-09T00:27:09","date_gmt":"2024-05-09T03:27:09","guid":{"rendered":"https:\/\/novo.nteditora.com.br\/loja\/?post_type=product&#038;p=1986"},"modified":"2024-08-20T09:34:11","modified_gmt":"2024-08-20T12:34:11","slug":"operacao-de-caldeiras","status":"publish","type":"product","link":"http:\/\/novo.nteditora.com.br\/loja\/produto\/operacao-de-caldeiras\/","title":{"rendered":"Opera\u00e7\u00e3o de Caldeiras"},"content":{"rendered":"","protected":false},"excerpt":{"rendered":"<p><strong>Edson Luiz Neri, Rosylene dos Santos Carvalho e Sthenyo Ribeiro de Souza<\/strong><\/p>\n<p>O livro Opera\u00e7\u00e3o de Caldeiras foi elaborado com o intuito de capacitar o leitor a identificar, compreender as partes e os componentes de uma caldeira, podendo, desta forma, operar e prover manuten\u00e7\u00e3o em caldeiras, respeitando as normas t\u00e9cnicas aplic\u00e1veis a esta fun\u00e7\u00e3o.<\/p>\n<div class=\"botao-livro-curso\"><button class=\"botao-demo\"><a class=\"link-demo\" href=\"https:\/\/novo.nteditora.com.br\/demos\/tecnico\/CAL_livro_demo.pdf\" target=\"_blank\" rel=\"noopener\">Leia o primeiro cap\u00edtulo GR\u00c1TIS<\/a><\/button><\/div>\n","protected":false},"featured_media":1997,"template":"","meta":[],"product_brand":[],"product_cat":[22,16],"product_tag":[],"class_list":{"0":"post-1986","1":"product","2":"type-product","3":"status-publish","4":"has-post-thumbnail","6":"product_cat-controle-de-processos-industriais","7":"product_cat-formacao-tecnico-e-profissional","9":"first","10":"onbackorder","11":"taxable","12":"shipping-taxable","13":"purchasable","14":"product-type-simple"},"_links":{"self":[{"href":"http:\/\/novo.nteditora.com.br\/loja\/wp-json\/wp\/v2\/product\/1986","targetHints":{"allow":["GET"]}}],"collection":[{"href":"http:\/\/novo.nteditora.com.br\/loja\/wp-json\/wp\/v2\/product"}],"about":[{"href":"http:\/\/novo.nteditora.com.br\/loja\/wp-json\/wp\/v2\/types\/product"}],"wp:featuredmedia":[{"embeddable":true,"href":"http:\/\/novo.nteditora.com.br\/loja\/wp-json\/wp\/v2\/media\/1997"}],"wp:attachment":[{"href":"http:\/\/novo.nteditora.com.br\/loja\/wp-json\/wp\/v2\/media?parent=1986"}],"wp:term":[{"taxonomy":"product_brand","embeddable":true,"href":"http:\/\/novo.nteditora.com.br\/loja\/wp-json\/wp\/v2\/product_brand?post=1986"},{"taxonomy":"product_cat","embeddable":true,"href":"http:\/\/novo.nteditora.com.br\/loja\/wp-json\/wp\/v2\/product_cat?post=1986"},{"taxonomy":"product_tag","embeddable":true,"href":"http:\/\/novo.nteditora.com.br\/loja\/wp-json\/wp\/v2\/product_tag?post=1986"}],"curies":[{"name":"wp","href":"https:\/\/api.w.org\/{rel}","templated":true}]}}