{"id":1990,"date":"2024-05-09T00:33:18","date_gmt":"2024-05-09T03:33:18","guid":{"rendered":"https:\/\/novo.nteditora.com.br\/loja\/?post_type=product&#038;p=1990"},"modified":"2024-08-20T09:34:14","modified_gmt":"2024-08-20T12:34:14","slug":"sistemas-eletricos-de-potencia","status":"publish","type":"product","link":"http:\/\/novo.nteditora.com.br\/loja\/produto\/sistemas-eletricos-de-potencia\/","title":{"rendered":"Sistemas El\u00e9tricos de Pot\u00eancia"},"content":{"rendered":"","protected":false},"excerpt":{"rendered":"<p><strong>Fl\u00e1vio Vanderson Gomes e Lucas Meirelles Pires Deotti<\/strong><\/p>\n<p>A riqueza de um pa\u00eds ocorre de v\u00e1rias maneiras: \u00e0s vezes pelo seu potencial petrol\u00edfero, pela sua capacidade industrial, agropecu\u00e1ria ou at\u00e9 mesmo pelo potencial humano. O Brasil possui todos esses potenciais, mas existem dois n\u00edtidos: potencial hidr\u00e1ulico e energ\u00e9tico. Com efeito, as grandes bacias hidrogr\u00e1ficas s\u00e3o respons\u00e1veis por mais de 68% da energia el\u00e9trica produzida no Brasil (BEN, 2017), ou seja, de origem h\u00eddrica, seguida da energia de origem t\u00e9rmica, e\u00f3lica, nuclear e das demais fontes alternativas existentes. Nesse contexto, este livro, portanto, tem como objetivo tratar de diversas quest\u00f5es, desde a origem da energia el\u00e9trica at\u00e9 a sua entrega ao consumidor final, por\u00e9m prioriza a demanda futura de energia el\u00e9trica no Brasil e no mundo e as consequ\u00eancias de um produto dispon\u00edvel, vi\u00e1vel e de qualidade.<\/p>\n<div class=\"botao-livro-curso\"><button class=\"botao-demo\"><a class=\"link-demo\" href=\"https:\/\/novo.nteditora.com.br\/demos\/tecnico\/SEP_livro_demo.pdf\" target=\"_blank\" rel=\"noopener\">Leia o primeiro cap\u00edtulo GR\u00c1TIS<\/a><\/button><\/div>\n","protected":false},"featured_media":2000,"template":"","meta":[],"product_brand":[],"product_cat":[22,16],"product_tag":[],"class_list":{"0":"post-1990","1":"product","2":"type-product","3":"status-publish","4":"has-post-thumbnail","6":"product_cat-controle-de-processos-industriais","7":"product_cat-formacao-tecnico-e-profissional","9":"first","10":"onbackorder","11":"taxable","12":"shipping-taxable","13":"purchasable","14":"product-type-simple"},"_links":{"self":[{"href":"http:\/\/novo.nteditora.com.br\/loja\/wp-json\/wp\/v2\/product\/1990","targetHints":{"allow":["GET"]}}],"collection":[{"href":"http:\/\/novo.nteditora.com.br\/loja\/wp-json\/wp\/v2\/product"}],"about":[{"href":"http:\/\/novo.nteditora.com.br\/loja\/wp-json\/wp\/v2\/types\/product"}],"wp:featuredmedia":[{"embeddable":true,"href":"http:\/\/novo.nteditora.com.br\/loja\/wp-json\/wp\/v2\/media\/2000"}],"wp:attachment":[{"href":"http:\/\/novo.nteditora.com.br\/loja\/wp-json\/wp\/v2\/media?parent=1990"}],"wp:term":[{"taxonomy":"product_brand","embeddable":true,"href":"http:\/\/novo.nteditora.com.br\/loja\/wp-json\/wp\/v2\/product_brand?post=1990"},{"taxonomy":"product_cat","embeddable":true,"href":"http:\/\/novo.nteditora.com.br\/loja\/wp-json\/wp\/v2\/product_cat?post=1990"},{"taxonomy":"product_tag","embeddable":true,"href":"http:\/\/novo.nteditora.com.br\/loja\/wp-json\/wp\/v2\/product_tag?post=1990"}],"curies":[{"name":"wp","href":"https:\/\/api.w.org\/{rel}","templated":true}]}}