{"id":1991,"date":"2024-05-09T00:30:21","date_gmt":"2024-05-09T03:30:21","guid":{"rendered":"https:\/\/novo.nteditora.com.br\/loja\/?post_type=product&#038;p=1991"},"modified":"2024-08-20T09:34:14","modified_gmt":"2024-08-20T12:34:14","slug":"sistemas-de-freios-e-rodas","status":"publish","type":"product","link":"http:\/\/novo.nteditora.com.br\/loja\/produto\/sistemas-de-freios-e-rodas\/","title":{"rendered":"Sistemas de Freios e Rodas"},"content":{"rendered":"","protected":false},"excerpt":{"rendered":"<p><strong>Wassim Raja El Banna, Kamila Dias Bernardes e Geanilson Brito da Silva<\/strong><\/p>\n<p>Este material aborda um tema bastante importante dentro na manuten\u00e7\u00e3o mec\u00e2nica. Com efeito, o conhecimento sobre os sistemas de freios e rodas \u00e9 fundamental para profissionais da \u00e1rea de manuten\u00e7\u00e3o automotiva. Esses sistemas s\u00e3o considerados itens de extrema import\u00e2ncia para a seguran\u00e7a do ve\u00edculo. Eles possuem diversos componentes entre os quais disco, tambor, pastilhas, lonas de freio. O estudo dos sistemas de freios e rodas \u00e9 importante porque proporciona os conhecimentos t\u00e9cnicos e pr\u00e1ticos aos profissionais de manuten\u00e7\u00e3o automotiva. A partir da explora\u00e7\u00e3o dos principais temas neste escopo, tais como freios, rodas, diagn\u00f3stico, monitoramento eletr\u00f4nico, t\u00e9cnicas de an\u00e1lise de falhas e manuten\u00e7\u00e3o, o aluno se sentir\u00e1 capacitado para exercer com seguran\u00e7a suas atividades<\/p>\n<div class=\"botao-livro-curso\"><button class=\"botao-demo\"><a class=\"link-demo\" href=\"https:\/\/novo.nteditora.com.br\/demos\/tecnico\/SFR_livro_demo.pdf\" target=\"_blank\" rel=\"noopener\">Leia o primeiro cap\u00edtulo GR\u00c1TIS<\/a><\/button><\/div>\n","protected":false},"featured_media":2001,"template":"","meta":[],"product_brand":[],"product_cat":[22,16],"product_tag":[],"class_list":{"0":"post-1991","1":"product","2":"type-product","3":"status-publish","4":"has-post-thumbnail","6":"product_cat-controle-de-processos-industriais","7":"product_cat-formacao-tecnico-e-profissional","9":"first","10":"onbackorder","11":"taxable","12":"shipping-taxable","13":"purchasable","14":"product-type-simple"},"_links":{"self":[{"href":"http:\/\/novo.nteditora.com.br\/loja\/wp-json\/wp\/v2\/product\/1991","targetHints":{"allow":["GET"]}}],"collection":[{"href":"http:\/\/novo.nteditora.com.br\/loja\/wp-json\/wp\/v2\/product"}],"about":[{"href":"http:\/\/novo.nteditora.com.br\/loja\/wp-json\/wp\/v2\/types\/product"}],"wp:featuredmedia":[{"embeddable":true,"href":"http:\/\/novo.nteditora.com.br\/loja\/wp-json\/wp\/v2\/media\/2001"}],"wp:attachment":[{"href":"http:\/\/novo.nteditora.com.br\/loja\/wp-json\/wp\/v2\/media?parent=1991"}],"wp:term":[{"taxonomy":"product_brand","embeddable":true,"href":"http:\/\/novo.nteditora.com.br\/loja\/wp-json\/wp\/v2\/product_brand?post=1991"},{"taxonomy":"product_cat","embeddable":true,"href":"http:\/\/novo.nteditora.com.br\/loja\/wp-json\/wp\/v2\/product_cat?post=1991"},{"taxonomy":"product_tag","embeddable":true,"href":"http:\/\/novo.nteditora.com.br\/loja\/wp-json\/wp\/v2\/product_tag?post=1991"}],"curies":[{"name":"wp","href":"https:\/\/api.w.org\/{rel}","templated":true}]}}