{"id":20,"date":"2024-05-11T00:00:59","date_gmt":"2024-05-11T03:00:59","guid":{"rendered":"https:\/\/novo.nteditora.com.br\/loja\/?post_type=product&#038;p=20"},"modified":"2024-08-20T09:34:01","modified_gmt":"2024-08-20T12:34:01","slug":"administracao-de-compras","status":"publish","type":"product","link":"http:\/\/novo.nteditora.com.br\/loja\/produto\/administracao-de-compras\/","title":{"rendered":"Administra\u00e7\u00e3o de Compras"},"content":{"rendered":"","protected":false},"excerpt":{"rendered":"<p>Marina Figueiredo Moreira<\/p>\n<p>Todas as empresas precisam, em maior ou menor grau, adquirir suprimentos e servi\u00e7os que permitam o seu funcionamento no mercado. Mesmo nas empresas menores, \u00e9 fundamental que o profissional respons\u00e1vel pelas compras tenha capacita\u00e7\u00e3o para fazer as melhores escolhas estrat\u00e9gicas ao adquirir suprimentos para a empresa. Este livro apresenta os conceitos e as atividades necess\u00e1rias para que o leitor possa reconhecer a import\u00e2ncia da fun\u00e7\u00e3o de compras no contexto de uma organiza\u00e7\u00e3o e identificar os elementos que permitem a melhor forma de realizar as compras de acordo com as caracter\u00edsticas de cada empresa.<\/p>\n<div class=\"botao-livro-curso\"><button class=\"botao-demo\"><a class=\"link-demo\" href=\"https:\/\/novo.nteditora.com.br\/demos\/tecnico\/ADC_livro_demo.pdf\" target=\"_blank\" rel=\"noopener\">Leia o primeiro cap\u00edtulo GR\u00c1TIS<\/a><\/button><\/div>\n","protected":false},"featured_media":50,"template":"","meta":[],"product_brand":[],"product_cat":[16,18],"product_tag":[],"class_list":{"0":"post-20","1":"product","2":"type-product","3":"status-publish","4":"has-post-thumbnail","6":"product_cat-formacao-tecnico-e-profissional","7":"product_cat-gestao-e-negocios","9":"first","10":"onbackorder","11":"taxable","12":"shipping-taxable","13":"purchasable","14":"product-type-simple"},"_links":{"self":[{"href":"http:\/\/novo.nteditora.com.br\/loja\/wp-json\/wp\/v2\/product\/20","targetHints":{"allow":["GET"]}}],"collection":[{"href":"http:\/\/novo.nteditora.com.br\/loja\/wp-json\/wp\/v2\/product"}],"about":[{"href":"http:\/\/novo.nteditora.com.br\/loja\/wp-json\/wp\/v2\/types\/product"}],"wp:featuredmedia":[{"embeddable":true,"href":"http:\/\/novo.nteditora.com.br\/loja\/wp-json\/wp\/v2\/media\/50"}],"wp:attachment":[{"href":"http:\/\/novo.nteditora.com.br\/loja\/wp-json\/wp\/v2\/media?parent=20"}],"wp:term":[{"taxonomy":"product_brand","embeddable":true,"href":"http:\/\/novo.nteditora.com.br\/loja\/wp-json\/wp\/v2\/product_brand?post=20"},{"taxonomy":"product_cat","embeddable":true,"href":"http:\/\/novo.nteditora.com.br\/loja\/wp-json\/wp\/v2\/product_cat?post=20"},{"taxonomy":"product_tag","embeddable":true,"href":"http:\/\/novo.nteditora.com.br\/loja\/wp-json\/wp\/v2\/product_tag?post=20"}],"curies":[{"name":"wp","href":"https:\/\/api.w.org\/{rel}","templated":true}]}}