{"id":2042,"date":"2024-05-09T00:31:08","date_gmt":"2024-05-09T03:31:08","guid":{"rendered":"https:\/\/novo.nteditora.com.br\/loja\/?post_type=product&#038;p=2042"},"modified":"2024-08-20T09:34:14","modified_gmt":"2024-08-20T12:34:14","slug":"sistemas-de-suspensao-e-direcao-automotiva","status":"publish","type":"product","link":"http:\/\/novo.nteditora.com.br\/loja\/produto\/sistemas-de-suspensao-e-direcao-automotiva\/","title":{"rendered":"Sistemas de Suspens\u00e3o e Dire\u00e7\u00e3o Automotiva"},"content":{"rendered":"","protected":false},"excerpt":{"rendered":"<p><strong>Catiane Monteiro Lima<\/strong><\/p>\n<p>De modo geral, os ve\u00edculos s\u00e3o constitu\u00eddos pelos mesmos elementos, haja vista que quase todos os modelos s\u00e3o compostos de chassi, cobertura, motor, transmiss\u00e3o, suspens\u00e3o e dire\u00e7\u00e3o. Quando se fala de sistemas de suspens\u00e3o e dire\u00e7\u00e3o automotiva, muitos trazem \u00e0 cabe\u00e7a apenas os amortecedores e as molas. Isso tudo faz parte, mas h\u00e1 muito mais do que isso envolvendo tais sistemas. Existem outros componentes a eles pertencentes cuja influ\u00eancia ocorre sobre o comportamento do ve\u00edculo em diversos aspectos. Com efeito, \u00e9 poss\u00edvel dizer que a dire\u00e7\u00e3o fornece ao condutor o deslocamento que ele deseja, enquanto a suspens\u00e3o visa a n\u00e3o transmitir aos ocupantes do ve\u00edculo as oscila\u00e7\u00f5es da estrada que est\u00e1 percorrendo.<\/p>\n<div class=\"botao-livro-curso\"><button class=\"botao-demo\"><a class=\"link-demo\" href=\"https:\/\/novo.nteditora.com.br\/demos\/tecnico\/SSD_livro_demo.pdf\" target=\"_blank\" rel=\"noopener\">Leia o primeiro cap\u00edtulo GR\u00c1TIS<\/a><\/button><\/div>\n","protected":false},"featured_media":2003,"template":"","meta":[],"product_brand":[],"product_cat":[22,16],"product_tag":[],"class_list":{"0":"post-2042","1":"product","2":"type-product","3":"status-publish","4":"has-post-thumbnail","6":"product_cat-controle-de-processos-industriais","7":"product_cat-formacao-tecnico-e-profissional","9":"first","10":"onbackorder","11":"taxable","12":"shipping-taxable","13":"purchasable","14":"product-type-simple"},"_links":{"self":[{"href":"http:\/\/novo.nteditora.com.br\/loja\/wp-json\/wp\/v2\/product\/2042","targetHints":{"allow":["GET"]}}],"collection":[{"href":"http:\/\/novo.nteditora.com.br\/loja\/wp-json\/wp\/v2\/product"}],"about":[{"href":"http:\/\/novo.nteditora.com.br\/loja\/wp-json\/wp\/v2\/types\/product"}],"wp:featuredmedia":[{"embeddable":true,"href":"http:\/\/novo.nteditora.com.br\/loja\/wp-json\/wp\/v2\/media\/2003"}],"wp:attachment":[{"href":"http:\/\/novo.nteditora.com.br\/loja\/wp-json\/wp\/v2\/media?parent=2042"}],"wp:term":[{"taxonomy":"product_brand","embeddable":true,"href":"http:\/\/novo.nteditora.com.br\/loja\/wp-json\/wp\/v2\/product_brand?post=2042"},{"taxonomy":"product_cat","embeddable":true,"href":"http:\/\/novo.nteditora.com.br\/loja\/wp-json\/wp\/v2\/product_cat?post=2042"},{"taxonomy":"product_tag","embeddable":true,"href":"http:\/\/novo.nteditora.com.br\/loja\/wp-json\/wp\/v2\/product_tag?post=2042"}],"curies":[{"name":"wp","href":"https:\/\/api.w.org\/{rel}","templated":true}]}}