{"id":2043,"date":"2024-05-09T00:32:10","date_gmt":"2024-05-09T03:32:10","guid":{"rendered":"https:\/\/novo.nteditora.com.br\/loja\/?post_type=product&#038;p=2043"},"modified":"2024-08-20T09:34:14","modified_gmt":"2024-08-20T12:34:14","slug":"sistemas-de-transmissao-automotiva","status":"publish","type":"product","link":"http:\/\/novo.nteditora.com.br\/loja\/produto\/sistemas-de-transmissao-automotiva\/","title":{"rendered":"Sistemas de Transmiss\u00e3o Automotiva"},"content":{"rendered":"","protected":false},"excerpt":{"rendered":"<p><strong>Jess\u00e9 Lu\u00eds Padilha<\/strong><\/p>\n<p>Este material tem por objetivo apresentar as tecnologias existentes no que tange \u00e0 transmiss\u00e3o dos ve\u00edculos, principalmente os de passeio, com destaque nos tipos de transmiss\u00f5es existentes, transmiss\u00f5es manuais, autom\u00e1ticas e automatizadas. Fornece, ainda, um conte\u00fado t\u00e9cnico sobre a transmiss\u00e3o automotiva, a fim de facilitar a manuten\u00e7\u00e3o de um ve\u00edculo, mostrando as diferen\u00e7as de cada tipo de transmiss\u00e3o, com foco nos tipos comercializados pela ind\u00fastria automotiva, e de identificar problemas comuns e como proceder na elimina\u00e7\u00e3o deles.<\/p>\n<div class=\"botao-livro-curso\"><button class=\"botao-demo\"><a class=\"link-demo\" href=\"https:\/\/novo.nteditora.com.br\/demos\/tecnico\/STA_livro_demo.pdf\" target=\"_blank\" rel=\"noopener\">Leia o primeiro cap\u00edtulo GR\u00c1TIS<\/a><\/button><\/div>\n","protected":false},"featured_media":2004,"template":"","meta":[],"product_brand":[],"product_cat":[22,16],"product_tag":[],"class_list":{"0":"post-2043","1":"product","2":"type-product","3":"status-publish","4":"has-post-thumbnail","6":"product_cat-controle-de-processos-industriais","7":"product_cat-formacao-tecnico-e-profissional","9":"first","10":"onbackorder","11":"taxable","12":"shipping-taxable","13":"purchasable","14":"product-type-simple"},"_links":{"self":[{"href":"http:\/\/novo.nteditora.com.br\/loja\/wp-json\/wp\/v2\/product\/2043","targetHints":{"allow":["GET"]}}],"collection":[{"href":"http:\/\/novo.nteditora.com.br\/loja\/wp-json\/wp\/v2\/product"}],"about":[{"href":"http:\/\/novo.nteditora.com.br\/loja\/wp-json\/wp\/v2\/types\/product"}],"wp:featuredmedia":[{"embeddable":true,"href":"http:\/\/novo.nteditora.com.br\/loja\/wp-json\/wp\/v2\/media\/2004"}],"wp:attachment":[{"href":"http:\/\/novo.nteditora.com.br\/loja\/wp-json\/wp\/v2\/media?parent=2043"}],"wp:term":[{"taxonomy":"product_brand","embeddable":true,"href":"http:\/\/novo.nteditora.com.br\/loja\/wp-json\/wp\/v2\/product_brand?post=2043"},{"taxonomy":"product_cat","embeddable":true,"href":"http:\/\/novo.nteditora.com.br\/loja\/wp-json\/wp\/v2\/product_cat?post=2043"},{"taxonomy":"product_tag","embeddable":true,"href":"http:\/\/novo.nteditora.com.br\/loja\/wp-json\/wp\/v2\/product_tag?post=2043"}],"curies":[{"name":"wp","href":"https:\/\/api.w.org\/{rel}","templated":true}]}}