{"id":2053,"date":"2024-05-12T00:06:47","date_gmt":"2024-05-12T03:06:47","guid":{"rendered":"https:\/\/novo.nteditora.com.br\/loja\/?post_type=product&#038;p=2053"},"modified":"2024-08-20T09:34:03","modified_gmt":"2024-08-20T12:34:03","slug":"criacao-de-animacoes-para-internet-com-animate-cc","status":"publish","type":"product","link":"http:\/\/novo.nteditora.com.br\/loja\/produto\/criacao-de-animacoes-para-internet-com-animate-cc\/","title":{"rendered":"Cria\u00e7\u00e3o de Anima\u00e7\u00f5es para Internet com Animate CC"},"content":{"rendered":"","protected":false},"excerpt":{"rendered":"<p><strong>Maycon Cantu\u00e1ria Sadala<\/strong><\/p>\n<p>Pensou em anima\u00e7\u00e3o na web, pensou em Animate CC. Upgrade do Flash, essa \u00e9 a mais nova vers\u00e3o do programa\u00e7\u00e3o de anima\u00e7\u00e3o da Adobe. Atualmente, \u00e9 tamb\u00e9m usado como plataforma para distribui\u00e7\u00e3o de v\u00eddeos e montagem de sites mais interativos e agrad\u00e1veis de navegar. Neste material. mostram-se detalhes de como usar ferramentas de desenho e pintura com vistas a criar uma ilustra\u00e7\u00e3o sofisticada, para, em seguida, apresentarmos dicas e t\u00e9cnicas de uso das ferramentas de anima\u00e7\u00e3o para gerar um clipe em que as letras e objetos se movam.<\/p>\n<div class=\"botao-livro-curso\"><button class=\"botao-demo\"><a class=\"link-demo\" href=\"https:\/\/novo.nteditora.com.br\/demos\/tecnico\/ANC_livro_demo.pdf\" target=\"_blank\" rel=\"noopener\">Leia o primeiro cap\u00edtulo GR\u00c1TIS<\/a><\/button><\/div>\n","protected":false},"featured_media":2060,"template":"","meta":[],"product_brand":[],"product_cat":[16,19],"product_tag":[],"class_list":{"0":"post-2053","1":"product","2":"type-product","3":"status-publish","4":"has-post-thumbnail","6":"product_cat-formacao-tecnico-e-profissional","7":"product_cat-informacao-e-comunicacao","9":"first","10":"onbackorder","11":"taxable","12":"shipping-taxable","13":"purchasable","14":"product-type-simple"},"_links":{"self":[{"href":"http:\/\/novo.nteditora.com.br\/loja\/wp-json\/wp\/v2\/product\/2053","targetHints":{"allow":["GET"]}}],"collection":[{"href":"http:\/\/novo.nteditora.com.br\/loja\/wp-json\/wp\/v2\/product"}],"about":[{"href":"http:\/\/novo.nteditora.com.br\/loja\/wp-json\/wp\/v2\/types\/product"}],"wp:featuredmedia":[{"embeddable":true,"href":"http:\/\/novo.nteditora.com.br\/loja\/wp-json\/wp\/v2\/media\/2060"}],"wp:attachment":[{"href":"http:\/\/novo.nteditora.com.br\/loja\/wp-json\/wp\/v2\/media?parent=2053"}],"wp:term":[{"taxonomy":"product_brand","embeddable":true,"href":"http:\/\/novo.nteditora.com.br\/loja\/wp-json\/wp\/v2\/product_brand?post=2053"},{"taxonomy":"product_cat","embeddable":true,"href":"http:\/\/novo.nteditora.com.br\/loja\/wp-json\/wp\/v2\/product_cat?post=2053"},{"taxonomy":"product_tag","embeddable":true,"href":"http:\/\/novo.nteditora.com.br\/loja\/wp-json\/wp\/v2\/product_tag?post=2053"}],"curies":[{"name":"wp","href":"https:\/\/api.w.org\/{rel}","templated":true}]}}