{"id":2057,"date":"2024-05-12T00:10:03","date_gmt":"2024-05-12T03:10:03","guid":{"rendered":"https:\/\/novo.nteditora.com.br\/loja\/?post_type=product&#038;p=2057"},"modified":"2024-08-20T09:34:04","modified_gmt":"2024-08-20T12:34:04","slug":"documentacao-e-testes","status":"publish","type":"product","link":"http:\/\/novo.nteditora.com.br\/loja\/produto\/documentacao-e-testes\/","title":{"rendered":"Documenta\u00e7\u00e3o e Testes"},"content":{"rendered":"","protected":false},"excerpt":{"rendered":"<p><strong>Andr\u00e9 Feitoza de Mendon\u00e7a<\/strong><\/p>\n<p>Atualmente, os sistemas da informa\u00e7\u00e3o ocupam um papel importante no nosso cotidiano. Por conta disso, a complexidade desses programas aumenta a cada dia. O funcionamento desses sistemas deve ser documentado para que eles sejam apropriadamente desenvolvidos e que haja manuten\u00e7\u00f5es adequadas sem maiores custos. Com efeito, a documenta\u00e7\u00e3o tamb\u00e9m \u00e9 essencial para que a qualidade de programas seja garantida por meio da execu\u00e7\u00e3o de testes. Os testes, por sua vez, asseguram que os sistemas funcionem apropriadamente. Nesse contexto, esse material apresenta os principais modelos e metodologias de desenvolvimento de software; as etapas da engenharia de requisitos; e o processo de testes e a documenta\u00e7\u00e3o necess\u00e1ria para garantir a qualidade do produto.<\/p>\n<div class=\"botao-livro-curso\"><button class=\"botao-demo\"><a class=\"link-demo\" href=\"https:\/\/novo.nteditora.com.br\/demos\/tecnico\/DOC_livro_demo.pdf\" target=\"_blank\" rel=\"noopener\">Leia o primeiro cap\u00edtulo GR\u00c1TIS<\/a><\/button><\/div>\n","protected":false},"featured_media":2063,"template":"","meta":[],"product_brand":[],"product_cat":[16,19],"product_tag":[],"class_list":{"0":"post-2057","1":"product","2":"type-product","3":"status-publish","4":"has-post-thumbnail","6":"product_cat-formacao-tecnico-e-profissional","7":"product_cat-informacao-e-comunicacao","9":"first","10":"onbackorder","11":"taxable","12":"shipping-taxable","13":"purchasable","14":"product-type-simple"},"_links":{"self":[{"href":"http:\/\/novo.nteditora.com.br\/loja\/wp-json\/wp\/v2\/product\/2057","targetHints":{"allow":["GET"]}}],"collection":[{"href":"http:\/\/novo.nteditora.com.br\/loja\/wp-json\/wp\/v2\/product"}],"about":[{"href":"http:\/\/novo.nteditora.com.br\/loja\/wp-json\/wp\/v2\/types\/product"}],"wp:featuredmedia":[{"embeddable":true,"href":"http:\/\/novo.nteditora.com.br\/loja\/wp-json\/wp\/v2\/media\/2063"}],"wp:attachment":[{"href":"http:\/\/novo.nteditora.com.br\/loja\/wp-json\/wp\/v2\/media?parent=2057"}],"wp:term":[{"taxonomy":"product_brand","embeddable":true,"href":"http:\/\/novo.nteditora.com.br\/loja\/wp-json\/wp\/v2\/product_brand?post=2057"},{"taxonomy":"product_cat","embeddable":true,"href":"http:\/\/novo.nteditora.com.br\/loja\/wp-json\/wp\/v2\/product_cat?post=2057"},{"taxonomy":"product_tag","embeddable":true,"href":"http:\/\/novo.nteditora.com.br\/loja\/wp-json\/wp\/v2\/product_tag?post=2057"}],"curies":[{"name":"wp","href":"https:\/\/api.w.org\/{rel}","templated":true}]}}