{"id":2075,"date":"2024-05-12T00:11:13","date_gmt":"2024-05-12T03:11:13","guid":{"rendered":"https:\/\/novo.nteditora.com.br\/loja\/?post_type=product&#038;p=2075"},"modified":"2024-08-20T09:34:05","modified_gmt":"2024-08-20T12:34:05","slug":"editoracao-eletronica-com-indesign","status":"publish","type":"product","link":"http:\/\/novo.nteditora.com.br\/loja\/produto\/editoracao-eletronica-com-indesign\/","title":{"rendered":"Editora\u00e7\u00e3o Eletr\u00f4nica com Indesign"},"content":{"rendered":"","protected":false},"excerpt":{"rendered":"<p><strong>Marcus Vin\u00edcius de Oliveira Hermeto<\/strong><\/p>\n<p>Com a evolu\u00e7\u00e3o das artes gr\u00e1ficas, o profissional do design gr\u00e1fico se depara com o desafio de construir projetos cada vez mais elaborados. Este material apresenta um grande n\u00famero de recursos que podem auxili\u00e1-lo a diagramar publica\u00e7\u00f5es de alto n\u00edvel, com inser\u00e7\u00e3o de imagens e aplica\u00e7\u00e3o de efeitos. Para esse profissional, \u00e9 importante saber trabalhar no InDesign CS4 para sua inser\u00e7\u00e3o no competitivo mercado de trabalho.<\/p>\n<div class=\"botao-livro-curso\"><button class=\"botao-demo\"><a class=\"link-demo\" href=\"https:\/\/novo.nteditora.com.br\/demos\/tecnico\/IND_livro_demo.pdf\" target=\"_blank\" rel=\"noopener\">Leia o primeiro cap\u00edtulo GR\u00c1TIS<\/a><\/button><\/div>\n","protected":false},"featured_media":2084,"template":"","meta":[],"product_brand":[],"product_cat":[16,19],"product_tag":[],"class_list":{"0":"post-2075","1":"product","2":"type-product","3":"status-publish","4":"has-post-thumbnail","6":"product_cat-formacao-tecnico-e-profissional","7":"product_cat-informacao-e-comunicacao","9":"first","10":"onbackorder","11":"taxable","12":"shipping-taxable","13":"purchasable","14":"product-type-simple"},"_links":{"self":[{"href":"http:\/\/novo.nteditora.com.br\/loja\/wp-json\/wp\/v2\/product\/2075","targetHints":{"allow":["GET"]}}],"collection":[{"href":"http:\/\/novo.nteditora.com.br\/loja\/wp-json\/wp\/v2\/product"}],"about":[{"href":"http:\/\/novo.nteditora.com.br\/loja\/wp-json\/wp\/v2\/types\/product"}],"wp:featuredmedia":[{"embeddable":true,"href":"http:\/\/novo.nteditora.com.br\/loja\/wp-json\/wp\/v2\/media\/2084"}],"wp:attachment":[{"href":"http:\/\/novo.nteditora.com.br\/loja\/wp-json\/wp\/v2\/media?parent=2075"}],"wp:term":[{"taxonomy":"product_brand","embeddable":true,"href":"http:\/\/novo.nteditora.com.br\/loja\/wp-json\/wp\/v2\/product_brand?post=2075"},{"taxonomy":"product_cat","embeddable":true,"href":"http:\/\/novo.nteditora.com.br\/loja\/wp-json\/wp\/v2\/product_cat?post=2075"},{"taxonomy":"product_tag","embeddable":true,"href":"http:\/\/novo.nteditora.com.br\/loja\/wp-json\/wp\/v2\/product_tag?post=2075"}],"curies":[{"name":"wp","href":"https:\/\/api.w.org\/{rel}","templated":true}]}}