{"id":2079,"date":"2024-05-12T00:15:21","date_gmt":"2024-05-12T03:15:21","guid":{"rendered":"https:\/\/novo.nteditora.com.br\/loja\/?post_type=product&#038;p=2079"},"modified":"2024-08-20T09:34:06","modified_gmt":"2024-08-20T12:34:06","slug":"fundamentos-de-redes-linux","status":"publish","type":"product","link":"http:\/\/novo.nteditora.com.br\/loja\/produto\/fundamentos-de-redes-linux\/","title":{"rendered":"Fundamentos de Redes Linux"},"content":{"rendered":"","protected":false},"excerpt":{"rendered":"<p><strong>Ismael Souza Ara\u00fajo e Salvador Alves de Melo J\u00fanior<\/strong><\/p>\n<p>A administra\u00e7\u00e3o de redes tem um papel cada vez mais fundamental no \u00e2mbito das tecnologias da informa\u00e7\u00e3o. Essa \u00e1rea tem uma enorme abrang\u00eancia das tecnologias e dos servi\u00e7os que o administrador deve conhecer para ser capaz de assegurar o correto funcionamento de uma rede de inform\u00e1tica. A forma\u00e7\u00e3o de um bom profissional passa, necessariamente, pela aquisi\u00e7\u00e3o dos conhecimentos te\u00f3ricos fundamentais, mas, sobretudo, pela experi\u00eancia adquirida por meio da sua aplica\u00e7\u00e3o a cen\u00e1rios concretos. Este conte\u00fado explicita todos os conceitos te\u00f3ricos e pr\u00e1ticos necess\u00e1rios \u00e0 utiliza\u00e7\u00e3o do sistema operacional LINUX na \u00e1rea da Administra\u00e7\u00e3o de Sistemas e Redes.<\/p>\n<div class=\"botao-livro-curso\"><button class=\"botao-demo\"><a class=\"link-demo\" href=\"https:\/\/novo.nteditora.com.br\/demos\/tecnico\/LX2_livro_demo.pdf\" target=\"_blank\" rel=\"noopener\">Leia o primeiro cap\u00edtulo GR\u00c1TIS<\/a><\/button><\/div>\n","protected":false},"featured_media":2085,"template":"","meta":[],"product_brand":[],"product_cat":[16,19],"product_tag":[],"class_list":{"0":"post-2079","1":"product","2":"type-product","3":"status-publish","4":"has-post-thumbnail","6":"product_cat-formacao-tecnico-e-profissional","7":"product_cat-informacao-e-comunicacao","9":"first","10":"onbackorder","11":"taxable","12":"shipping-taxable","13":"purchasable","14":"product-type-simple"},"_links":{"self":[{"href":"http:\/\/novo.nteditora.com.br\/loja\/wp-json\/wp\/v2\/product\/2079","targetHints":{"allow":["GET"]}}],"collection":[{"href":"http:\/\/novo.nteditora.com.br\/loja\/wp-json\/wp\/v2\/product"}],"about":[{"href":"http:\/\/novo.nteditora.com.br\/loja\/wp-json\/wp\/v2\/types\/product"}],"wp:featuredmedia":[{"embeddable":true,"href":"http:\/\/novo.nteditora.com.br\/loja\/wp-json\/wp\/v2\/media\/2085"}],"wp:attachment":[{"href":"http:\/\/novo.nteditora.com.br\/loja\/wp-json\/wp\/v2\/media?parent=2079"}],"wp:term":[{"taxonomy":"product_brand","embeddable":true,"href":"http:\/\/novo.nteditora.com.br\/loja\/wp-json\/wp\/v2\/product_brand?post=2079"},{"taxonomy":"product_cat","embeddable":true,"href":"http:\/\/novo.nteditora.com.br\/loja\/wp-json\/wp\/v2\/product_cat?post=2079"},{"taxonomy":"product_tag","embeddable":true,"href":"http:\/\/novo.nteditora.com.br\/loja\/wp-json\/wp\/v2\/product_tag?post=2079"}],"curies":[{"name":"wp","href":"https:\/\/api.w.org\/{rel}","templated":true}]}}