{"id":2090,"date":"2024-05-12T00:17:16","date_gmt":"2024-05-12T03:17:16","guid":{"rendered":"https:\/\/novo.nteditora.com.br\/loja\/?post_type=product&#038;p=2090"},"modified":"2024-08-20T09:34:06","modified_gmt":"2024-08-20T12:34:06","slug":"gerenciamento-de-mensagens-e-tarefas-outlook-2016","status":"publish","type":"product","link":"http:\/\/novo.nteditora.com.br\/loja\/produto\/gerenciamento-de-mensagens-e-tarefas-outlook-2016\/","title":{"rendered":"Gerenciamento de Mensagens e Tarefas &#8211; Outlook 2016"},"content":{"rendered":"","protected":false},"excerpt":{"rendered":"<p><strong>Marcelo Avelino de Medeiros<\/strong><\/p>\n<p>O dom\u00ednio das modernas tecnologias de informa\u00e7\u00e3o, com especial destaque para os sistemas informatizados de gerenciamento de correspond\u00eancias, tornou-se um imperativo profissional nos dias de hoje. A partir da populariza\u00e7\u00e3o do uso do e-mail como recurso de comunica\u00e7\u00e3o cotidiana, o mercado corporativo favoreceu e estimulou o desenvolvimento de sofisticados mecanismos de gerenciamento de mensagens. Neste livro voc\u00ea encontrar\u00e1 todas as informa\u00e7\u00f5es necess\u00e1rias para tornar-se um usu\u00e1rio \u00e1gil e seguro dos modernos sistemas de gerenciamento de correspond\u00eancias eletr\u00f4nicas.<\/p>\n<div class=\"botao-livro-curso\"><button class=\"botao-demo\"><a class=\"link-demo\" href=\"https:\/\/novo.nteditora.com.br\/demos\/tecnico\/OUT16_livro_demo.pdf\" target=\"_blank\" rel=\"noopener\">Leia o primeiro cap\u00edtulo GR\u00c1TIS<\/a><\/button><\/div>\n","protected":false},"featured_media":2098,"template":"","meta":[],"product_brand":[],"product_cat":[16,19],"product_tag":[],"class_list":{"0":"post-2090","1":"product","2":"type-product","3":"status-publish","4":"has-post-thumbnail","6":"product_cat-formacao-tecnico-e-profissional","7":"product_cat-informacao-e-comunicacao","9":"first","10":"onbackorder","11":"taxable","12":"shipping-taxable","13":"purchasable","14":"product-type-simple"},"_links":{"self":[{"href":"http:\/\/novo.nteditora.com.br\/loja\/wp-json\/wp\/v2\/product\/2090","targetHints":{"allow":["GET"]}}],"collection":[{"href":"http:\/\/novo.nteditora.com.br\/loja\/wp-json\/wp\/v2\/product"}],"about":[{"href":"http:\/\/novo.nteditora.com.br\/loja\/wp-json\/wp\/v2\/types\/product"}],"wp:featuredmedia":[{"embeddable":true,"href":"http:\/\/novo.nteditora.com.br\/loja\/wp-json\/wp\/v2\/media\/2098"}],"wp:attachment":[{"href":"http:\/\/novo.nteditora.com.br\/loja\/wp-json\/wp\/v2\/media?parent=2090"}],"wp:term":[{"taxonomy":"product_brand","embeddable":true,"href":"http:\/\/novo.nteditora.com.br\/loja\/wp-json\/wp\/v2\/product_brand?post=2090"},{"taxonomy":"product_cat","embeddable":true,"href":"http:\/\/novo.nteditora.com.br\/loja\/wp-json\/wp\/v2\/product_cat?post=2090"},{"taxonomy":"product_tag","embeddable":true,"href":"http:\/\/novo.nteditora.com.br\/loja\/wp-json\/wp\/v2\/product_tag?post=2090"}],"curies":[{"name":"wp","href":"https:\/\/api.w.org\/{rel}","templated":true}]}}