{"id":2093,"date":"2024-05-12T00:20:22","date_gmt":"2024-05-12T03:20:22","guid":{"rendered":"https:\/\/novo.nteditora.com.br\/loja\/?post_type=product&#038;p=2093"},"modified":"2024-08-20T09:34:07","modified_gmt":"2024-08-20T12:34:07","slug":"informatica-e-sociedade","status":"publish","type":"product","link":"http:\/\/novo.nteditora.com.br\/loja\/produto\/informatica-e-sociedade\/","title":{"rendered":"Inform\u00e1tica e Sociedade"},"content":{"rendered":"","protected":false},"excerpt":{"rendered":"<p><strong>Jos\u00e9 Ricardo de Ara\u00fajo Moreira<\/strong><\/p>\n<p>Este livro mostra a import\u00e2ncia da inform\u00e1tica no contexto atual, os impactos causados pela globaliza\u00e7\u00e3o e o car\u00e1ter estrat\u00e9gico da informa\u00e7\u00e3o. Por meio de momentos hist\u00f3ricos ser\u00e1 visto a evolu\u00e7\u00e3o informacional e suas consequ\u00eancias no dia a dia com a chegada da internet. Voc\u00ea aprender\u00e1 tamb\u00e9m as caracter\u00edsticas b\u00e1sicas da legisla\u00e7\u00e3o de software no Brasil.<\/p>\n<div class=\"botao-livro-curso\"><button class=\"botao-demo\"><a class=\"link-demo\" href=\"https:\/\/novo.nteditora.com.br\/demos\/tecnico\/INS_livro_demo.pdf\" target=\"_blank\" rel=\"noopener\">Leia o primeiro cap\u00edtulo GR\u00c1TIS<\/a><\/button><\/div>\n","protected":false},"featured_media":2096,"template":"","meta":[],"product_brand":[],"product_cat":[16,19],"product_tag":[],"class_list":{"0":"post-2093","1":"product","2":"type-product","3":"status-publish","4":"has-post-thumbnail","6":"product_cat-formacao-tecnico-e-profissional","7":"product_cat-informacao-e-comunicacao","9":"first","10":"onbackorder","11":"taxable","12":"shipping-taxable","13":"purchasable","14":"product-type-simple"},"_links":{"self":[{"href":"http:\/\/novo.nteditora.com.br\/loja\/wp-json\/wp\/v2\/product\/2093","targetHints":{"allow":["GET"]}}],"collection":[{"href":"http:\/\/novo.nteditora.com.br\/loja\/wp-json\/wp\/v2\/product"}],"about":[{"href":"http:\/\/novo.nteditora.com.br\/loja\/wp-json\/wp\/v2\/types\/product"}],"wp:featuredmedia":[{"embeddable":true,"href":"http:\/\/novo.nteditora.com.br\/loja\/wp-json\/wp\/v2\/media\/2096"}],"wp:attachment":[{"href":"http:\/\/novo.nteditora.com.br\/loja\/wp-json\/wp\/v2\/media?parent=2093"}],"wp:term":[{"taxonomy":"product_brand","embeddable":true,"href":"http:\/\/novo.nteditora.com.br\/loja\/wp-json\/wp\/v2\/product_brand?post=2093"},{"taxonomy":"product_cat","embeddable":true,"href":"http:\/\/novo.nteditora.com.br\/loja\/wp-json\/wp\/v2\/product_cat?post=2093"},{"taxonomy":"product_tag","embeddable":true,"href":"http:\/\/novo.nteditora.com.br\/loja\/wp-json\/wp\/v2\/product_tag?post=2093"}],"curies":[{"name":"wp","href":"https:\/\/api.w.org\/{rel}","templated":true}]}}