{"id":2111,"date":"2024-05-12T00:22:47","date_gmt":"2024-05-12T03:22:47","guid":{"rendered":"https:\/\/novo.nteditora.com.br\/loja\/?post_type=product&#038;p=2111"},"modified":"2024-08-20T09:34:08","modified_gmt":"2024-08-20T12:34:08","slug":"internet-e-suas-ferramentas","status":"publish","type":"product","link":"http:\/\/novo.nteditora.com.br\/loja\/produto\/internet-e-suas-ferramentas\/","title":{"rendered":"Internet e Suas Ferramentas"},"content":{"rendered":"","protected":false},"excerpt":{"rendered":"<p><strong>Jos\u00e9 Ricardo de Ara\u00fajo Moreira<\/strong><\/p>\n<p>O livro Internet e suas Ferramentas apresenta ao leitor, de forma pr\u00e1tica e exemplificada, as diversas ferramentas e servi\u00e7os oferecidos pela Internet, como navegadores e gerenciadores de e-mail, programas para download e de comunica\u00e7\u00e3o instant\u00e2nea, sites de relacionamento, bem como os conceitos, recursos e ferramentas disponibilizados web 2.0. Por meio de exemplos pr\u00e1ticos voc\u00ea aprender\u00e1 a utilizar com mais efici\u00eancia e rapidez os melhores recursos dispon\u00edveis na Internet.<\/p>\n<div class=\"botao-livro-curso\"><button class=\"botao-demo\"><a class=\"link-demo\" href=\"https:\/\/novo.nteditora.com.br\/demos\/tecnico\/NET_livro_demo.pdf\" target=\"_blank\" rel=\"noopener\">Leia o primeiro cap\u00edtulo GR\u00c1TIS<\/a><\/button><\/div>\n","protected":false},"featured_media":2119,"template":"","meta":[],"product_brand":[],"product_cat":[16,19],"product_tag":[],"class_list":{"0":"post-2111","1":"product","2":"type-product","3":"status-publish","4":"has-post-thumbnail","6":"product_cat-formacao-tecnico-e-profissional","7":"product_cat-informacao-e-comunicacao","9":"first","10":"onbackorder","11":"taxable","12":"shipping-taxable","13":"purchasable","14":"product-type-simple"},"_links":{"self":[{"href":"http:\/\/novo.nteditora.com.br\/loja\/wp-json\/wp\/v2\/product\/2111","targetHints":{"allow":["GET"]}}],"collection":[{"href":"http:\/\/novo.nteditora.com.br\/loja\/wp-json\/wp\/v2\/product"}],"about":[{"href":"http:\/\/novo.nteditora.com.br\/loja\/wp-json\/wp\/v2\/types\/product"}],"wp:featuredmedia":[{"embeddable":true,"href":"http:\/\/novo.nteditora.com.br\/loja\/wp-json\/wp\/v2\/media\/2119"}],"wp:attachment":[{"href":"http:\/\/novo.nteditora.com.br\/loja\/wp-json\/wp\/v2\/media?parent=2111"}],"wp:term":[{"taxonomy":"product_brand","embeddable":true,"href":"http:\/\/novo.nteditora.com.br\/loja\/wp-json\/wp\/v2\/product_brand?post=2111"},{"taxonomy":"product_cat","embeddable":true,"href":"http:\/\/novo.nteditora.com.br\/loja\/wp-json\/wp\/v2\/product_cat?post=2111"},{"taxonomy":"product_tag","embeddable":true,"href":"http:\/\/novo.nteditora.com.br\/loja\/wp-json\/wp\/v2\/product_tag?post=2111"}],"curies":[{"name":"wp","href":"https:\/\/api.w.org\/{rel}","templated":true}]}}