{"id":2112,"date":"2024-05-12T00:23:49","date_gmt":"2024-05-12T03:23:49","guid":{"rendered":"https:\/\/novo.nteditora.com.br\/loja\/?post_type=product&#038;p=2112"},"modified":"2024-08-20T09:34:08","modified_gmt":"2024-08-20T12:34:08","slug":"introducao-a-computacao","status":"publish","type":"product","link":"http:\/\/novo.nteditora.com.br\/loja\/produto\/introducao-a-computacao\/","title":{"rendered":"Introdu\u00e7\u00e3o \u00e0 Computa\u00e7\u00e3o"},"content":{"rendered":"","protected":false},"excerpt":{"rendered":"<p><strong>Lu\u00eds Carlos de Paula Barcellos<\/strong><\/p>\n<p>Neste material, voc\u00ea aprender\u00e1 sobre o surgimento dos computadores, desde o mais simples instrumento de calcular at\u00e9 os computadores modernos; entender\u00e1 como \u00e9 arquitetado e organizado os computadores atuais e como s\u00e3o conectados os mais diversos tipos de perif\u00e9ricos para as mais variadas aplica\u00e7\u00f5es; descobrir\u00e1 como \u00e9 feita a intera\u00e7\u00e3o entre o homem e a m\u00e1quina; conhecer\u00e1 os principais tipos de softwares utilizados na computa\u00e7\u00e3o moderna; aprender\u00e1 como \u00e9 realizada a interconex\u00e3o entre computadores e os principais tipos de redes de computadores utilizadas atualmente; conhecer\u00e1 os pilares da seguran\u00e7a no \u00e2mbito computacional, amea\u00e7as mais comuns e os principais sistemas utilizados para mitigar ou neutralizar tais amea\u00e7as.<\/p>\n<div class=\"botao-livro-curso\"><button class=\"botao-demo\"><a class=\"link-demo\" href=\"https:\/\/novo.nteditora.com.br\/demos\/tecnico\/ICO_livro_demo.pdf\" target=\"_blank\" rel=\"noopener\">Leia o primeiro cap\u00edtulo GR\u00c1TIS<\/a><\/button><\/div>\n","protected":false},"featured_media":2122,"template":"","meta":[],"product_brand":[],"product_cat":[16,19],"product_tag":[],"class_list":{"0":"post-2112","1":"product","2":"type-product","3":"status-publish","4":"has-post-thumbnail","6":"product_cat-formacao-tecnico-e-profissional","7":"product_cat-informacao-e-comunicacao","9":"first","10":"onbackorder","11":"taxable","12":"shipping-taxable","13":"purchasable","14":"product-type-simple"},"_links":{"self":[{"href":"http:\/\/novo.nteditora.com.br\/loja\/wp-json\/wp\/v2\/product\/2112","targetHints":{"allow":["GET"]}}],"collection":[{"href":"http:\/\/novo.nteditora.com.br\/loja\/wp-json\/wp\/v2\/product"}],"about":[{"href":"http:\/\/novo.nteditora.com.br\/loja\/wp-json\/wp\/v2\/types\/product"}],"wp:featuredmedia":[{"embeddable":true,"href":"http:\/\/novo.nteditora.com.br\/loja\/wp-json\/wp\/v2\/media\/2122"}],"wp:attachment":[{"href":"http:\/\/novo.nteditora.com.br\/loja\/wp-json\/wp\/v2\/media?parent=2112"}],"wp:term":[{"taxonomy":"product_brand","embeddable":true,"href":"http:\/\/novo.nteditora.com.br\/loja\/wp-json\/wp\/v2\/product_brand?post=2112"},{"taxonomy":"product_cat","embeddable":true,"href":"http:\/\/novo.nteditora.com.br\/loja\/wp-json\/wp\/v2\/product_cat?post=2112"},{"taxonomy":"product_tag","embeddable":true,"href":"http:\/\/novo.nteditora.com.br\/loja\/wp-json\/wp\/v2\/product_tag?post=2112"}],"curies":[{"name":"wp","href":"https:\/\/api.w.org\/{rel}","templated":true}]}}