{"id":2113,"date":"2024-05-12T00:24:50","date_gmt":"2024-05-12T03:24:50","guid":{"rendered":"https:\/\/novo.nteditora.com.br\/loja\/?post_type=product&#038;p=2113"},"modified":"2024-08-20T09:34:09","modified_gmt":"2024-08-20T12:34:09","slug":"introducao-ao-uso-dos-computadores","status":"publish","type":"product","link":"http:\/\/novo.nteditora.com.br\/loja\/produto\/introducao-ao-uso-dos-computadores\/","title":{"rendered":"Introdu\u00e7\u00e3o Ao Uso dos Computadores"},"content":{"rendered":"","protected":false},"excerpt":{"rendered":"<p><strong>Jos\u00e9 Ricardo de Ara\u00fajo Moreira<\/strong><\/p>\n<p>A maioria das pessoas j\u00e1 trata o computador como um eletrodom\u00e9stico. De certa forma, ele est\u00e1 t\u00e3o presente em nossas vidas como uma geladeira ou uma televis\u00e3o. Isso faz com que ele nos seja familiar, sem que saibamos, na verdade, o que exatamente \u00e9 e como funciona. Sabemos o que \u00e9 um computador na pr\u00e1tica? Quais s\u00e3o as partes fundamentais desta m\u00e1quina? E quais s\u00e3o os recursos que ela pode nos oferecer? Neste livro o leitor ir\u00e1 se familiarizar com o ambiente virtual do computador e aprender conceitos b\u00e1sicos de microcomputadores, hardwares e softwares.<\/p>\n<div class=\"botao-livro-curso\"><button class=\"botao-demo\"><a class=\"link-demo\" href=\"https:\/\/novo.nteditora.com.br\/demos\/tecnico\/ICP_livro_demo.pdf\" target=\"_blank\" rel=\"noopener\">Leia o primeiro cap\u00edtulo GR\u00c1TIS<\/a><\/button><\/div>\n","protected":false},"featured_media":2127,"template":"","meta":[],"product_brand":[],"product_cat":[16,19],"product_tag":[],"class_list":{"0":"post-2113","1":"product","2":"type-product","3":"status-publish","4":"has-post-thumbnail","6":"product_cat-formacao-tecnico-e-profissional","7":"product_cat-informacao-e-comunicacao","9":"first","10":"onbackorder","11":"taxable","12":"shipping-taxable","13":"purchasable","14":"product-type-simple"},"_links":{"self":[{"href":"http:\/\/novo.nteditora.com.br\/loja\/wp-json\/wp\/v2\/product\/2113","targetHints":{"allow":["GET"]}}],"collection":[{"href":"http:\/\/novo.nteditora.com.br\/loja\/wp-json\/wp\/v2\/product"}],"about":[{"href":"http:\/\/novo.nteditora.com.br\/loja\/wp-json\/wp\/v2\/types\/product"}],"wp:featuredmedia":[{"embeddable":true,"href":"http:\/\/novo.nteditora.com.br\/loja\/wp-json\/wp\/v2\/media\/2127"}],"wp:attachment":[{"href":"http:\/\/novo.nteditora.com.br\/loja\/wp-json\/wp\/v2\/media?parent=2113"}],"wp:term":[{"taxonomy":"product_brand","embeddable":true,"href":"http:\/\/novo.nteditora.com.br\/loja\/wp-json\/wp\/v2\/product_brand?post=2113"},{"taxonomy":"product_cat","embeddable":true,"href":"http:\/\/novo.nteditora.com.br\/loja\/wp-json\/wp\/v2\/product_cat?post=2113"},{"taxonomy":"product_tag","embeddable":true,"href":"http:\/\/novo.nteditora.com.br\/loja\/wp-json\/wp\/v2\/product_tag?post=2113"}],"curies":[{"name":"wp","href":"https:\/\/api.w.org\/{rel}","templated":true}]}}