{"id":2128,"date":"2024-05-11T01:08:12","date_gmt":"2024-05-11T04:08:12","guid":{"rendered":"https:\/\/novo.nteditora.com.br\/loja\/?post_type=product&#038;p=2128"},"modified":"2024-08-20T09:34:11","modified_gmt":"2024-08-20T12:34:11","slug":"negocios-pela-internet","status":"publish","type":"product","link":"http:\/\/novo.nteditora.com.br\/loja\/produto\/negocios-pela-internet\/","title":{"rendered":"Neg\u00f3cios Pela Internet"},"content":{"rendered":"","protected":false},"excerpt":{"rendered":"<p><strong><span data-sheets-root=\"1\" data-sheets-value=\"{&quot;1&quot;:2,&quot;2&quot;:&quot;Erick Guilhon (Organizador)&quot;}\" data-sheets-userformat=\"{&quot;2&quot;:6909,&quot;3&quot;:{&quot;1&quot;:0},&quot;5&quot;:{&quot;1&quot;:[{&quot;1&quot;:2,&quot;2&quot;:0,&quot;5&quot;:{&quot;1&quot;:2,&quot;2&quot;:0}},{&quot;1&quot;:0,&quot;2&quot;:0,&quot;3&quot;:3},{&quot;1&quot;:1,&quot;2&quot;:0,&quot;4&quot;:1}]},&quot;6&quot;:{&quot;1&quot;:[{&quot;1&quot;:2,&quot;2&quot;:0,&quot;5&quot;:{&quot;1&quot;:2,&quot;2&quot;:0}},{&quot;1&quot;:0,&quot;2&quot;:0,&quot;3&quot;:3},{&quot;1&quot;:1,&quot;2&quot;:0,&quot;4&quot;:1}]},&quot;7&quot;:{&quot;1&quot;:[{&quot;1&quot;:2,&quot;2&quot;:0,&quot;5&quot;:{&quot;1&quot;:2,&quot;2&quot;:0}},{&quot;1&quot;:0,&quot;2&quot;:0,&quot;3&quot;:3},{&quot;1&quot;:1,&quot;2&quot;:0,&quot;4&quot;:1}]},&quot;8&quot;:{&quot;1&quot;:[{&quot;1&quot;:2,&quot;2&quot;:0,&quot;5&quot;:{&quot;1&quot;:2,&quot;2&quot;:0}},{&quot;1&quot;:0,&quot;2&quot;:0,&quot;3&quot;:3},{&quot;1&quot;:1,&quot;2&quot;:0,&quot;4&quot;:1}]},&quot;9&quot;:1,&quot;10&quot;:1,&quot;12&quot;:0,&quot;14&quot;:{&quot;1&quot;:2,&quot;2&quot;:0},&quot;15&quot;:&quot;Calibri&quot;}\">Erick Guilhon<\/span><\/strong><\/p>\n<p><span data-sheets-root=\"1\" data-sheets-value=\"{&quot;1&quot;:2,&quot;2&quot;:&quot;O livro Fundamentos de Administra\u00e7\u00e3o, por meio de um texto dial\u00f3gico, de f\u00e1cil leitura por sua concep\u00e7\u00e3o e organiza\u00e7\u00e3o did\u00e1ticas, busca facilitar o aprendizado, contando ainda com muitos exemplos pr\u00e1ticos e contextualizados que facilitam a fixa\u00e7\u00e3o dos conceitos. O livro busca capacitar o leitor a atuar na \u00e1rea administrativa de diferentes tipos de corpora\u00e7\u00f5es com qualidade e efici\u00eancia. S\u00e3o apresentados os principais tipos de administra\u00e7\u00e3o em uma organiza\u00e7\u00e3o, como a administra\u00e7\u00e3o de marketing e vendas, administra\u00e7\u00e3o de produ\u00e7\u00e3o, administra\u00e7\u00e3o de material, administra\u00e7\u00e3o financeira, administra\u00e7\u00e3o de recursos humanos - e ainda o uso da informa\u00e7\u00e3o e comunica\u00e7\u00e3o na administra\u00e7\u00e3o e a import\u00e2ncia da elabora\u00e7\u00e3o de um plano de neg\u00f3cios. O livro Fundamentos de administra\u00e7\u00e3o \u00e9 uma obra indispens\u00e1vel, tanto para alunos de administra\u00e7\u00e3o iniciantes como para profissionais que buscam aprimorar suas habilidades administrativas.&quot;}\" data-sheets-userformat=\"{&quot;2&quot;:6909,&quot;3&quot;:{&quot;1&quot;:0},&quot;5&quot;:{&quot;1&quot;:[{&quot;1&quot;:2,&quot;2&quot;:0,&quot;5&quot;:{&quot;1&quot;:2,&quot;2&quot;:0}},{&quot;1&quot;:0,&quot;2&quot;:0,&quot;3&quot;:3},{&quot;1&quot;:1,&quot;2&quot;:0,&quot;4&quot;:1}]},&quot;6&quot;:{&quot;1&quot;:[{&quot;1&quot;:2,&quot;2&quot;:0,&quot;5&quot;:{&quot;1&quot;:2,&quot;2&quot;:0}},{&quot;1&quot;:0,&quot;2&quot;:0,&quot;3&quot;:3},{&quot;1&quot;:1,&quot;2&quot;:0,&quot;4&quot;:1}]},&quot;7&quot;:{&quot;1&quot;:[{&quot;1&quot;:2,&quot;2&quot;:0,&quot;5&quot;:{&quot;1&quot;:2,&quot;2&quot;:0}},{&quot;1&quot;:0,&quot;2&quot;:0,&quot;3&quot;:3},{&quot;1&quot;:1,&quot;2&quot;:0,&quot;4&quot;:1}]},&quot;8&quot;:{&quot;1&quot;:[{&quot;1&quot;:2,&quot;2&quot;:0,&quot;5&quot;:{&quot;1&quot;:2,&quot;2&quot;:0}},{&quot;1&quot;:0,&quot;2&quot;:0,&quot;3&quot;:3},{&quot;1&quot;:1,&quot;2&quot;:0,&quot;4&quot;:1}]},&quot;9&quot;:1,&quot;10&quot;:1,&quot;12&quot;:0,&quot;14&quot;:{&quot;1&quot;:2,&quot;2&quot;:0},&quot;15&quot;:&quot;Calibri&quot;}\">O livro de Neg\u00f3cios pela Internet aborda um tema muito recorrente em nosso dia a dia, o com\u00e9rcio eletr\u00f4nico ou e-commerce. Os avan\u00e7os tecnol\u00f3gicos ocorridos nas \u00faltimas d\u00e9cadas possibilitaram um grande avan\u00e7o na \u00e1rea de comercializa\u00e7\u00e3o de produtos e servi\u00e7os. Assim, passamos a comprar e vender mercadorias ou servi\u00e7os pela Internet. O com\u00e9rcio eletr\u00f4nico \u00e9 um meio facilitador dos neg\u00f3cios, tornando o processo de compra e venda f\u00e1cil, seguro, r\u00e1pido e transparente, reduzindo os custos das empresas que atuam no segmento e estimulando a competitividade. O livro apresenta de forma clara e simples, os principais recursos e os passos necess\u00e1rios para a implanta\u00e7\u00e3o de um projeto de comercio eletr\u00f4nico bem sucedido em empresas de todos os portes.<\/span><\/p>\n<div class=\"botao-livro-curso\"><button class=\"botao-demo\" data-lt-tmp-id=\"lt-905655\" data-gramm=\"false\"><a class=\"link-demo\" href=\"https:\/\/novo.nteditora.com.br\/demos\/tecnico\/NOL_livro_demo.pdf\" target=\"_blank\" rel=\"noopener\">Leia o primeiro cap\u00edtulo GR\u00c1TIS<\/a><\/button><\/div>\n","protected":false},"featured_media":2129,"template":"","meta":[],"product_brand":[],"product_cat":[16,18],"product_tag":[],"class_list":{"0":"post-2128","1":"product","2":"type-product","3":"status-publish","4":"has-post-thumbnail","6":"product_cat-formacao-tecnico-e-profissional","7":"product_cat-gestao-e-negocios","9":"first","10":"onbackorder","11":"taxable","12":"shipping-taxable","13":"purchasable","14":"product-type-simple"},"_links":{"self":[{"href":"http:\/\/novo.nteditora.com.br\/loja\/wp-json\/wp\/v2\/product\/2128","targetHints":{"allow":["GET"]}}],"collection":[{"href":"http:\/\/novo.nteditora.com.br\/loja\/wp-json\/wp\/v2\/product"}],"about":[{"href":"http:\/\/novo.nteditora.com.br\/loja\/wp-json\/wp\/v2\/types\/product"}],"wp:featuredmedia":[{"embeddable":true,"href":"http:\/\/novo.nteditora.com.br\/loja\/wp-json\/wp\/v2\/media\/2129"}],"wp:attachment":[{"href":"http:\/\/novo.nteditora.com.br\/loja\/wp-json\/wp\/v2\/media?parent=2128"}],"wp:term":[{"taxonomy":"product_brand","embeddable":true,"href":"http:\/\/novo.nteditora.com.br\/loja\/wp-json\/wp\/v2\/product_brand?post=2128"},{"taxonomy":"product_cat","embeddable":true,"href":"http:\/\/novo.nteditora.com.br\/loja\/wp-json\/wp\/v2\/product_cat?post=2128"},{"taxonomy":"product_tag","embeddable":true,"href":"http:\/\/novo.nteditora.com.br\/loja\/wp-json\/wp\/v2\/product_tag?post=2128"}],"curies":[{"name":"wp","href":"https:\/\/api.w.org\/{rel}","templated":true}]}}