{"id":22,"date":"2024-05-11T00:02:59","date_gmt":"2024-05-11T03:02:59","guid":{"rendered":"https:\/\/novo.nteditora.com.br\/loja\/?post_type=product&#038;p=22"},"modified":"2024-08-20T09:34:01","modified_gmt":"2024-08-20T12:34:01","slug":"administracao-de-recursos-humanos","status":"publish","type":"product","link":"http:\/\/novo.nteditora.com.br\/loja\/produto\/administracao-de-recursos-humanos\/","title":{"rendered":"Administra\u00e7\u00e3o de Recursos Humanos"},"content":{"rendered":"","protected":false},"excerpt":{"rendered":"<p><strong>Edeuzane de F\u00e1tima Pereira da Silva Steinmetz<\/strong><\/p>\n<p>Este material tem como objetivo mostrar que, em qualquer empresa, torna-se fundamental ter uma administra\u00e7\u00e3o voltada \u00e0 gest\u00e3o de recursos humanos, visto que a continuidade de sua exist\u00eancia ser\u00e1 determinada pela qualidade de seus produtos ou servi\u00e7os, e, para que isso aconte\u00e7a, \u00e9 preciso que a empresa tenha como base pessoas motivadas e com alto n\u00edvel de qualidade pessoal e profissional. O conte\u00fado levar\u00e1 o aluno a entender os objetivos do sistema de recursos humanos, seu funcionamento e como aplicar suas atividades e a gest\u00e3o de recursos humanos na implementa\u00e7\u00e3o de uma gest\u00e3o moderna, saud\u00e1vel e eficaz. Ele apresentar\u00e1, ainda, de forma pr\u00e1tica e exemplificada, todos os processos, c\u00e1lculos trabalhistas, encargos sociais e benef\u00edcios aplic\u00e1veis. S\u00e3o abordadas as modernas t\u00e9cnicas de treinamento e desenvolvimento, administra\u00e7\u00e3o de cargos e sal\u00e1rios, bem como de auditoria de recursos humanos.<\/p>\n<div class=\"botao-livro-curso\"><button class=\"botao-demo\"><a class=\"link-demo\" href=\"https:\/\/novo.nteditora.com.br\/demos\/tecnico\/ARH_livro_demo.pdf\" target=\"_blank\" rel=\"noopener\">Leia o primeiro cap\u00edtulo GR\u00c1TIS<\/a><\/button><\/p>\n","protected":false},"featured_media":52,"template":"","meta":[],"product_brand":[],"product_cat":[16,18],"product_tag":[],"class_list":{"0":"post-22","1":"product","2":"type-product","3":"status-publish","4":"has-post-thumbnail","6":"product_cat-formacao-tecnico-e-profissional","7":"product_cat-gestao-e-negocios","9":"first","10":"onbackorder","11":"taxable","12":"shipping-taxable","13":"purchasable","14":"product-type-simple"},"_links":{"self":[{"href":"http:\/\/novo.nteditora.com.br\/loja\/wp-json\/wp\/v2\/product\/22","targetHints":{"allow":["GET"]}}],"collection":[{"href":"http:\/\/novo.nteditora.com.br\/loja\/wp-json\/wp\/v2\/product"}],"about":[{"href":"http:\/\/novo.nteditora.com.br\/loja\/wp-json\/wp\/v2\/types\/product"}],"wp:featuredmedia":[{"embeddable":true,"href":"http:\/\/novo.nteditora.com.br\/loja\/wp-json\/wp\/v2\/media\/52"}],"wp:attachment":[{"href":"http:\/\/novo.nteditora.com.br\/loja\/wp-json\/wp\/v2\/media?parent=22"}],"wp:term":[{"taxonomy":"product_brand","embeddable":true,"href":"http:\/\/novo.nteditora.com.br\/loja\/wp-json\/wp\/v2\/product_brand?post=22"},{"taxonomy":"product_cat","embeddable":true,"href":"http:\/\/novo.nteditora.com.br\/loja\/wp-json\/wp\/v2\/product_cat?post=22"},{"taxonomy":"product_tag","embeddable":true,"href":"http:\/\/novo.nteditora.com.br\/loja\/wp-json\/wp\/v2\/product_tag?post=22"}],"curies":[{"name":"wp","href":"https:\/\/api.w.org\/{rel}","templated":true}]}}