{"id":2253,"date":"2024-05-08T00:37:21","date_gmt":"2024-05-08T03:37:21","guid":{"rendered":"https:\/\/novo.nteditora.com.br\/loja\/?post_type=product&#038;p=2253"},"modified":"2024-08-20T09:34:12","modified_gmt":"2024-08-20T12:34:12","slug":"prevencao-de-doencas-e-promocao-da-saude-de-pessoas-com-deficiencia","status":"publish","type":"product","link":"http:\/\/novo.nteditora.com.br\/loja\/produto\/prevencao-de-doencas-e-promocao-da-saude-de-pessoas-com-deficiencia\/","title":{"rendered":"Preven\u00e7\u00e3o de Doen\u00e7as e Promo\u00e7\u00e3o da Sa\u00fade de Pessoas com Defici\u00eancia"},"content":{"rendered":"","protected":false},"excerpt":{"rendered":"<p><strong><span data-sheets-root=\"1\" data-sheets-value=\"{&quot;1&quot;:2,&quot;2&quot;:&quot;Ludmilson Roberto da Silva&quot;}\" data-sheets-userformat=\"{&quot;2&quot;:6911,&quot;3&quot;:{&quot;1&quot;:0},&quot;4&quot;:{&quot;1&quot;:2,&quot;2&quot;:16776960},&quot;5&quot;:{&quot;1&quot;:[{&quot;1&quot;:2,&quot;2&quot;:0,&quot;5&quot;:{&quot;1&quot;:2,&quot;2&quot;:0}},{&quot;1&quot;:0,&quot;2&quot;:0,&quot;3&quot;:3},{&quot;1&quot;:1,&quot;2&quot;:0,&quot;4&quot;:1}]},&quot;6&quot;:{&quot;1&quot;:[{&quot;1&quot;:2,&quot;2&quot;:0,&quot;5&quot;:{&quot;1&quot;:2,&quot;2&quot;:0}},{&quot;1&quot;:0,&quot;2&quot;:0,&quot;3&quot;:3},{&quot;1&quot;:1,&quot;2&quot;:0,&quot;4&quot;:1}]},&quot;7&quot;:{&quot;1&quot;:[{&quot;1&quot;:2,&quot;2&quot;:0,&quot;5&quot;:{&quot;1&quot;:2,&quot;2&quot;:0}},{&quot;1&quot;:0,&quot;2&quot;:0,&quot;3&quot;:3},{&quot;1&quot;:1,&quot;2&quot;:0,&quot;4&quot;:1}]},&quot;8&quot;:{&quot;1&quot;:[{&quot;1&quot;:2,&quot;2&quot;:0,&quot;5&quot;:{&quot;1&quot;:2,&quot;2&quot;:0}},{&quot;1&quot;:0,&quot;2&quot;:0,&quot;3&quot;:3},{&quot;1&quot;:1,&quot;2&quot;:0,&quot;4&quot;:1}]},&quot;9&quot;:1,&quot;10&quot;:1,&quot;12&quot;:0,&quot;14&quot;:{&quot;1&quot;:2,&quot;2&quot;:0},&quot;15&quot;:&quot;Calibri&quot;}\">Aline Tomaz de Carvalho<\/span><\/strong><\/p>\n<p><span data-sheets-root=\"1\" data-sheets-value=\"{&quot;1&quot;:2,&quot;2&quot;:&quot;O livro Preven\u00e7\u00e3o de doen\u00e7as e promo\u00e7\u00e3o da sa\u00fade de pessoas com defici\u00eancia foi elaborado com o intuito de capacitar potenciais agentes comunit\u00e1rios de sa\u00fade no Brasil para o acolhimento e a cria\u00e7\u00e3o de v\u00ednculo com a comunidade em que atua. Esse livro tratar\u00e1 de temas como: o conceito de pessoa com defici\u00eancia, de promo\u00e7\u00e3o da sa\u00fade e de preven\u00e7\u00e3o de doen\u00e7as; como s\u00e3o classificadas as defici\u00eancias; estat\u00edsticas e pol\u00edticas voltadas \u00e0 sa\u00fade de pessoas com defici\u00eancia; pessoas com surdocegueira e defici\u00eancia visual, auditiva, f\u00edsica, intelectual e mental; a Pol\u00edtica Nacional de Sa\u00fade Mental. Espera-se, pois, que o conte\u00fado seja inovador e prop\u00edcio \u00e0 forma\u00e7\u00e3o de futuros ACSs, com o intuito de que cheguem \u00e0s comunidades com conhecimento sobre as PcDs e realizem suas a\u00e7\u00f5es de forma acess\u00edvel e inclusiva.&quot;}\" data-sheets-userformat=\"{&quot;2&quot;:6911,&quot;3&quot;:{&quot;1&quot;:0},&quot;4&quot;:{&quot;1&quot;:2,&quot;2&quot;:16776960},&quot;5&quot;:{&quot;1&quot;:[{&quot;1&quot;:2,&quot;2&quot;:0,&quot;5&quot;:{&quot;1&quot;:2,&quot;2&quot;:0}},{&quot;1&quot;:0,&quot;2&quot;:0,&quot;3&quot;:3},{&quot;1&quot;:1,&quot;2&quot;:0,&quot;4&quot;:1}]},&quot;6&quot;:{&quot;1&quot;:[{&quot;1&quot;:2,&quot;2&quot;:0,&quot;5&quot;:{&quot;1&quot;:2,&quot;2&quot;:0}},{&quot;1&quot;:0,&quot;2&quot;:0,&quot;3&quot;:3},{&quot;1&quot;:1,&quot;2&quot;:0,&quot;4&quot;:1}]},&quot;7&quot;:{&quot;1&quot;:[{&quot;1&quot;:2,&quot;2&quot;:0,&quot;5&quot;:{&quot;1&quot;:2,&quot;2&quot;:0}},{&quot;1&quot;:0,&quot;2&quot;:0,&quot;3&quot;:3},{&quot;1&quot;:1,&quot;2&quot;:0,&quot;4&quot;:1}]},&quot;8&quot;:{&quot;1&quot;:[{&quot;1&quot;:2,&quot;2&quot;:0,&quot;5&quot;:{&quot;1&quot;:2,&quot;2&quot;:0}},{&quot;1&quot;:0,&quot;2&quot;:0,&quot;3&quot;:3},{&quot;1&quot;:1,&quot;2&quot;:0,&quot;4&quot;:1}]},&quot;9&quot;:1,&quot;10&quot;:1,&quot;12&quot;:0,&quot;14&quot;:{&quot;1&quot;:2,&quot;2&quot;:0},&quot;15&quot;:&quot;Calibri&quot;}\">O livro Preven\u00e7\u00e3o de doen\u00e7as e promo\u00e7\u00e3o da sa\u00fade de pessoas com defici\u00eancia foi elaborado com o intuito de capacitar potenciais agentes comunit\u00e1rios de sa\u00fade no Brasil para o acolhimento e a cria\u00e7\u00e3o de v\u00ednculo com a comunidade em que atua. Esse livro tratar\u00e1 de temas como: o conceito de pessoa com defici\u00eancia, de promo\u00e7\u00e3o da sa\u00fade e de preven\u00e7\u00e3o de doen\u00e7as; como s\u00e3o classificadas as defici\u00eancias; estat\u00edsticas e pol\u00edticas voltadas \u00e0 sa\u00fade de pessoas com defici\u00eancia; pessoas com surdocegueira e defici\u00eancia visual, auditiva, f\u00edsica, intelectual e mental; a Pol\u00edtica Nacional de Sa\u00fade Mental. Espera-se, pois, que o conte\u00fado seja inovador e prop\u00edcio \u00e0 forma\u00e7\u00e3o de futuros ACSs, com o intuito de que cheguem \u00e0s comunidades com conhecimento sobre as PcDs e realizem suas a\u00e7\u00f5es de forma acess\u00edvel e inclusiva.<\/span><\/p>\n<div class=\"botao-livro-curso\"><button class=\"botao-demo\" data-lt-tmp-id=\"lt-380747\" data-gramm=\"false\"><a class=\"link-demo\" href=\"https:\/\/novo.nteditora.com.br\/demos\/tecnico\/PDD_livro_demo.pdf\" target=\"_blank\" rel=\"noopener\">Leia o primeiro cap\u00edtulo GR\u00c1TIS<\/a><\/button><\/div>\n","protected":false},"featured_media":2254,"template":"","meta":[],"product_brand":[],"product_cat":[17,16],"product_tag":[],"class_list":{"0":"post-2253","1":"product","2":"type-product","3":"status-publish","4":"has-post-thumbnail","6":"product_cat-ambiente-e-saude","7":"product_cat-formacao-tecnico-e-profissional","9":"first","10":"onbackorder","11":"taxable","12":"shipping-taxable","13":"purchasable","14":"product-type-simple"},"_links":{"self":[{"href":"http:\/\/novo.nteditora.com.br\/loja\/wp-json\/wp\/v2\/product\/2253","targetHints":{"allow":["GET"]}}],"collection":[{"href":"http:\/\/novo.nteditora.com.br\/loja\/wp-json\/wp\/v2\/product"}],"about":[{"href":"http:\/\/novo.nteditora.com.br\/loja\/wp-json\/wp\/v2\/types\/product"}],"wp:featuredmedia":[{"embeddable":true,"href":"http:\/\/novo.nteditora.com.br\/loja\/wp-json\/wp\/v2\/media\/2254"}],"wp:attachment":[{"href":"http:\/\/novo.nteditora.com.br\/loja\/wp-json\/wp\/v2\/media?parent=2253"}],"wp:term":[{"taxonomy":"product_brand","embeddable":true,"href":"http:\/\/novo.nteditora.com.br\/loja\/wp-json\/wp\/v2\/product_brand?post=2253"},{"taxonomy":"product_cat","embeddable":true,"href":"http:\/\/novo.nteditora.com.br\/loja\/wp-json\/wp\/v2\/product_cat?post=2253"},{"taxonomy":"product_tag","embeddable":true,"href":"http:\/\/novo.nteditora.com.br\/loja\/wp-json\/wp\/v2\/product_tag?post=2253"}],"curies":[{"name":"wp","href":"https:\/\/api.w.org\/{rel}","templated":true}]}}