{"id":2262,"date":"2024-05-08T00:39:30","date_gmt":"2024-05-08T03:39:30","guid":{"rendered":"https:\/\/novo.nteditora.com.br\/loja\/?post_type=product&#038;p=2262"},"modified":"2024-08-20T09:34:12","modified_gmt":"2024-08-20T12:34:12","slug":"prevencao-de-doencas-e-promocao-da-saude-do-adulto","status":"publish","type":"product","link":"http:\/\/novo.nteditora.com.br\/loja\/produto\/prevencao-de-doencas-e-promocao-da-saude-do-adulto\/","title":{"rendered":"Preven\u00e7\u00e3o De Doen\u00e7as E Promo\u00e7\u00e3o Da Sa\u00fade Do Adulto"},"content":{"rendered":"","protected":false},"excerpt":{"rendered":"<p><strong><span data-sheets-root=\"1\" data-sheets-value=\"{&quot;1&quot;:2,&quot;2&quot;:&quot;Ludmilson Roberto da Silva&quot;}\" data-sheets-userformat=\"{&quot;2&quot;:6911,&quot;3&quot;:{&quot;1&quot;:0},&quot;4&quot;:{&quot;1&quot;:2,&quot;2&quot;:16776960},&quot;5&quot;:{&quot;1&quot;:[{&quot;1&quot;:2,&quot;2&quot;:0,&quot;5&quot;:{&quot;1&quot;:2,&quot;2&quot;:0}},{&quot;1&quot;:0,&quot;2&quot;:0,&quot;3&quot;:3},{&quot;1&quot;:1,&quot;2&quot;:0,&quot;4&quot;:1}]},&quot;6&quot;:{&quot;1&quot;:[{&quot;1&quot;:2,&quot;2&quot;:0,&quot;5&quot;:{&quot;1&quot;:2,&quot;2&quot;:0}},{&quot;1&quot;:0,&quot;2&quot;:0,&quot;3&quot;:3},{&quot;1&quot;:1,&quot;2&quot;:0,&quot;4&quot;:1}]},&quot;7&quot;:{&quot;1&quot;:[{&quot;1&quot;:2,&quot;2&quot;:0,&quot;5&quot;:{&quot;1&quot;:2,&quot;2&quot;:0}},{&quot;1&quot;:0,&quot;2&quot;:0,&quot;3&quot;:3},{&quot;1&quot;:1,&quot;2&quot;:0,&quot;4&quot;:1}]},&quot;8&quot;:{&quot;1&quot;:[{&quot;1&quot;:2,&quot;2&quot;:0,&quot;5&quot;:{&quot;1&quot;:2,&quot;2&quot;:0}},{&quot;1&quot;:0,&quot;2&quot;:0,&quot;3&quot;:3},{&quot;1&quot;:1,&quot;2&quot;:0,&quot;4&quot;:1}]},&quot;9&quot;:1,&quot;10&quot;:1,&quot;12&quot;:0,&quot;14&quot;:{&quot;1&quot;:2,&quot;2&quot;:0},&quot;15&quot;:&quot;Calibri&quot;}\">Helen Fernanda Barbosa Batista<\/span><\/strong><\/p>\n<p><span data-sheets-root=\"1\" data-sheets-value=\"{&quot;1&quot;:2,&quot;2&quot;:&quot;Este livro, baseado na Pol\u00edtica Nacional de Aten\u00e7\u00e3o Integral \u00e0 Sa\u00fade do Homem, enfatiza a assist\u00eancia \u00e0s necessidades de sa\u00fade do homem, a preven\u00e7\u00e3o da viol\u00eancia e de doen\u00e7as comuns nesse grupo populacional, bem como a promo\u00e7\u00e3o do planejamento reprodutivo.&quot;}\" data-sheets-userformat=\"{&quot;2&quot;:6911,&quot;3&quot;:{&quot;1&quot;:0},&quot;4&quot;:{&quot;1&quot;:2,&quot;2&quot;:16776960},&quot;5&quot;:{&quot;1&quot;:[{&quot;1&quot;:2,&quot;2&quot;:0,&quot;5&quot;:{&quot;1&quot;:2,&quot;2&quot;:0}},{&quot;1&quot;:0,&quot;2&quot;:0,&quot;3&quot;:3},{&quot;1&quot;:1,&quot;2&quot;:0,&quot;4&quot;:1}]},&quot;6&quot;:{&quot;1&quot;:[{&quot;1&quot;:2,&quot;2&quot;:0,&quot;5&quot;:{&quot;1&quot;:2,&quot;2&quot;:0}},{&quot;1&quot;:0,&quot;2&quot;:0,&quot;3&quot;:3},{&quot;1&quot;:1,&quot;2&quot;:0,&quot;4&quot;:1}]},&quot;7&quot;:{&quot;1&quot;:[{&quot;1&quot;:2,&quot;2&quot;:0,&quot;5&quot;:{&quot;1&quot;:2,&quot;2&quot;:0}},{&quot;1&quot;:0,&quot;2&quot;:0,&quot;3&quot;:3},{&quot;1&quot;:1,&quot;2&quot;:0,&quot;4&quot;:1}]},&quot;8&quot;:{&quot;1&quot;:[{&quot;1&quot;:2,&quot;2&quot;:0,&quot;5&quot;:{&quot;1&quot;:2,&quot;2&quot;:0}},{&quot;1&quot;:0,&quot;2&quot;:0,&quot;3&quot;:3},{&quot;1&quot;:1,&quot;2&quot;:0,&quot;4&quot;:1}]},&quot;9&quot;:1,&quot;10&quot;:1,&quot;12&quot;:0,&quot;14&quot;:{&quot;1&quot;:2,&quot;2&quot;:0},&quot;15&quot;:&quot;Calibri&quot;}\">Este livro, baseado na Pol\u00edtica Nacional de Aten\u00e7\u00e3o Integral \u00e0 Sa\u00fade do Homem, enfatiza a assist\u00eancia \u00e0s necessidades de sa\u00fade do homem, a preven\u00e7\u00e3o da viol\u00eancia e de doen\u00e7as comuns nesse grupo populacional, bem como a promo\u00e7\u00e3o do planejamento reprodutivo.<\/span><\/p>\n<div class=\"botao-livro-curso\"><button class=\"botao-demo\" data-gramm=\"false\"><a class=\"link-demo\" href=\"https:\/\/novo.nteditora.com.br\/demos\/tecnico\/PDT_livro_demo.pdf\" target=\"_blank\" rel=\"noopener\">Leia o primeiro cap\u00edtulo GR\u00c1TIS<\/a><\/button><\/div>\n","protected":false},"featured_media":2268,"template":"","meta":[],"product_brand":[],"product_cat":[17,16],"product_tag":[],"class_list":{"0":"post-2262","1":"product","2":"type-product","3":"status-publish","4":"has-post-thumbnail","6":"product_cat-ambiente-e-saude","7":"product_cat-formacao-tecnico-e-profissional","9":"first","10":"onbackorder","11":"taxable","12":"shipping-taxable","13":"purchasable","14":"product-type-simple"},"_links":{"self":[{"href":"http:\/\/novo.nteditora.com.br\/loja\/wp-json\/wp\/v2\/product\/2262","targetHints":{"allow":["GET"]}}],"collection":[{"href":"http:\/\/novo.nteditora.com.br\/loja\/wp-json\/wp\/v2\/product"}],"about":[{"href":"http:\/\/novo.nteditora.com.br\/loja\/wp-json\/wp\/v2\/types\/product"}],"wp:featuredmedia":[{"embeddable":true,"href":"http:\/\/novo.nteditora.com.br\/loja\/wp-json\/wp\/v2\/media\/2268"}],"wp:attachment":[{"href":"http:\/\/novo.nteditora.com.br\/loja\/wp-json\/wp\/v2\/media?parent=2262"}],"wp:term":[{"taxonomy":"product_brand","embeddable":true,"href":"http:\/\/novo.nteditora.com.br\/loja\/wp-json\/wp\/v2\/product_brand?post=2262"},{"taxonomy":"product_cat","embeddable":true,"href":"http:\/\/novo.nteditora.com.br\/loja\/wp-json\/wp\/v2\/product_cat?post=2262"},{"taxonomy":"product_tag","embeddable":true,"href":"http:\/\/novo.nteditora.com.br\/loja\/wp-json\/wp\/v2\/product_tag?post=2262"}],"curies":[{"name":"wp","href":"https:\/\/api.w.org\/{rel}","templated":true}]}}