{"id":2327,"date":"2024-05-08T00:50:21","date_gmt":"2024-05-08T03:50:21","guid":{"rendered":"https:\/\/novo.nteditora.com.br\/loja\/?post_type=product&#038;p=2327"},"modified":"2024-08-20T09:34:14","modified_gmt":"2024-08-20T12:34:14","slug":"sistema-de-gestao-ambiental-sga","status":"publish","type":"product","link":"http:\/\/novo.nteditora.com.br\/loja\/produto\/sistema-de-gestao-ambiental-sga\/","title":{"rendered":"Sistema de Gest\u00e3o Ambiental &#8211; SGA"},"content":{"rendered":"","protected":false},"excerpt":{"rendered":"<p><strong><span data-sheets-root=\"1\" data-sheets-value=\"{&quot;1&quot;:2,&quot;2&quot;:&quot;Ludmilson Roberto da Silva&quot;}\" data-sheets-userformat=\"{&quot;2&quot;:6911,&quot;3&quot;:{&quot;1&quot;:0},&quot;4&quot;:{&quot;1&quot;:2,&quot;2&quot;:16776960},&quot;5&quot;:{&quot;1&quot;:[{&quot;1&quot;:2,&quot;2&quot;:0,&quot;5&quot;:{&quot;1&quot;:2,&quot;2&quot;:0}},{&quot;1&quot;:0,&quot;2&quot;:0,&quot;3&quot;:3},{&quot;1&quot;:1,&quot;2&quot;:0,&quot;4&quot;:1}]},&quot;6&quot;:{&quot;1&quot;:[{&quot;1&quot;:2,&quot;2&quot;:0,&quot;5&quot;:{&quot;1&quot;:2,&quot;2&quot;:0}},{&quot;1&quot;:0,&quot;2&quot;:0,&quot;3&quot;:3},{&quot;1&quot;:1,&quot;2&quot;:0,&quot;4&quot;:1}]},&quot;7&quot;:{&quot;1&quot;:[{&quot;1&quot;:2,&quot;2&quot;:0,&quot;5&quot;:{&quot;1&quot;:2,&quot;2&quot;:0}},{&quot;1&quot;:0,&quot;2&quot;:0,&quot;3&quot;:3},{&quot;1&quot;:1,&quot;2&quot;:0,&quot;4&quot;:1}]},&quot;8&quot;:{&quot;1&quot;:[{&quot;1&quot;:2,&quot;2&quot;:0,&quot;5&quot;:{&quot;1&quot;:2,&quot;2&quot;:0}},{&quot;1&quot;:0,&quot;2&quot;:0,&quot;3&quot;:3},{&quot;1&quot;:1,&quot;2&quot;:0,&quot;4&quot;:1}]},&quot;9&quot;:1,&quot;10&quot;:1,&quot;12&quot;:0,&quot;14&quot;:{&quot;1&quot;:2,&quot;2&quot;:0},&quot;15&quot;:&quot;Calibri&quot;}\">Neide Silva Castro<\/span><\/strong><\/p>\n<p><span data-sheets-root=\"1\" data-sheets-value=\"{&quot;1&quot;:2,&quot;2&quot;:&quot;Nas \u00faltimas d\u00e9cadas, as preocupa\u00e7\u00f5es referentes \u00e0s quest\u00f5es ambientais se intensificaram de tal maneira que iniciativas dos variados setores da sociedade, no intuito de minimizar as consequ\u00eancias ocasionadas pelo uso desgovernado dos recursos naturais v\u00eam sido desenvolvidas. A atua\u00e7\u00e3o das empresas de maneira ambientalmente correta e respons\u00e1vel \u00e9 considerada um diferencial entre as empresas e, em breve, pode tornar-se um pr\u00e9-requisito. Al\u00e9m disso, aquelas que aderem a essa nova realidade t\u00eam muito mais chances no mercado competitivo e globalizado, j\u00e1 que os consumidores naturalmente se tornam cada vez mais exigentes. Nesse contexto, este material busca identificar, compreender e aplicar objetivos, finalidades, fundamentos e princ\u00edpios de gest\u00e3o ambiental e certifica\u00e7\u00e3o ambiental para implanta\u00e7\u00e3o, controle e gest\u00e3o de um Sistema de Gest\u00e3o Ambiental e de estrat\u00e9gias de produ\u00e7\u00e3o limpa e sustent\u00e1vel.&quot;}\" data-sheets-userformat=\"{&quot;2&quot;:6911,&quot;3&quot;:{&quot;1&quot;:0},&quot;4&quot;:{&quot;1&quot;:2,&quot;2&quot;:16777215},&quot;5&quot;:{&quot;1&quot;:[{&quot;1&quot;:2,&quot;2&quot;:0,&quot;5&quot;:{&quot;1&quot;:2,&quot;2&quot;:0}},{&quot;1&quot;:0,&quot;2&quot;:0,&quot;3&quot;:3},{&quot;1&quot;:1,&quot;2&quot;:0,&quot;4&quot;:1}]},&quot;6&quot;:{&quot;1&quot;:[{&quot;1&quot;:2,&quot;2&quot;:0,&quot;5&quot;:{&quot;1&quot;:2,&quot;2&quot;:0}},{&quot;1&quot;:0,&quot;2&quot;:0,&quot;3&quot;:3},{&quot;1&quot;:1,&quot;2&quot;:0,&quot;4&quot;:1}]},&quot;7&quot;:{&quot;1&quot;:[{&quot;1&quot;:2,&quot;2&quot;:0,&quot;5&quot;:{&quot;1&quot;:2,&quot;2&quot;:0}},{&quot;1&quot;:0,&quot;2&quot;:0,&quot;3&quot;:3},{&quot;1&quot;:1,&quot;2&quot;:0,&quot;4&quot;:1}]},&quot;8&quot;:{&quot;1&quot;:[{&quot;1&quot;:2,&quot;2&quot;:0,&quot;5&quot;:{&quot;1&quot;:2,&quot;2&quot;:0}},{&quot;1&quot;:0,&quot;2&quot;:0,&quot;3&quot;:3},{&quot;1&quot;:1,&quot;2&quot;:0,&quot;4&quot;:1}]},&quot;9&quot;:1,&quot;10&quot;:1,&quot;12&quot;:0,&quot;14&quot;:{&quot;1&quot;:2,&quot;2&quot;:0},&quot;15&quot;:&quot;Calibri&quot;}\">Nas \u00faltimas d\u00e9cadas, as preocupa\u00e7\u00f5es referentes \u00e0s quest\u00f5es ambientais se intensificaram de tal maneira que iniciativas dos variados setores da sociedade, no intuito de minimizar as consequ\u00eancias ocasionadas pelo uso desgovernado dos recursos naturais v\u00eam sido desenvolvidas. A atua\u00e7\u00e3o das empresas de maneira ambientalmente correta e respons\u00e1vel \u00e9 considerada um diferencial entre as empresas e, em breve, pode tornar-se um pr\u00e9-requisito. Al\u00e9m disso, aquelas que aderem a essa nova realidade t\u00eam muito mais chances no mercado competitivo e globalizado, j\u00e1 que os consumidores naturalmente se tornam cada vez mais exigentes. Nesse contexto, este material busca identificar, compreender e aplicar objetivos, finalidades, fundamentos e princ\u00edpios de gest\u00e3o ambiental e certifica\u00e7\u00e3o ambiental para implanta\u00e7\u00e3o, controle e gest\u00e3o de um Sistema de Gest\u00e3o Ambiental e de estrat\u00e9gias de produ\u00e7\u00e3o limpa e sustent\u00e1vel.<\/span><\/p>\n<div class=\"botao-livro-curso\"><button class=\"botao-demo\" data-gramm=\"false\" data-lt-tmp-id=\"lt-260394\"><a class=\"link-demo\" href=\"https:\/\/novo.nteditora.com.br\/demos\/tecnico\/SGA_livro_demo.pdf\" target=\"_blank\" rel=\"noopener\">Leia o primeiro cap\u00edtulo GR\u00c1TIS<\/a><\/button><\/div>\n<p>&nbsp;<\/p>\n","protected":false},"featured_media":2328,"template":"","meta":[],"product_brand":[],"product_cat":[17,16],"product_tag":[],"class_list":{"0":"post-2327","1":"product","2":"type-product","3":"status-publish","4":"has-post-thumbnail","6":"product_cat-ambiente-e-saude","7":"product_cat-formacao-tecnico-e-profissional","9":"first","10":"onbackorder","11":"taxable","12":"shipping-taxable","13":"purchasable","14":"product-type-simple"},"_links":{"self":[{"href":"http:\/\/novo.nteditora.com.br\/loja\/wp-json\/wp\/v2\/product\/2327","targetHints":{"allow":["GET"]}}],"collection":[{"href":"http:\/\/novo.nteditora.com.br\/loja\/wp-json\/wp\/v2\/product"}],"about":[{"href":"http:\/\/novo.nteditora.com.br\/loja\/wp-json\/wp\/v2\/types\/product"}],"wp:featuredmedia":[{"embeddable":true,"href":"http:\/\/novo.nteditora.com.br\/loja\/wp-json\/wp\/v2\/media\/2328"}],"wp:attachment":[{"href":"http:\/\/novo.nteditora.com.br\/loja\/wp-json\/wp\/v2\/media?parent=2327"}],"wp:term":[{"taxonomy":"product_brand","embeddable":true,"href":"http:\/\/novo.nteditora.com.br\/loja\/wp-json\/wp\/v2\/product_brand?post=2327"},{"taxonomy":"product_cat","embeddable":true,"href":"http:\/\/novo.nteditora.com.br\/loja\/wp-json\/wp\/v2\/product_cat?post=2327"},{"taxonomy":"product_tag","embeddable":true,"href":"http:\/\/novo.nteditora.com.br\/loja\/wp-json\/wp\/v2\/product_tag?post=2327"}],"curies":[{"name":"wp","href":"https:\/\/api.w.org\/{rel}","templated":true}]}}