{"id":2330,"date":"2024-05-08T00:31:29","date_gmt":"2024-05-08T03:31:29","guid":{"rendered":"https:\/\/novo.nteditora.com.br\/loja\/?post_type=product&#038;p=2330"},"modified":"2024-08-20T09:34:09","modified_gmt":"2024-08-20T12:34:09","slug":"introducao-ao-sus","status":"publish","type":"product","link":"http:\/\/novo.nteditora.com.br\/loja\/produto\/introducao-ao-sus\/","title":{"rendered":"Introdu\u00e7\u00e3o ao SUS"},"content":{"rendered":"","protected":false},"excerpt":{"rendered":"<p><strong><span data-sheets-root=\"1\" data-sheets-value=\"{&quot;1&quot;:2,&quot;2&quot;:&quot;Ludmilson Roberto da Silva&quot;}\" data-sheets-userformat=\"{&quot;2&quot;:6911,&quot;3&quot;:{&quot;1&quot;:0},&quot;4&quot;:{&quot;1&quot;:2,&quot;2&quot;:16776960},&quot;5&quot;:{&quot;1&quot;:[{&quot;1&quot;:2,&quot;2&quot;:0,&quot;5&quot;:{&quot;1&quot;:2,&quot;2&quot;:0}},{&quot;1&quot;:0,&quot;2&quot;:0,&quot;3&quot;:3},{&quot;1&quot;:1,&quot;2&quot;:0,&quot;4&quot;:1}]},&quot;6&quot;:{&quot;1&quot;:[{&quot;1&quot;:2,&quot;2&quot;:0,&quot;5&quot;:{&quot;1&quot;:2,&quot;2&quot;:0}},{&quot;1&quot;:0,&quot;2&quot;:0,&quot;3&quot;:3},{&quot;1&quot;:1,&quot;2&quot;:0,&quot;4&quot;:1}]},&quot;7&quot;:{&quot;1&quot;:[{&quot;1&quot;:2,&quot;2&quot;:0,&quot;5&quot;:{&quot;1&quot;:2,&quot;2&quot;:0}},{&quot;1&quot;:0,&quot;2&quot;:0,&quot;3&quot;:3},{&quot;1&quot;:1,&quot;2&quot;:0,&quot;4&quot;:1}]},&quot;8&quot;:{&quot;1&quot;:[{&quot;1&quot;:2,&quot;2&quot;:0,&quot;5&quot;:{&quot;1&quot;:2,&quot;2&quot;:0}},{&quot;1&quot;:0,&quot;2&quot;:0,&quot;3&quot;:3},{&quot;1&quot;:1,&quot;2&quot;:0,&quot;4&quot;:1}]},&quot;9&quot;:1,&quot;10&quot;:1,&quot;12&quot;:0,&quot;14&quot;:{&quot;1&quot;:2,&quot;2&quot;:0},&quot;15&quot;:&quot;Calibri&quot;}\">Elisangela de Oliveira Novais Brito e Kyara Michelline Fran\u00e7a Nascimento<\/span><\/strong><\/p>\n<p><span data-sheets-root=\"1\" data-sheets-value=\"{&quot;1&quot;:2,&quot;2&quot;:&quot;Este material apresenta a hist\u00f3ria de constru\u00e7\u00e3o do sistema de sa\u00fade no Brasil at\u00e9 o surgimento do Sistema \u00danico de Sa\u00fade \u2013 SUS, cuja proposta foi descrita na Constitui\u00e7\u00e3o Federal de 1988, al\u00e9m disso mostra as normas legais relacionadas ao SUS e o papel do governo federal, estadual e municipal em sua gest\u00e3o. Apresenta, ainda, as diretrizes, as pol\u00edticas, os programas e as diferentes redes de atua\u00e7\u00e3o de sa\u00fade propostas pelo Minist\u00e9rio da Sa\u00fade, com \u00eanfase no conhecimento sobre a Pol\u00edtica Nacional de Aten\u00e7\u00e3o B\u00e1sica e o Programa Sa\u00fade da Fam\u00edlia - \u00e1rea de atua\u00e7\u00e3o do agente comunit\u00e1rio de sa\u00fade.&quot;}\" data-sheets-userformat=\"{&quot;2&quot;:6909,&quot;3&quot;:{&quot;1&quot;:0},&quot;5&quot;:{&quot;1&quot;:[{&quot;1&quot;:2,&quot;2&quot;:0,&quot;5&quot;:{&quot;1&quot;:2,&quot;2&quot;:0}},{&quot;1&quot;:0,&quot;2&quot;:0,&quot;3&quot;:3},{&quot;1&quot;:1,&quot;2&quot;:0,&quot;4&quot;:1}]},&quot;6&quot;:{&quot;1&quot;:[{&quot;1&quot;:2,&quot;2&quot;:0,&quot;5&quot;:{&quot;1&quot;:2,&quot;2&quot;:0}},{&quot;1&quot;:0,&quot;2&quot;:0,&quot;3&quot;:3},{&quot;1&quot;:1,&quot;2&quot;:0,&quot;4&quot;:1}]},&quot;7&quot;:{&quot;1&quot;:[{&quot;1&quot;:2,&quot;2&quot;:0,&quot;5&quot;:{&quot;1&quot;:2,&quot;2&quot;:0}},{&quot;1&quot;:0,&quot;2&quot;:0,&quot;3&quot;:3},{&quot;1&quot;:1,&quot;2&quot;:0,&quot;4&quot;:1}]},&quot;8&quot;:{&quot;1&quot;:[{&quot;1&quot;:2,&quot;2&quot;:0,&quot;5&quot;:{&quot;1&quot;:2,&quot;2&quot;:0}},{&quot;1&quot;:0,&quot;2&quot;:0,&quot;3&quot;:3},{&quot;1&quot;:1,&quot;2&quot;:0,&quot;4&quot;:1}]},&quot;9&quot;:1,&quot;10&quot;:1,&quot;12&quot;:0,&quot;14&quot;:{&quot;1&quot;:2,&quot;2&quot;:0},&quot;15&quot;:&quot;Calibri&quot;}\">Este material apresenta a hist\u00f3ria de constru\u00e7\u00e3o do sistema de sa\u00fade no Brasil at\u00e9 o surgimento do Sistema \u00danico de Sa\u00fade \u2013 SUS, cuja proposta foi descrita na Constitui\u00e7\u00e3o Federal de 1988, al\u00e9m disso mostra as normas legais relacionadas ao SUS e o papel do governo federal, estadual e municipal em sua gest\u00e3o. Apresenta, ainda, as diretrizes, as pol\u00edticas, os programas e as diferentes redes de atua\u00e7\u00e3o de sa\u00fade propostas pelo Minist\u00e9rio da Sa\u00fade, com \u00eanfase no conhecimento sobre a Pol\u00edtica Nacional de Aten\u00e7\u00e3o B\u00e1sica e o Programa Sa\u00fade da Fam\u00edlia &#8211; \u00e1rea de atua\u00e7\u00e3o do agente comunit\u00e1rio de sa\u00fade.<\/span><\/p>\n<div class=\"botao-livro-curso\"><button class=\"botao-demo\" data-gramm=\"false\"><a class=\"link-demo\" href=\"https:\/\/novo.nteditora.com.br\/demos\/tecnico\/SUS_livro_demo.pdf\" target=\"_blank\" rel=\"noopener\">Leia o primeiro cap\u00edtulo GR\u00c1TIS<\/a><\/button><\/div>\n","protected":false},"featured_media":2331,"template":"","meta":[],"product_brand":[],"product_cat":[17,16],"product_tag":[],"class_list":{"0":"post-2330","1":"product","2":"type-product","3":"status-publish","4":"has-post-thumbnail","6":"product_cat-ambiente-e-saude","7":"product_cat-formacao-tecnico-e-profissional","9":"first","10":"onbackorder","11":"taxable","12":"shipping-taxable","13":"purchasable","14":"product-type-simple"},"_links":{"self":[{"href":"http:\/\/novo.nteditora.com.br\/loja\/wp-json\/wp\/v2\/product\/2330","targetHints":{"allow":["GET"]}}],"collection":[{"href":"http:\/\/novo.nteditora.com.br\/loja\/wp-json\/wp\/v2\/product"}],"about":[{"href":"http:\/\/novo.nteditora.com.br\/loja\/wp-json\/wp\/v2\/types\/product"}],"wp:featuredmedia":[{"embeddable":true,"href":"http:\/\/novo.nteditora.com.br\/loja\/wp-json\/wp\/v2\/media\/2331"}],"wp:attachment":[{"href":"http:\/\/novo.nteditora.com.br\/loja\/wp-json\/wp\/v2\/media?parent=2330"}],"wp:term":[{"taxonomy":"product_brand","embeddable":true,"href":"http:\/\/novo.nteditora.com.br\/loja\/wp-json\/wp\/v2\/product_brand?post=2330"},{"taxonomy":"product_cat","embeddable":true,"href":"http:\/\/novo.nteditora.com.br\/loja\/wp-json\/wp\/v2\/product_cat?post=2330"},{"taxonomy":"product_tag","embeddable":true,"href":"http:\/\/novo.nteditora.com.br\/loja\/wp-json\/wp\/v2\/product_tag?post=2330"}],"curies":[{"name":"wp","href":"https:\/\/api.w.org\/{rel}","templated":true}]}}