{"id":25,"date":"2024-05-11T00:03:59","date_gmt":"2024-05-11T03:03:59","guid":{"rendered":"https:\/\/novo.nteditora.com.br\/loja\/?post_type=product&#038;p=25"},"modified":"2024-08-20T09:34:02","modified_gmt":"2024-08-20T12:34:02","slug":"administracao-de-vendas","status":"publish","type":"product","link":"http:\/\/novo.nteditora.com.br\/loja\/produto\/administracao-de-vendas\/","title":{"rendered":"Administra\u00e7\u00e3o de Vendas"},"content":{"rendered":"","protected":false},"excerpt":{"rendered":"<p><strong>Iran Barros Nunes<\/strong><\/p>\n<p>Este material \u00e9 voltado a profissionais que visam a se aperfei\u00e7oar na gest\u00e3o e na administra\u00e7\u00e3o de equipes de vendas em empresas comerciais. Ele apresenta t\u00e9cnicas de gest\u00e3o de equipes de vendas, iniciando com conceitos b\u00e1sicos e, depois, passando pelo planejamento, pelo controle e pela forma\u00e7\u00e3o de equipes de vendas.<\/p>\n<div class=\"botao-livro-curso\"><button class=\"botao-demo\"><a class=\"link-demo\" href=\"https:\/\/novo.nteditora.com.br\/demos\/tecnico\/ADV_livro_demo.pdf\" target=\"_blank\" rel=\"noopener\">Leia o primeiro cap\u00edtulo GR\u00c1TIS<\/a><\/button><\/div>\n","protected":false},"featured_media":55,"template":"","meta":[],"product_brand":[],"product_cat":[16,18],"product_tag":[],"class_list":{"0":"post-25","1":"product","2":"type-product","3":"status-publish","4":"has-post-thumbnail","6":"product_cat-formacao-tecnico-e-profissional","7":"product_cat-gestao-e-negocios","9":"first","10":"onbackorder","11":"taxable","12":"shipping-taxable","13":"purchasable","14":"product-type-simple"},"_links":{"self":[{"href":"http:\/\/novo.nteditora.com.br\/loja\/wp-json\/wp\/v2\/product\/25","targetHints":{"allow":["GET"]}}],"collection":[{"href":"http:\/\/novo.nteditora.com.br\/loja\/wp-json\/wp\/v2\/product"}],"about":[{"href":"http:\/\/novo.nteditora.com.br\/loja\/wp-json\/wp\/v2\/types\/product"}],"wp:featuredmedia":[{"embeddable":true,"href":"http:\/\/novo.nteditora.com.br\/loja\/wp-json\/wp\/v2\/media\/55"}],"wp:attachment":[{"href":"http:\/\/novo.nteditora.com.br\/loja\/wp-json\/wp\/v2\/media?parent=25"}],"wp:term":[{"taxonomy":"product_brand","embeddable":true,"href":"http:\/\/novo.nteditora.com.br\/loja\/wp-json\/wp\/v2\/product_brand?post=25"},{"taxonomy":"product_cat","embeddable":true,"href":"http:\/\/novo.nteditora.com.br\/loja\/wp-json\/wp\/v2\/product_cat?post=25"},{"taxonomy":"product_tag","embeddable":true,"href":"http:\/\/novo.nteditora.com.br\/loja\/wp-json\/wp\/v2\/product_tag?post=25"}],"curies":[{"name":"wp","href":"https:\/\/api.w.org\/{rel}","templated":true}]}}