{"id":2651,"date":"2024-05-11T01:05:08","date_gmt":"2024-05-11T04:05:08","guid":{"rendered":"https:\/\/novo.nteditora.com.br\/loja\/?post_type=product&#038;p=2651"},"modified":"2024-08-20T09:34:10","modified_gmt":"2024-08-20T12:34:10","slug":"matematica-financeira","status":"publish","type":"product","link":"http:\/\/novo.nteditora.com.br\/loja\/produto\/matematica-financeira\/","title":{"rendered":"Matem\u00e1tica Financeira"},"content":{"rendered":"","protected":false},"excerpt":{"rendered":"<p><strong>Maria Am\u00e9lia de Paula Dias<\/strong><\/p>\n<p>A Matem\u00e1tica Financeira \u00e9 o ramo da Matem\u00e1tica Aplicada que estuda o comportamento do dinheiro no tempo. Ela \u00e9 amplamente utilizada em opera\u00e7\u00f5es de financiamento como, por exemplo, cr\u00e9dito a pessoas f\u00edsicas e empresas, financiamentos habitacionais, cr\u00e9dito direto ao consumidor em opera\u00e7\u00f5es de investimentos mobili\u00e1rios, opera\u00e7\u00f5es banc\u00e1rias, dentre outras. A Matem\u00e1tica Financeira busca quantificar as transa\u00e7\u00f5es que ocorrem no universo financeiro levando em conta as vari\u00e1veis tempo, taxa de juros e o capital investido. Este livro \u00e9 indicado para alunos dos livros t\u00e9cnicos de todas as \u00e1reas, bem como para alunos de gradua\u00e7\u00e3o em Administra\u00e7\u00e3o, Economia, Ci\u00eancias Cont\u00e1beis e Atuariais e tamb\u00e9m como refer\u00eancia para profissionais que atuam nas \u00e1reas financeira e comercial.<\/p>\n<div class=\"botao-livro-curso\"><button class=\"botao-demo\" data-lt-tmp-id=\"lt-30890\" data-gramm=\"false\"><a class=\"link-demo\" href=\"https:\/\/novo.nteditora.com.br\/demos\/tecnico\/MAf_livro_demo.pdf\" target=\"_blank\" rel=\"noopener\">Leia o primeiro cap\u00edtulo GR\u00c1TIS<\/a><\/button><\/div>\n<p>&nbsp;<\/p>\n","protected":false},"featured_media":2652,"template":"","meta":[],"product_brand":[],"product_cat":[16,18],"product_tag":[],"class_list":{"0":"post-2651","1":"product","2":"type-product","3":"status-publish","4":"has-post-thumbnail","6":"product_cat-formacao-tecnico-e-profissional","7":"product_cat-gestao-e-negocios","9":"first","10":"onbackorder","11":"taxable","12":"shipping-taxable","13":"purchasable","14":"product-type-simple"},"_links":{"self":[{"href":"http:\/\/novo.nteditora.com.br\/loja\/wp-json\/wp\/v2\/product\/2651","targetHints":{"allow":["GET"]}}],"collection":[{"href":"http:\/\/novo.nteditora.com.br\/loja\/wp-json\/wp\/v2\/product"}],"about":[{"href":"http:\/\/novo.nteditora.com.br\/loja\/wp-json\/wp\/v2\/types\/product"}],"wp:featuredmedia":[{"embeddable":true,"href":"http:\/\/novo.nteditora.com.br\/loja\/wp-json\/wp\/v2\/media\/2652"}],"wp:attachment":[{"href":"http:\/\/novo.nteditora.com.br\/loja\/wp-json\/wp\/v2\/media?parent=2651"}],"wp:term":[{"taxonomy":"product_brand","embeddable":true,"href":"http:\/\/novo.nteditora.com.br\/loja\/wp-json\/wp\/v2\/product_brand?post=2651"},{"taxonomy":"product_cat","embeddable":true,"href":"http:\/\/novo.nteditora.com.br\/loja\/wp-json\/wp\/v2\/product_cat?post=2651"},{"taxonomy":"product_tag","embeddable":true,"href":"http:\/\/novo.nteditora.com.br\/loja\/wp-json\/wp\/v2\/product_tag?post=2651"}],"curies":[{"name":"wp","href":"https:\/\/api.w.org\/{rel}","templated":true}]}}