{"id":290,"date":"2024-05-28T00:29:15","date_gmt":"2024-05-28T03:29:15","guid":{"rendered":"https:\/\/novo.nteditora.com.br\/loja\/?post_type=product&#038;p=290"},"modified":"2024-08-20T15:32:48","modified_gmt":"2024-08-20T18:32:48","slug":"combo-livro-curso-introducao-a-profissao-em-enfermagem","status":"publish","type":"product","link":"http:\/\/novo.nteditora.com.br\/loja\/produto\/combo-livro-curso-introducao-a-profissao-em-enfermagem\/","title":{"rendered":"Combo Livro + Curso | Introdu\u00e7\u00e3o \u00c0 Profiss\u00e3o em Enfermagem"},"content":{"rendered":"","protected":false},"excerpt":{"rendered":"<p>Neste combo, voc\u00ea ter\u00e1 acesso ao <strong>Livro e o Curso Online de Introdu\u00e7\u00e3o \u00c0 Profiss\u00e3o em Enfermagem<\/strong>.<\/p>\n<p>A Enfermagem \u00e9 a ci\u00eancia que tem como enfoque a assist\u00eancia e o cuidado ao ser humano, tanto no \u00e2mbito individual como no comunit\u00e1rio e familiar de forma integral, e deve ser desenvolvida em equipe ou de forma aut\u00f4noma em atividades que englobam promo\u00e7\u00e3o, prote\u00e7\u00e3o, preven\u00e7\u00e3o e reabilita\u00e7\u00e3o da sa\u00fade. O livro Introdu\u00e7\u00e3o \u00e0 Profiss\u00e3o Enfermagem foi elaborado com o objetivo de capacitar o leitor a identificar a ess\u00eancia do cuidar na Enfermagem, a diferenciar as atribui\u00e7\u00f5es nas categorias profissionais de Enfermagem e a identificar, compreender e aplicar os conceitos b\u00e1sicos que permeiam o dia a dia da profiss\u00e3o.<\/p>\n<p><strong>Informa\u00e7\u00f5es do Curso:<\/strong><\/p>\n<ul>\n<li><strong>Tempo para Conclus\u00e3o:<\/strong> 2 meses<\/li>\n<li><strong>Carga hor\u00e1ria:<\/strong> 40 h<\/li>\n<\/ul>\n<div class=\"botao-livro-curso\"><button class=\"botao-demo\"><a class=\"link-demo\" href=\"https:\/\/novo.nteditora.com.br\/demos\/tecnico\/IPE_livro_demo.pdf\" target=\"_blank\" rel=\"noopener\">Leia o primeiro cap\u00edtulo GR\u00c1TIS<\/a><\/button><br \/>\n<button class=\"botao-demo\"><a class=\"link-demo\" href=\"https:\/\/avant.grupont.com.br\/dirVirtualLMS\/portais\/demos-html5\/ipe\/index.html\" target=\"_blank\" rel=\"noopener\">Fa\u00e7a um degusta\u00e7\u00e3o GR\u00c1TIS<\/a><\/button><\/div>\n","protected":false},"featured_media":397,"template":"","meta":[],"product_brand":[],"product_cat":[29],"product_tag":[],"class_list":{"0":"post-290","1":"product","2":"type-product","3":"status-publish","4":"has-post-thumbnail","6":"product_cat-combos","8":"first","9":"instock","10":"sold-individually","11":"taxable","12":"shipping-taxable","13":"purchasable","14":"product-type-wooco"},"_links":{"self":[{"href":"http:\/\/novo.nteditora.com.br\/loja\/wp-json\/wp\/v2\/product\/290","targetHints":{"allow":["GET"]}}],"collection":[{"href":"http:\/\/novo.nteditora.com.br\/loja\/wp-json\/wp\/v2\/product"}],"about":[{"href":"http:\/\/novo.nteditora.com.br\/loja\/wp-json\/wp\/v2\/types\/product"}],"wp:featuredmedia":[{"embeddable":true,"href":"http:\/\/novo.nteditora.com.br\/loja\/wp-json\/wp\/v2\/media\/397"}],"wp:attachment":[{"href":"http:\/\/novo.nteditora.com.br\/loja\/wp-json\/wp\/v2\/media?parent=290"}],"wp:term":[{"taxonomy":"product_brand","embeddable":true,"href":"http:\/\/novo.nteditora.com.br\/loja\/wp-json\/wp\/v2\/product_brand?post=290"},{"taxonomy":"product_cat","embeddable":true,"href":"http:\/\/novo.nteditora.com.br\/loja\/wp-json\/wp\/v2\/product_cat?post=290"},{"taxonomy":"product_tag","embeddable":true,"href":"http:\/\/novo.nteditora.com.br\/loja\/wp-json\/wp\/v2\/product_tag?post=290"}],"curies":[{"name":"wp","href":"https:\/\/api.w.org\/{rel}","templated":true}]}}